{"id":10213,"date":"2023-11-28T18:43:42","date_gmt":"2023-11-28T21:43:42","guid":{"rendered":"https:\/\/ajupe.com.uy\/web\/?page_id=10213"},"modified":"2024-04-03T13:30:19","modified_gmt":"2024-04-03T16:30:19","slug":"quienes-somos","status":"publish","type":"page","link":"https:\/\/ajupe.com.uy\/web\/quienes-somos\/","title":{"rendered":"\u00bfQui\u00e9nes somos?"},"content":{"rendered":"\n<div class=\"wp-block-stackable-columns alignfull stk-block-columns stk-block stk-cdb99f5\" data-block-id=\"cdb99f5\"><style>.stk-cdb99f5{margin-right:1% !important;margin-left:3% !important}@media screen and (max-width:689px){.stk-cdb99f5{padding-top:0px !important;padding-right:0px !important;padding-bottom:0px !important;padding-left:0px !important;margin-top:5% !important;margin-right:6% !important;margin-left:6% !important}}<\/style><div class=\"stk-row stk-inner-blocks stk-block-content stk-content-align stk-cdb99f5-column alignfull\">\n<div class=\"wp-block-stackable-column stk-block-column stk-column stk-block stk-367d784\" data-v=\"4\" data-block-id=\"367d784\"><style>.stk-367d784-container{margin-top:0px !important;margin-right:20px !important;margin-bottom:0px !important;margin-left:0px !important}.stk-367d784{padding-right:15% !important}@media screen and (max-width:689px){.stk-367d784-container{margin-top:0px !important;margin-right:0px !important;margin-bottom:0px !important;margin-left:0px !important}.stk-367d784{padding-top:0px !important;padding-right:0px !important;padding-bottom:0px !important;padding-left:0px !important;margin-top:0px !important;margin-right:0px !important;margin-bottom:0px !important;margin-left:0px !important}}<\/style><div class=\"stk-column-wrapper stk-block-column__content stk-container stk-367d784-container stk--no-background stk--no-padding\"><div class=\"stk-block-content stk-inner-blocks stk-367d784-inner-blocks\">\n<div class=\"wp-block-stackable-heading stk-block-heading stk-block-heading--v2 stk-block stk-1a901b7\" id=\"sobre-nosotros\" data-block-id=\"1a901b7\"><style>.stk-1a901b7 .stk-block-heading__text{font-size:60px !important}@media screen and (max-width:999px){.stk-1a901b7 .stk-block-heading__text{font-size:50px !important}}@media screen and (max-width:689px){.stk-1a901b7 .stk-block-heading__text{line-height:1em !important}}<\/style><h2 class=\"stk-block-heading__text\">Sobre nosotros<\/h2><\/div>\n\n\n\n<div class=\"wp-block-stackable-text stk-block-text stk-block stk-256a168\" data-block-id=\"256a168\"><style>.stk-256a168 .stk-block-text__text{font-size:20px !important}@media screen and (max-width:999px){.stk-256a168 .stk-block-text__text{font-size:20px !important}}<\/style><p class=\"stk-block-text__text has-text-align-justify\">En A.JU.PE. (Asociaci\u00f3n de Jubilados y Pensionistas Bancarios del Uruguay), nos enorgullece ser una asociaci\u00f3n gremial sin fines de lucro con una rica historia y un compromiso inquebrantable con nuestros miembros. Nuestros prop\u00f3sitos fundamentales est\u00e1n arraigados en la creencia de que todos nuestros asociados, ya sean pasivos o activos en general, merecen un bienestar digno en sus a\u00f1os de jubilaci\u00f3n.<\/p><\/div>\n\n\n\n<div class=\"wp-block-stackable-image stk-block-image stk-block stk-2ce4ff1\" data-block-id=\"2ce4ff1\"><figure><span class=\"stk-img-wrapper stk-image--shape-stretch\"><img loading=\"lazy\" decoding=\"async\" class=\"stk-img wp-image-10649\" src=\"https:\/\/ajupe.com.uy\/web\/wp-content\/uploads\/2024\/03\/AJUPE-237-webp.webp\" width=\"1504\" height=\"1004\" alt=\"Imagen de algunos miembres de AJUPE (Asociaci\u00f3n de Jubilados y Pensionistas Bancarios del Uruguay).\" srcset=\"https:\/\/ajupe.com.uy\/web\/wp-content\/uploads\/2024\/03\/AJUPE-237-webp.webp 1504w, https:\/\/ajupe.com.uy\/web\/wp-content\/uploads\/2024\/03\/AJUPE-237-webp-300x200.webp 300w, https:\/\/ajupe.com.uy\/web\/wp-content\/uploads\/2024\/03\/AJUPE-237-webp-1024x684.webp 1024w, https:\/\/ajupe.com.uy\/web\/wp-content\/uploads\/2024\/03\/AJUPE-237-webp-768x513.webp 768w\" sizes=\"auto, (max-width: 1504px) 100vw, 1504px\" \/><\/span><\/figure><\/div>\n\n\n\n<div class=\"wp-block-stackable-heading stk-block-heading stk-block-heading--v2 stk-block stk-719dc00\" id=\"strong-un-legado-de-70-anos-strong\" data-block-id=\"719dc00\"><style>.stk-719dc00 .stk-block-heading__text{font-size:35px !important}@media screen and (max-width:999px){.stk-719dc00 .stk-block-heading__text{font-size:35px !important}}@media screen and (max-width:689px){.stk-719dc00 .stk-block-heading__text{line-height:1em !important}}<\/style><h2 class=\"stk-block-heading__text\"><strong>Un legado de 70 A\u00f1os<\/strong><\/h2><\/div>\n\n\n\n<div class=\"wp-block-stackable-text stk-block-text stk-block stk-2200726\" data-block-id=\"2200726\"><style>.stk-2200726 .stk-block-text__text{font-size:20px !important}@media screen and (max-width:999px){.stk-2200726 .stk-block-text__text{font-size:20px !important}}<\/style><p class=\"stk-block-text__text has-text-align-justify\">Nuestra historia se remonta al 2 de mayo de 1953, cuando un grupo de jubilados bancarios se reuni\u00f3 en el \u00abAteneo de Montevideo\u00bb con una visi\u00f3n clara: asegurar un nivel de vida decoroso y enriquecedor para todos nuestros asociados. Desde entonces, hemos trabajado incansablemente para cumplir con esta misi\u00f3n. A lo largo de los a\u00f1os, hemos llevado a cabo actividades culturales, sociales y econ\u00f3micas que han fortalecido nuestra comunidad y han enriquecido nuestras vidas de muchas maneras.<\/p><\/div>\n\n\n\n<div class=\"wp-block-stackable-heading stk-block-heading stk-block-heading--v2 stk-block stk-8484f4f\" id=\"strong-nuestra-independencia-y-valores-strong\" data-block-id=\"8484f4f\"><style>.stk-8484f4f .stk-block-heading__text{font-size:35px !important}@media screen and (max-width:999px){.stk-8484f4f .stk-block-heading__text{font-size:35px !important}}@media screen and (max-width:689px){.stk-8484f4f .stk-block-heading__text{line-height:1em !important}}<\/style><h2 class=\"stk-block-heading__text\"><strong>Nuestra Independencia y Valores<\/strong><\/h2><\/div>\n\n\n\n<div class=\"wp-block-stackable-text stk-block-text stk-block stk-e29d184\" data-block-id=\"e29d184\"><style>.stk-e29d184 .stk-block-text__text{font-size:20px !important}@media screen and (max-width:999px){.stk-e29d184 .stk-block-text__text{font-size:20px !important}}<\/style><p class=\"stk-block-text__text has-text-align-justify\">En AJUPE, somos una instituci\u00f3n totalmente independiente de cualquier sindicato u organizaci\u00f3n pol\u00edtica, religiosa o filos\u00f3fica. Esta independencia es fundamental para nosotros y garantiza que nuestros esfuerzos est\u00e9n centrados exclusivamente en el bienestar de nuestros miembros.<\/p><\/div>\n<\/div><\/div><\/div>\n\n\n\n<div class=\"wp-block-stackable-column stk-block-column stk-column stk-block stk-6ee0429\" data-v=\"4\" data-block-id=\"6ee0429\"><style>.stk-6ee0429-container{margin-top:0px !important;margin-right:0px !important;margin-bottom:0px !important;margin-left:20px !important;max-width:100% !important}.stk-6ee0429{padding-left:5% !important}@media screen and (max-width:689px){.stk-6ee0429-container{margin-top:0px !important;margin-right:0px !important;margin-bottom:0px !important;margin-left:0px !important}.stk-6ee0429{padding-top:0px !important;padding-right:0px !important;padding-bottom:0px !important;padding-left:0px !important}}<\/style><div class=\"stk-column-wrapper stk-block-column__content stk-container stk-6ee0429-container stk--no-background stk--no-padding\"><div class=\"stk-block-content stk-inner-blocks stk-6ee0429-inner-blocks\">\n<div class=\"wp-block-stackable-image stk-block-image stk-block stk-4f8d065\" data-block-id=\"4f8d065\"><figure><span class=\"stk-img-wrapper stk-image--shape-stretch\"><img loading=\"lazy\" decoding=\"async\" class=\"stk-img wp-image-10646\" src=\"https:\/\/ajupe.com.uy\/web\/wp-content\/uploads\/2024\/03\/Local-editado.webp\" width=\"1080\" height=\"1440\" srcset=\"https:\/\/ajupe.com.uy\/web\/wp-content\/uploads\/2024\/03\/Local-editado.webp 1080w, https:\/\/ajupe.com.uy\/web\/wp-content\/uploads\/2024\/03\/Local-editado-225x300.webp 225w, https:\/\/ajupe.com.uy\/web\/wp-content\/uploads\/2024\/03\/Local-editado-768x1024.webp 768w, https:\/\/ajupe.com.uy\/web\/wp-content\/uploads\/2024\/03\/Local-editado-300x400.webp 300w\" sizes=\"auto, (max-width: 1080px) 100vw, 1080px\" \/><\/span><\/figure><\/div>\n\n\n\n<div class=\"wp-block-stackable-heading stk-block-heading stk-block-heading--v2 stk-block stk-d1e5387\" id=\"strong-liderazgo-y-participacion-activa-strong\" data-block-id=\"d1e5387\"><style>.stk-d1e5387 .stk-block-heading__text{font-size:35px !important}@media screen and (max-width:999px){.stk-d1e5387 .stk-block-heading__text{font-size:35px !important}}@media screen and (max-width:689px){.stk-d1e5387 .stk-block-heading__text{line-height:1em !important}}<\/style><h2 class=\"stk-block-heading__text\"><strong>Liderazgo y participaci\u00f3n activa<\/strong><\/h2><\/div>\n\n\n\n<div class=\"wp-block-stackable-text stk-block-text stk-block stk-671e9c3\" data-block-id=\"671e9c3\"><style>.stk-671e9c3 .stk-block-text__text{font-size:20px !important}@media screen and (max-width:999px){.stk-671e9c3 .stk-block-text__text{font-size:20px !important}}<\/style><p class=\"stk-block-text__text has-text-align-justify\">Nuestra asociaci\u00f3n se rige por principios democr\u00e1ticos, con autoridades elegidas cada dos a\u00f1os entre nuestros afiliados. Esto fomenta la participaci\u00f3n activa de nuestros miembros en la toma de decisiones y garantiza que sus voces sean escuchadas y representadas en nuestra gesti\u00f3n.<\/p><\/div>\n\n\n\n<div class=\"wp-block-stackable-heading stk-block-heading stk-block-heading--v2 stk-block stk-3030f19\" id=\"strong-promoviendo-la-elevacion-moral-e-intelectual-strong\" data-block-id=\"3030f19\"><style>.stk-3030f19 .stk-block-heading__text{font-size:35px !important}@media screen and (max-width:999px){.stk-3030f19 .stk-block-heading__text{font-size:35px !important}}@media screen and (max-width:689px){.stk-3030f19 .stk-block-heading__text{line-height:1em !important}}<\/style><h2 class=\"stk-block-heading__text\"><strong>Promoviendo la elevaci\u00f3n moral e intelectual<\/strong><\/h2><\/div>\n\n\n\n<div class=\"wp-block-stackable-text stk-block-text stk-block stk-1d95f54\" data-block-id=\"1d95f54\"><style>.stk-1d95f54 .stk-block-text__text{font-size:20px !important}@media screen and (max-width:999px){.stk-1d95f54 .stk-block-text__text{font-size:20px !important}}<\/style><p class=\"stk-block-text__text has-text-align-justify\">Nuestro compromiso no se limita solo a proporcionar bienestar econ\u00f3mico. Tambi\u00e9n estamos dedicados a promover la elevaci\u00f3n moral e intelectual de nuestros asociados. Ofrecemos una variedad de actividades enriquecedoras desde el punto de vista social y cultural para nutrir el crecimiento personal y comunitario.<\/p><\/div>\n\n\n\n<div class=\"wp-block-stackable-text stk-block-text stk-block stk-f4c806f\" data-block-id=\"f4c806f\"><p class=\"stk-block-text__text\"><\/p><\/div>\n<\/div><\/div><\/div>\n<\/div><\/div>\n\n\n\n<div class=\"wp-block-stackable-spacer stk-block-spacer stk--no-padding stk-block stk-7c3c2dc\" data-block-id=\"7c3c2dc\"><style>.stk-7c3c2dc{height:70px !important}<\/style><\/div>\n\n\n\n<div class=\"wp-block-stackable-columns alignfull stk-block-columns stk-block stk-9c0474a\" data-block-id=\"9c0474a\"><style>.stk-9c0474a{margin-right:1% !important;margin-bottom:0% !important;margin-left:3% !important}@media screen and (max-width:689px){.stk-9c0474a{margin-right:6% !important;margin-left:6% !important}}<\/style><div class=\"stk-row stk-inner-blocks stk-block-content stk-content-align stk-9c0474a-column alignfull\">\n<div class=\"wp-block-stackable-column stk-block-column stk-column stk-block stk-f6c6534\" data-v=\"4\" data-block-id=\"f6c6534\"><div class=\"stk-column-wrapper stk-block-column__content stk-container stk-f6c6534-container stk--no-background stk--no-padding\"><div class=\"stk-block-content stk-inner-blocks stk-f6c6534-inner-blocks\">\n<div class=\"wp-block-stackable-heading stk-block-heading stk-block-heading--v2 stk-block stk-c90d236\" id=\"puedes-acceder-a-nuestros-estatutos-aqui\" data-block-id=\"c90d236\"><style>@media screen and (max-width:689px){.stk-c90d236 .stk-block-heading__text{line-height:1em !important}}<\/style><h2 class=\"stk-block-heading__text\">Puedes acceder a nuestros estatutos aqu\u00ed<\/h2><\/div>\n\n\n\n<div class=\"wp-block-file\"><a id=\"wp-block-file--media-0bf5e141-76a5-4bf4-9ee9-d075e18f29ed\" href=\"https:\/\/ajupe.com.uy\/web\/wp-content\/uploads\/2024\/04\/AJUPE-ESTATUTOS-14.07.2020.pdf\">AJUPE ESTATUTOS &#8211; 14.07.2020<\/a><a href=\"https:\/\/ajupe.com.uy\/web\/wp-content\/uploads\/2024\/04\/AJUPE-ESTATUTOS-14.07.2020.pdf\" class=\"wp-block-file__button wp-element-button\" download aria-describedby=\"wp-block-file--media-0bf5e141-76a5-4bf4-9ee9-d075e18f29ed\">Descarga<\/a><\/div>\n<\/div><\/div><\/div>\n<\/div><\/div>\n\n\n\n<div class=\"wp-block-stackable-spacer stk-block-spacer stk--no-padding stk-block stk-9bd42dd\" data-block-id=\"9bd42dd\"><style>.stk-9bd42dd{height:70px !important}<\/style><\/div>\n","protected":false},"excerpt":{"rendered":"<p>Sobre nosotros En A.JU.PE. (Asociaci\u00f3n de Jubilados y Pensionistas Bancarios del Uruguay), nos enorgullece ser una asociaci\u00f3n gremial sin fines de lucro con una rica historia y un compromiso inquebrantable con nuestros miembros. Nuestros prop\u00f3sitos fundamentales est\u00e1n arraigados en la creencia de que todos nuestros asociados, ya sean pasivos o activos en general, merecen un [&hellip;]<\/p>\n","protected":false},"author":34,"featured_media":0,"parent":0,"menu_order":0,"comment_status":"closed","ping_status":"closed","template":"","meta":{"footnotes":""},"class_list":["post-10213","page","type-page","status-publish","hentry"],"blocksy_meta":{"has_hero_section":"disabled","styles_descriptor":{"styles":{"desktop":"","tablet":"","mobile":""},"google_fonts":[],"version":6}},"featured_image_urls_v2":{"full":"","thumbnail":"","medium":"","medium_large":"","large":"","1536x1536":"","2048x2048":"","woocommerce_archive_thumbnail":"","woocommerce_thumbnail":"","woocommerce_single":"","woocommerce_gallery_thumbnail":""},"post_excerpt_stackable_v2":"<p>Sobre nosotros En A.JU.PE. (Asociaci\u00f3n de Jubilados y Pensionistas Bancarios del Uruguay), nos enorgullece ser una asociaci\u00f3n gremial sin fines de lucro con una rica historia y un compromiso inquebrantable con nuestros miembros. Nuestros prop\u00f3sitos fundamentales est\u00e1n arraigados en la creencia de que todos nuestros asociados, ya sean pasivos o activos en general, merecen un bienestar digno en sus a\u00f1os de jubilaci\u00f3n. Un legado de 70 A\u00f1os Nuestra historia se remonta al 2 de mayo de 1953, cuando un grupo de jubilados bancarios se reuni\u00f3 en el \u00abAteneo de Montevideo\u00bb con una visi\u00f3n clara: asegurar un nivel de vida decoroso&hellip;<\/p>\n","category_list_v2":"","author_info_v2":{"name":"Gabriel Alonso","url":"https:\/\/ajupe.com.uy\/web\/author\/stepmedia\/"},"comments_num_v2":"0 comentarios","_links":{"self":[{"href":"https:\/\/ajupe.com.uy\/web\/wp-json\/wp\/v2\/pages\/10213","targetHints":{"allow":["GET"]}}],"collection":[{"href":"https:\/\/ajupe.com.uy\/web\/wp-json\/wp\/v2\/pages"}],"about":[{"href":"https:\/\/ajupe.com.uy\/web\/wp-json\/wp\/v2\/types\/page"}],"author":[{"embeddable":true,"href":"https:\/\/ajupe.com.uy\/web\/wp-json\/wp\/v2\/users\/34"}],"replies":[{"embeddable":true,"href":"https:\/\/ajupe.com.uy\/web\/wp-json\/wp\/v2\/comments?post=10213"}],"version-history":[{"count":11,"href":"https:\/\/ajupe.com.uy\/web\/wp-json\/wp\/v2\/pages\/10213\/revisions"}],"predecessor-version":[{"id":10663,"href":"https:\/\/ajupe.com.uy\/web\/wp-json\/wp\/v2\/pages\/10213\/revisions\/10663"}],"wp:attachment":[{"href":"https:\/\/ajupe.com.uy\/web\/wp-json\/wp\/v2\/media?parent=10213"}],"curies":[{"name":"wp","href":"https:\/\/api.w.org\/{rel}","templated":true}]}}