{"id":1000,"date":"2010-07-14T00:00:00","date_gmt":"2010-07-14T03:00:00","guid":{"rendered":"http:\/\/ajupe.com.uy\/web\/?post_type=product&#038;p=1000"},"modified":"2011-09-26T18:36:08","modified_gmt":"2011-09-26T21:36:08","slug":"presentimientos","status":"publish","type":"product","link":"https:\/\/ajupe.com.uy\/web\/biblioteca\/presentimientos\/","title":{"rendered":"Presentimientos"},"content":{"rendered":"<p>E agitado oficio del periodismo televisivo de hoy se combina con el espionaje de la posguerra fr\u00eda en esta nueva gran novela del maestro Sidney Sheldon. Dana Evans es una joven periodista del la TV. Acaba de regresar de los Balcanes, donde adopt\u00f3 a un ni\u00f1o discapacitado que no se adapta a su nueva vida en Estados Unidos. Dana sospecha que las sucesivas mertes accidentales de los miembros de la famosa y riqu\u00edsima familia Winthrop son parte de un plan criminal. La investigaci\u00f3n la lleva de Washington a Aspen, pasando por Niza, Dusseldorf, Roma, Bruselas, Mosc\u00fa y Siberia. Cuanto m\u00e1s averigua, m\u00e1s se desmorona la imagen de Taylor Wlinthrop, surte de santo moderno que lleg\u00f3 a ser embajador de su pa\u00eds en Rusia.<\/p>\n","protected":false},"excerpt":{"rendered":"<p>E agitado oficio del periodismo televisivo de hoy se combina con el espionaje de la posguerra fr\u00eda en esta nueva gran novela del maestro Sidney Sheldon. Dana Evans es una joven periodista del la TV. Acaba de regresar de los Balcanes, donde adopt\u00f3 a un ni\u00f1<\/p>\n","protected":false},"featured_media":1001,"template":"","meta":[],"product_brand":[87],"product_cat":[30],"product_tag":[],"class_list":{"0":"post-1000","1":"product","2":"type-product","3":"status-publish","4":"has-post-thumbnail","6":"product_brand-sidney-sheldon","7":"product_cat-suspenso","9":"first","10":"instock","11":"purchasable","12":"product-type-simple"},"featured_image_urls_v2":{"full":["https:\/\/ajupe.com.uy\/web\/wp-content\/uploads\/2016\/04\/p-1000-6022.jpg",359,538,false],"thumbnail":["https:\/\/ajupe.com.uy\/web\/wp-content\/uploads\/2016\/04\/p-1000-6022.jpg",150,150,true],"medium":["https:\/\/ajupe.com.uy\/web\/wp-content\/uploads\/2016\/04\/p-1000-6022.jpg",300,214,true],"medium_large":["https:\/\/ajupe.com.uy\/web\/wp-content\/uploads\/2016\/04\/p-1000-6022.jpg",359,538,false],"large":["https:\/\/ajupe.com.uy\/web\/wp-content\/uploads\/2016\/04\/p-1000-6022.jpg",359,538,false],"1536x1536":["https:\/\/ajupe.com.uy\/web\/wp-content\/uploads\/2016\/04\/p-1000-6022.jpg",359,538,false],"2048x2048":["https:\/\/ajupe.com.uy\/web\/wp-content\/uploads\/2016\/04\/p-1000-6022.jpg",359,538,false],"woocommerce_archive_thumbnail":["https:\/\/ajupe.com.uy\/web\/wp-content\/uploads\/2016\/04\/p-1000-6022-300x450.jpg",300,450,true],"woocommerce_thumbnail":["https:\/\/ajupe.com.uy\/web\/wp-content\/uploads\/2016\/04\/p-1000-6022-300x300.jpg",300,300,true],"woocommerce_single":["https:\/\/ajupe.com.uy\/web\/wp-content\/uploads\/2016\/04\/p-1000-6022-300x450.jpg",300,450,true],"woocommerce_gallery_thumbnail":["https:\/\/ajupe.com.uy\/web\/wp-content\/uploads\/2016\/04\/p-1000-6022-100x100.jpg",100,100,true]},"post_excerpt_stackable_v2":"<p>E agitado oficio del periodismo televisivo de hoy se combina con el espionaje de la posguerra fr\u00eda en esta nueva gran novela del maestro Sidney Sheldon. Dana Evans es una joven periodista del la TV. Acaba de regresar de los Balcanes, donde adopt\u00f3 a un ni\u00f1<\/p>\n","category_list_v2":"","author_info_v2":{"name":"","url":""},"comments_num_v2":"0 comentarios","_links":{"self":[{"href":"https:\/\/ajupe.com.uy\/web\/wp-json\/wp\/v2\/product\/1000","targetHints":{"allow":["GET"]}}],"collection":[{"href":"https:\/\/ajupe.com.uy\/web\/wp-json\/wp\/v2\/product"}],"about":[{"href":"https:\/\/ajupe.com.uy\/web\/wp-json\/wp\/v2\/types\/product"}],"wp:featuredmedia":[{"embeddable":true,"href":"https:\/\/ajupe.com.uy\/web\/wp-json\/wp\/v2\/media\/1001"}],"wp:attachment":[{"href":"https:\/\/ajupe.com.uy\/web\/wp-json\/wp\/v2\/media?parent=1000"}],"wp:term":[{"taxonomy":"product_brand","embeddable":true,"href":"https:\/\/ajupe.com.uy\/web\/wp-json\/wp\/v2\/product_brand?post=1000"},{"taxonomy":"product_cat","embeddable":true,"href":"https:\/\/ajupe.com.uy\/web\/wp-json\/wp\/v2\/product_cat?post=1000"},{"taxonomy":"product_tag","embeddable":true,"href":"https:\/\/ajupe.com.uy\/web\/wp-json\/wp\/v2\/product_tag?post=1000"}],"curies":[{"name":"wp","href":"https:\/\/api.w.org\/{rel}","templated":true}]}}