{"id":1010,"date":"2010-07-14T00:00:00","date_gmt":"2010-07-14T03:00:00","guid":{"rendered":"http:\/\/ajupe.com.uy\/web\/?post_type=product&#038;p=1010"},"modified":"2011-09-22T19:17:00","modified_gmt":"2011-09-22T22:17:00","slug":"la-hija-prodiga","status":"publish","type":"product","link":"https:\/\/ajupe.com.uy\/web\/biblioteca\/la-hija-prodiga\/","title":{"rendered":"La hija pr\u00f3diga"},"content":{"rendered":"<p>La historia de Florentina comienza en 1934, cuando su padre lleg\u00f3 como inmigrante sin recursos para levantar uno de los m\u00e1s poderosos imperios hoteleros de Estados Unidos. Por una iron\u00eda de la vida, su destino ser\u00e1 amar al hijo del enemigo irreconciliable de su padre. Es una mujer que no se conforma con un segundo puesto, y acaba por desde\u00f1ar su herencia y casarse con el hombre a quien ama. Florentina construye un poderoso imperio propio y, finalmente, su ambici\u00f3n la conduce a perseguir la meta m\u00e1s alta de todas: la presidencia de los Estados Unidos.<\/p>\n","protected":false},"excerpt":{"rendered":"<p>La historia de Florentina comienza en 1934, cuando su padre lleg\u00f3 como inmigrante sin recursos para levantar uno de los m\u00e1s poderosos imperios hoteleros de Estados Unidos. Por una iron\u00eda de la vida, su destino ser\u00e1 amar al hijo del enemigo irreconciliable<\/p>\n","protected":false},"featured_media":1011,"template":"","meta":[],"product_brand":[275],"product_cat":[30],"product_tag":[],"class_list":{"0":"post-1010","1":"product","2":"type-product","3":"status-publish","4":"has-post-thumbnail","6":"product_brand-jeffrey-archer","7":"product_cat-suspenso","9":"first","10":"instock","11":"purchasable","12":"product-type-simple"},"featured_image_urls_v2":{"full":["https:\/\/ajupe.com.uy\/web\/wp-content\/uploads\/2016\/04\/p-1010-6029.jpg",359,579,false],"thumbnail":["https:\/\/ajupe.com.uy\/web\/wp-content\/uploads\/2016\/04\/p-1010-6029.jpg",150,150,true],"medium":["https:\/\/ajupe.com.uy\/web\/wp-content\/uploads\/2016\/04\/p-1010-6029.jpg",300,214,true],"medium_large":["https:\/\/ajupe.com.uy\/web\/wp-content\/uploads\/2016\/04\/p-1010-6029.jpg",359,579,false],"large":["https:\/\/ajupe.com.uy\/web\/wp-content\/uploads\/2016\/04\/p-1010-6029.jpg",359,579,false],"1536x1536":["https:\/\/ajupe.com.uy\/web\/wp-content\/uploads\/2016\/04\/p-1010-6029.jpg",359,579,false],"2048x2048":["https:\/\/ajupe.com.uy\/web\/wp-content\/uploads\/2016\/04\/p-1010-6029.jpg",359,579,false],"woocommerce_archive_thumbnail":["https:\/\/ajupe.com.uy\/web\/wp-content\/uploads\/2016\/04\/p-1010-6029-300x450.jpg",300,450,true],"woocommerce_thumbnail":["https:\/\/ajupe.com.uy\/web\/wp-content\/uploads\/2016\/04\/p-1010-6029-300x300.jpg",300,300,true],"woocommerce_single":["https:\/\/ajupe.com.uy\/web\/wp-content\/uploads\/2016\/04\/p-1010-6029-300x484.jpg",300,484,true],"woocommerce_gallery_thumbnail":["https:\/\/ajupe.com.uy\/web\/wp-content\/uploads\/2016\/04\/p-1010-6029-100x100.jpg",100,100,true]},"post_excerpt_stackable_v2":"<p>La historia de Florentina comienza en 1934, cuando su padre lleg\u00f3 como inmigrante sin recursos para levantar uno de los m\u00e1s poderosos imperios hoteleros de Estados Unidos. Por una iron\u00eda de la vida, su destino ser\u00e1 amar al hijo del enemigo irreconciliable<\/p>\n","category_list_v2":"","author_info_v2":{"name":"","url":""},"comments_num_v2":"0 comentarios","_links":{"self":[{"href":"https:\/\/ajupe.com.uy\/web\/wp-json\/wp\/v2\/product\/1010","targetHints":{"allow":["GET"]}}],"collection":[{"href":"https:\/\/ajupe.com.uy\/web\/wp-json\/wp\/v2\/product"}],"about":[{"href":"https:\/\/ajupe.com.uy\/web\/wp-json\/wp\/v2\/types\/product"}],"wp:featuredmedia":[{"embeddable":true,"href":"https:\/\/ajupe.com.uy\/web\/wp-json\/wp\/v2\/media\/1011"}],"wp:attachment":[{"href":"https:\/\/ajupe.com.uy\/web\/wp-json\/wp\/v2\/media?parent=1010"}],"wp:term":[{"taxonomy":"product_brand","embeddable":true,"href":"https:\/\/ajupe.com.uy\/web\/wp-json\/wp\/v2\/product_brand?post=1010"},{"taxonomy":"product_cat","embeddable":true,"href":"https:\/\/ajupe.com.uy\/web\/wp-json\/wp\/v2\/product_cat?post=1010"},{"taxonomy":"product_tag","embeddable":true,"href":"https:\/\/ajupe.com.uy\/web\/wp-json\/wp\/v2\/product_tag?post=1010"}],"curies":[{"name":"wp","href":"https:\/\/api.w.org\/{rel}","templated":true}]}}