{"id":1012,"date":"2010-07-14T00:00:00","date_gmt":"2010-07-14T03:00:00","guid":{"rendered":"http:\/\/ajupe.com.uy\/web\/?post_type=product&#038;p=1012"},"modified":"2011-09-22T19:17:56","modified_gmt":"2011-09-22T22:17:56","slug":"el-undecimo-mandamiento","status":"publish","type":"product","link":"https:\/\/ajupe.com.uy\/web\/biblioteca\/el-undecimo-mandamiento\/","title":{"rendered":"El und\u00e9cimo mandamiento"},"content":{"rendered":"<p>Para un agente de la CIA, el und\u00e9cimo mandamiento prescribe no dejarse atrapar y, en una situaci\u00f3n l\u00edmite, no confesar. Connor Fitzgerald ha transgredido el und\u00e9cimo mandamiento. Veintiocho a\u00f1os en la Agencia iban a concluir en una fr\u00eda prisi\u00f3n de San Petersburgo. Sin duda, es v\u00edctima de su pecado, pero tambi\u00e9n de una infame conspiraci\u00f3n en la que est\u00e1n implicados la directora de la Agencia, Helen Dexter, y, de forma indirecta, el presidente de Estados Unidos.<\/p>\n","protected":false},"excerpt":{"rendered":"<p>Para un agente de la CIA, el und\u00e9cimo mandamiento prescribe no dejarse atrapar y, en una situaci\u00f3n l\u00edmite, no confesar. Connor Fitzgerald ha transgredido el und\u00e9cimo mandamiento. Veintiocho a\u00f1os en la Agencia iban a concluir en una fr\u00eda prisi\u00f3n de San Pet<\/p>\n","protected":false},"featured_media":1013,"template":"","meta":[],"product_brand":[275],"product_cat":[40,30],"product_tag":[],"class_list":{"0":"post-1012","1":"product","2":"type-product","3":"status-publish","4":"has-post-thumbnail","6":"product_brand-jeffrey-archer","7":"product_cat-policial","8":"product_cat-suspenso","10":"first","11":"instock","12":"purchasable","13":"product-type-simple"},"featured_image_urls_v2":{"full":["https:\/\/ajupe.com.uy\/web\/wp-content\/uploads\/2016\/04\/p-1012-6030.jpg",361,578,false],"thumbnail":["https:\/\/ajupe.com.uy\/web\/wp-content\/uploads\/2016\/04\/p-1012-6030.jpg",150,150,true],"medium":["https:\/\/ajupe.com.uy\/web\/wp-content\/uploads\/2016\/04\/p-1012-6030.jpg",300,214,true],"medium_large":["https:\/\/ajupe.com.uy\/web\/wp-content\/uploads\/2016\/04\/p-1012-6030.jpg",361,578,false],"large":["https:\/\/ajupe.com.uy\/web\/wp-content\/uploads\/2016\/04\/p-1012-6030.jpg",361,578,false],"1536x1536":["https:\/\/ajupe.com.uy\/web\/wp-content\/uploads\/2016\/04\/p-1012-6030.jpg",361,578,false],"2048x2048":["https:\/\/ajupe.com.uy\/web\/wp-content\/uploads\/2016\/04\/p-1012-6030.jpg",361,578,false],"woocommerce_archive_thumbnail":["https:\/\/ajupe.com.uy\/web\/wp-content\/uploads\/2016\/04\/p-1012-6030-300x450.jpg",300,450,true],"woocommerce_thumbnail":["https:\/\/ajupe.com.uy\/web\/wp-content\/uploads\/2016\/04\/p-1012-6030-300x300.jpg",300,300,true],"woocommerce_single":["https:\/\/ajupe.com.uy\/web\/wp-content\/uploads\/2016\/04\/p-1012-6030-300x480.jpg",300,480,true],"woocommerce_gallery_thumbnail":["https:\/\/ajupe.com.uy\/web\/wp-content\/uploads\/2016\/04\/p-1012-6030-100x100.jpg",100,100,true]},"post_excerpt_stackable_v2":"<p>Para un agente de la CIA, el und\u00e9cimo mandamiento prescribe no dejarse atrapar y, en una situaci\u00f3n l\u00edmite, no confesar. Connor Fitzgerald ha transgredido el und\u00e9cimo mandamiento. Veintiocho a\u00f1os en la Agencia iban a concluir en una fr\u00eda prisi\u00f3n de San Pet<\/p>\n","category_list_v2":"","author_info_v2":{"name":"","url":""},"comments_num_v2":"0 comentarios","_links":{"self":[{"href":"https:\/\/ajupe.com.uy\/web\/wp-json\/wp\/v2\/product\/1012","targetHints":{"allow":["GET"]}}],"collection":[{"href":"https:\/\/ajupe.com.uy\/web\/wp-json\/wp\/v2\/product"}],"about":[{"href":"https:\/\/ajupe.com.uy\/web\/wp-json\/wp\/v2\/types\/product"}],"wp:featuredmedia":[{"embeddable":true,"href":"https:\/\/ajupe.com.uy\/web\/wp-json\/wp\/v2\/media\/1013"}],"wp:attachment":[{"href":"https:\/\/ajupe.com.uy\/web\/wp-json\/wp\/v2\/media?parent=1012"}],"wp:term":[{"taxonomy":"product_brand","embeddable":true,"href":"https:\/\/ajupe.com.uy\/web\/wp-json\/wp\/v2\/product_brand?post=1012"},{"taxonomy":"product_cat","embeddable":true,"href":"https:\/\/ajupe.com.uy\/web\/wp-json\/wp\/v2\/product_cat?post=1012"},{"taxonomy":"product_tag","embeddable":true,"href":"https:\/\/ajupe.com.uy\/web\/wp-json\/wp\/v2\/product_tag?post=1012"}],"curies":[{"name":"wp","href":"https:\/\/api.w.org\/{rel}","templated":true}]}}