{"id":10135,"date":"2023-06-22T16:53:43","date_gmt":"2023-06-22T19:53:43","guid":{"rendered":"http:\/\/ajupe.com.uy\/web\/?post_type=product&#038;p=10135"},"modified":"2023-06-22T16:55:59","modified_gmt":"2023-06-22T19:55:59","slug":"el-cuento-de-la-criada","status":"publish","type":"product","link":"https:\/\/ajupe.com.uy\/web\/biblioteca\/el-cuento-de-la-criada\/","title":{"rendered":"EL CUENTO DE LA CRIADA"},"content":{"rendered":"<p>En\u00a0<strong>El cuento de la criada<\/strong>,\u00a0<strong>Margaret Atwood<\/strong>, autora canadiense galardonada con el Premio Pr\u00edncipe de Asturias de las Letras 2008, el Booker Prize y otros importantes premios literarios, imagina una dictadura habitada por mujeres est\u00e9riles. Este hecho, unido a la persistencia de las clases sociales y a la primac\u00eda del var\u00f3n, da lugar a la consideraci\u00f3n de la mujer en funci\u00f3n de su posibilidad reproductora y, en concreto de mantener el predominio de la clase alta que gobierna la sociedad.\u00a0<strong>El cuento de la criada<\/strong>\u00a0fue llevada al cine con gran \u00e9xito y es, con toda seguridad, una de sus novelas m\u00e1s conocidas.<\/p>\n","protected":false},"excerpt":{"rendered":"<p>En\u00a0El cuento de la criada,\u00a0Margaret Atwood, autora canadiense galardonada con el Premio Pr\u00edncipe de Asturias de las Letras 2008, el Booker Prize y otros importantes premios literarios, imagina una dictadura habitada por mujeres est\u00e9riles. Este hecho, unido a la persistencia de las clases sociales y a la primac\u00eda del var\u00f3n, da lugar a la consideraci\u00f3n [&hellip;]<\/p>\n","protected":false},"featured_media":10129,"template":"","meta":[],"product_brand":[],"product_cat":[40],"product_tag":[],"class_list":{"0":"post-10135","1":"product","2":"type-product","3":"status-publish","4":"has-post-thumbnail","6":"product_cat-policial","8":"first","9":"instock","10":"purchasable","11":"product-type-simple"},"featured_image_urls_v2":{"full":["https:\/\/ajupe.com.uy\/web\/wp-content\/uploads\/2023\/06\/9284.jpg",474,768,false],"thumbnail":["https:\/\/ajupe.com.uy\/web\/wp-content\/uploads\/2023\/06\/9284-150x150.jpg",150,150,true],"medium":["https:\/\/ajupe.com.uy\/web\/wp-content\/uploads\/2023\/06\/9284-185x300.jpg",185,300,true],"medium_large":["https:\/\/ajupe.com.uy\/web\/wp-content\/uploads\/2023\/06\/9284.jpg",474,768,false],"large":["https:\/\/ajupe.com.uy\/web\/wp-content\/uploads\/2023\/06\/9284.jpg",474,768,false],"1536x1536":["https:\/\/ajupe.com.uy\/web\/wp-content\/uploads\/2023\/06\/9284.jpg",474,768,false],"2048x2048":["https:\/\/ajupe.com.uy\/web\/wp-content\/uploads\/2023\/06\/9284.jpg",474,768,false],"woocommerce_archive_thumbnail":["https:\/\/ajupe.com.uy\/web\/wp-content\/uploads\/2023\/06\/9284-300x450.jpg",300,450,true],"woocommerce_thumbnail":["https:\/\/ajupe.com.uy\/web\/wp-content\/uploads\/2023\/06\/9284-300x300.jpg",300,300,true],"woocommerce_single":["https:\/\/ajupe.com.uy\/web\/wp-content\/uploads\/2023\/06\/9284-300x486.jpg",300,486,true],"woocommerce_gallery_thumbnail":["https:\/\/ajupe.com.uy\/web\/wp-content\/uploads\/2023\/06\/9284-100x100.jpg",100,100,true]},"post_excerpt_stackable_v2":"<p>En\u00a0El cuento de la criada,\u00a0Margaret Atwood, autora canadiense galardonada con el Premio Pr\u00edncipe de Asturias de las Letras 2008, el Booker Prize y otros importantes premios literarios, imagina una dictadura habitada por mujeres est\u00e9riles. Este hecho, unido a la persistencia de las clases sociales y a la primac\u00eda del var\u00f3n, da lugar a la consideraci\u00f3n de la mujer en funci\u00f3n de su posibilidad reproductora y, en concreto de mantener el predominio de la clase alta que gobierna la sociedad.\u00a0El cuento de la criada\u00a0fue llevada al cine con gran \u00e9xito y es, con toda seguridad, una de sus novelas m\u00e1s conocidas.<\/p>\n","category_list_v2":"","author_info_v2":{"name":"","url":""},"comments_num_v2":"0 comentarios","_links":{"self":[{"href":"https:\/\/ajupe.com.uy\/web\/wp-json\/wp\/v2\/product\/10135","targetHints":{"allow":["GET"]}}],"collection":[{"href":"https:\/\/ajupe.com.uy\/web\/wp-json\/wp\/v2\/product"}],"about":[{"href":"https:\/\/ajupe.com.uy\/web\/wp-json\/wp\/v2\/types\/product"}],"wp:featuredmedia":[{"embeddable":true,"href":"https:\/\/ajupe.com.uy\/web\/wp-json\/wp\/v2\/media\/10129"}],"wp:attachment":[{"href":"https:\/\/ajupe.com.uy\/web\/wp-json\/wp\/v2\/media?parent=10135"}],"wp:term":[{"taxonomy":"product_brand","embeddable":true,"href":"https:\/\/ajupe.com.uy\/web\/wp-json\/wp\/v2\/product_brand?post=10135"},{"taxonomy":"product_cat","embeddable":true,"href":"https:\/\/ajupe.com.uy\/web\/wp-json\/wp\/v2\/product_cat?post=10135"},{"taxonomy":"product_tag","embeddable":true,"href":"https:\/\/ajupe.com.uy\/web\/wp-json\/wp\/v2\/product_tag?post=10135"}],"curies":[{"name":"wp","href":"https:\/\/api.w.org\/{rel}","templated":true}]}}