{"id":1014,"date":"2010-07-14T00:00:00","date_gmt":"2010-07-14T03:00:00","guid":{"rendered":"http:\/\/ajupe.com.uy\/web\/?post_type=product&#038;p=1014"},"modified":"2011-09-22T19:21:07","modified_gmt":"2011-09-22T22:21:07","slug":"un-nuevo-encuentro","status":"publish","type":"product","link":"https:\/\/ajupe.com.uy\/web\/biblioteca\/un-nuevo-encuentro\/","title":{"rendered":"Un nuevo encuentro"},"content":{"rendered":"<p>Rachel y Jack eran dos artistas que se conocieron en la universidad, se enamoraron profundamente y decidieron compartir su vida y formar una familia. Pero las implacables exigencias de la vida cotidiana los fueron alejando hasta convertirlos en dos extra\u00f1os. Despu\u00e9s de diez a\u00f1os de matrimonio y dos hijas, se separaron y tomaron caminos distintos; ella prefiri\u00f3 la vida en un peque\u00f1o pueblo de la costa de California donde pod\u00eda dar rienda suelta a su creatividad. Seis a\u00f1os m\u00e1s tarde, Jack recibe una terrible llamada telef\u00f3nica en medio de la noche y tiene que dejar de lado sus obligaciones profesionales para correr al hospital donde su ex mujer yace en estado de coma.<\/p>\n","protected":false},"excerpt":{"rendered":"<p>Rachel y Jack eran dos artistas que se conocieron en la universidad, se enamoraron profundamente y decidieron compartir su vida y formar una familia. Pero las implacables exigencias de la vida cotidiana los fueron alejando hasta convertirlos en dos extra\u00f1<\/p>\n","protected":false},"featured_media":1015,"template":"","meta":[],"product_brand":[277],"product_cat":[29],"product_tag":[],"class_list":{"0":"post-1014","1":"product","2":"type-product","3":"status-publish","4":"has-post-thumbnail","6":"product_brand-barbara-delinsky","7":"product_cat-novela","9":"first","10":"instock","11":"purchasable","12":"product-type-simple"},"featured_image_urls_v2":{"full":["https:\/\/ajupe.com.uy\/web\/wp-content\/uploads\/2016\/04\/p-1014-6032.jpg",361,533,false],"thumbnail":["https:\/\/ajupe.com.uy\/web\/wp-content\/uploads\/2016\/04\/p-1014-6032.jpg",150,150,true],"medium":["https:\/\/ajupe.com.uy\/web\/wp-content\/uploads\/2016\/04\/p-1014-6032.jpg",300,214,true],"medium_large":["https:\/\/ajupe.com.uy\/web\/wp-content\/uploads\/2016\/04\/p-1014-6032.jpg",361,533,false],"large":["https:\/\/ajupe.com.uy\/web\/wp-content\/uploads\/2016\/04\/p-1014-6032.jpg",361,533,false],"1536x1536":["https:\/\/ajupe.com.uy\/web\/wp-content\/uploads\/2016\/04\/p-1014-6032.jpg",361,533,false],"2048x2048":["https:\/\/ajupe.com.uy\/web\/wp-content\/uploads\/2016\/04\/p-1014-6032.jpg",361,533,false],"woocommerce_archive_thumbnail":["https:\/\/ajupe.com.uy\/web\/wp-content\/uploads\/2016\/04\/p-1014-6032-300x450.jpg",300,450,true],"woocommerce_thumbnail":["https:\/\/ajupe.com.uy\/web\/wp-content\/uploads\/2016\/04\/p-1014-6032-300x300.jpg",300,300,true],"woocommerce_single":["https:\/\/ajupe.com.uy\/web\/wp-content\/uploads\/2016\/04\/p-1014-6032-300x443.jpg",300,443,true],"woocommerce_gallery_thumbnail":["https:\/\/ajupe.com.uy\/web\/wp-content\/uploads\/2016\/04\/p-1014-6032-100x100.jpg",100,100,true]},"post_excerpt_stackable_v2":"<p>Rachel y Jack eran dos artistas que se conocieron en la universidad, se enamoraron profundamente y decidieron compartir su vida y formar una familia. Pero las implacables exigencias de la vida cotidiana los fueron alejando hasta convertirlos en dos extra\u00f1<\/p>\n","category_list_v2":"","author_info_v2":{"name":"","url":""},"comments_num_v2":"0 comentarios","_links":{"self":[{"href":"https:\/\/ajupe.com.uy\/web\/wp-json\/wp\/v2\/product\/1014","targetHints":{"allow":["GET"]}}],"collection":[{"href":"https:\/\/ajupe.com.uy\/web\/wp-json\/wp\/v2\/product"}],"about":[{"href":"https:\/\/ajupe.com.uy\/web\/wp-json\/wp\/v2\/types\/product"}],"wp:featuredmedia":[{"embeddable":true,"href":"https:\/\/ajupe.com.uy\/web\/wp-json\/wp\/v2\/media\/1015"}],"wp:attachment":[{"href":"https:\/\/ajupe.com.uy\/web\/wp-json\/wp\/v2\/media?parent=1014"}],"wp:term":[{"taxonomy":"product_brand","embeddable":true,"href":"https:\/\/ajupe.com.uy\/web\/wp-json\/wp\/v2\/product_brand?post=1014"},{"taxonomy":"product_cat","embeddable":true,"href":"https:\/\/ajupe.com.uy\/web\/wp-json\/wp\/v2\/product_cat?post=1014"},{"taxonomy":"product_tag","embeddable":true,"href":"https:\/\/ajupe.com.uy\/web\/wp-json\/wp\/v2\/product_tag?post=1014"}],"curies":[{"name":"wp","href":"https:\/\/api.w.org\/{rel}","templated":true}]}}