{"id":10141,"date":"2023-06-22T17:24:33","date_gmt":"2023-06-22T20:24:33","guid":{"rendered":"http:\/\/ajupe.com.uy\/web\/?post_type=product&#038;p=10141"},"modified":"2023-06-22T17:25:59","modified_gmt":"2023-06-22T20:25:59","slug":"la-casa-alemana","status":"publish","type":"product","link":"https:\/\/ajupe.com.uy\/web\/biblioteca\/la-casa-alemana\/","title":{"rendered":"LA CASA ALEMANA"},"content":{"rendered":"<p>La vida de Eva Bruhn gira en torno a La casa alemana, el restaurante tradicional que regentan sus padres y en el que la familia comparte las peque\u00f1as cosas del d\u00eda a d\u00eda: desde los entresijos de su trabajo en una agencia de traducci\u00f3n hasta el anhelo de que su novio se decida por fin a pedirle su mano a su padre. Pero en 1963 va a celebrarse en Frankfurt el primer juicio de Auschwitz, y el destino hace que Eva acabe colaborando con la fiscal\u00eda como int\u00e9rprete, a pesar de la oposici\u00f3n de su familia. A medida que traduce los testimonios de los supervivientes, descubre la inmensidad y el horror de lo que sucedi\u00f3 en los campos de concentraci\u00f3n y una parte de la historia reciente de la que nadie le ha hablado nunca. \u00bfPor qu\u00e9 todos insisten en dejarla atr\u00e1s? \u00bfPor qu\u00e9 faltan fotograf\u00edas en el \u00e1lbum familiar? \u00bfEs posible vivir igual cuando se atisba la verdad?<\/p>\n","protected":false},"excerpt":{"rendered":"<p>La vida de Eva Bruhn gira en torno a La casa alemana, el restaurante tradicional que regentan sus padres y en el que la familia comparte las peque\u00f1as cosas del d\u00eda a d\u00eda: desde los entresijos de su trabajo en una agencia de traducci\u00f3n hasta el anhelo de que su novio se decida por fin [&hellip;]<\/p>\n","protected":false},"featured_media":10133,"template":"","meta":[],"product_brand":[],"product_cat":[31,29],"product_tag":[],"class_list":{"0":"post-10141","1":"product","2":"type-product","3":"status-publish","4":"has-post-thumbnail","6":"product_cat-historico","7":"product_cat-novela","9":"first","10":"instock","11":"purchasable","12":"product-type-simple"},"featured_image_urls_v2":{"full":["https:\/\/ajupe.com.uy\/web\/wp-content\/uploads\/2023\/06\/9289-scaled.jpg",1660,2560,false],"thumbnail":["https:\/\/ajupe.com.uy\/web\/wp-content\/uploads\/2023\/06\/9289-150x150.jpg",150,150,true],"medium":["https:\/\/ajupe.com.uy\/web\/wp-content\/uploads\/2023\/06\/9289-194x300.jpg",194,300,true],"medium_large":["https:\/\/ajupe.com.uy\/web\/wp-content\/uploads\/2023\/06\/9289-768x1185.jpg",768,1185,true],"large":["https:\/\/ajupe.com.uy\/web\/wp-content\/uploads\/2023\/06\/9289-664x1024.jpg",664,1024,true],"1536x1536":["https:\/\/ajupe.com.uy\/web\/wp-content\/uploads\/2023\/06\/9289-996x1536.jpg",996,1536,true],"2048x2048":["https:\/\/ajupe.com.uy\/web\/wp-content\/uploads\/2023\/06\/9289-1328x2048.jpg",1328,2048,true],"woocommerce_archive_thumbnail":["https:\/\/ajupe.com.uy\/web\/wp-content\/uploads\/2023\/06\/9289-scaled-300x450.jpg",300,450,true],"woocommerce_thumbnail":["https:\/\/ajupe.com.uy\/web\/wp-content\/uploads\/2023\/06\/9289-scaled-300x300.jpg",300,300,true],"woocommerce_single":["https:\/\/ajupe.com.uy\/web\/wp-content\/uploads\/2023\/06\/9289-scaled-300x463.jpg",300,463,true],"woocommerce_gallery_thumbnail":["https:\/\/ajupe.com.uy\/web\/wp-content\/uploads\/2023\/06\/9289-scaled-100x100.jpg",100,100,true]},"post_excerpt_stackable_v2":"<p>La vida de Eva Bruhn gira en torno a La casa alemana, el restaurante tradicional que regentan sus padres y en el que la familia comparte las peque\u00f1as cosas del d\u00eda a d\u00eda: desde los entresijos de su trabajo en una agencia de traducci\u00f3n hasta el anhelo de que su novio se decida por fin a pedirle su mano a su padre. Pero en 1963 va a celebrarse en Frankfurt el primer juicio de Auschwitz, y el destino hace que Eva acabe colaborando con la fiscal\u00eda como int\u00e9rprete, a pesar de la oposici\u00f3n de su familia. A medida que traduce&hellip;<\/p>\n","category_list_v2":"","author_info_v2":{"name":"","url":""},"comments_num_v2":"0 comentarios","_links":{"self":[{"href":"https:\/\/ajupe.com.uy\/web\/wp-json\/wp\/v2\/product\/10141","targetHints":{"allow":["GET"]}}],"collection":[{"href":"https:\/\/ajupe.com.uy\/web\/wp-json\/wp\/v2\/product"}],"about":[{"href":"https:\/\/ajupe.com.uy\/web\/wp-json\/wp\/v2\/types\/product"}],"wp:featuredmedia":[{"embeddable":true,"href":"https:\/\/ajupe.com.uy\/web\/wp-json\/wp\/v2\/media\/10133"}],"wp:attachment":[{"href":"https:\/\/ajupe.com.uy\/web\/wp-json\/wp\/v2\/media?parent=10141"}],"wp:term":[{"taxonomy":"product_brand","embeddable":true,"href":"https:\/\/ajupe.com.uy\/web\/wp-json\/wp\/v2\/product_brand?post=10141"},{"taxonomy":"product_cat","embeddable":true,"href":"https:\/\/ajupe.com.uy\/web\/wp-json\/wp\/v2\/product_cat?post=10141"},{"taxonomy":"product_tag","embeddable":true,"href":"https:\/\/ajupe.com.uy\/web\/wp-json\/wp\/v2\/product_tag?post=10141"}],"curies":[{"name":"wp","href":"https:\/\/api.w.org\/{rel}","templated":true}]}}