{"id":10159,"date":"2023-06-22T17:49:26","date_gmt":"2023-06-22T20:49:26","guid":{"rendered":"http:\/\/ajupe.com.uy\/web\/?post_type=product&#038;p=10159"},"modified":"2023-06-22T17:56:48","modified_gmt":"2023-06-22T20:56:48","slug":"a-la-sombra-de-einstein","status":"publish","type":"product","link":"https:\/\/ajupe.com.uy\/web\/biblioteca\/a-la-sombra-de-einstein\/","title":{"rendered":"A LA SOMBRA DE EINSTEIN"},"content":{"rendered":"<p>Una novela reveladora acerca de una de las m\u00e1s s\u00f3lidas (y desconocidas) intelectuales del siglo xx, la primera mujer de Albert Einstein.<\/p>\n<p>Esta reveladora novela con tintes biogr\u00e1ficos se abre con la joven Mileva como \u00fanica mujer estudiante de F\u00edsica en la Universidad Polit\u00e9cnica de Z\u00fcrich. Brillante, entregada y ambiciosa, atrae la atenci\u00f3n de un extrovertido Albert Einstein, cuatro a\u00f1os m\u00e1s joven que ella, quien, para conquistarla, le promete un futuro juntos en igualdad, como compa\u00f1eros, cient\u00edficos y amantes. Sin embargo, estos planes de\u00a0vida y trabajo en com\u00fan se ver\u00e1n truncados cuando las responsabilidades familiares empiezan a caer sobre los hombros de Mileva.<\/p>\n<p><em>A la sombra de Einstein<\/em> ofrece al lector una visi\u00f3n esclarecedora de la mujer que vivi\u00f3 eclipsada por el genio, una cient\u00edfica de gran talento que intent\u00f3 dejar de lado las convenciones de la \u00e9poca, pero a quien el amor acab\u00f3 derrotando. Marie Benedict ha construido un relato convincente y cautivador que sin duda despertar\u00e1 el deseo de los lectores de saber m\u00e1s sobre la verdadera historia de esta mujer, hasta qu\u00e9 punto contribuy\u00f3 realmente a formular la teor\u00eda de la relatividad y, sobre todo, por qu\u00e9 la historia oficial la dej\u00f3 de lado.<\/p>\n","protected":false},"excerpt":{"rendered":"<p>Una novela reveladora acerca de una de las m\u00e1s s\u00f3lidas (y desconocidas) intelectuales del siglo xx, la primera mujer de Albert Einstein. Esta reveladora novela con tintes biogr\u00e1ficos se abre con la joven Mileva como \u00fanica mujer estudiante de F\u00edsica en la Universidad Polit\u00e9cnica de Z\u00fcrich. Brillante, entregada y ambiciosa, atrae la atenci\u00f3n de un [&hellip;]<\/p>\n","protected":false},"featured_media":10150,"template":"","meta":[],"product_brand":[],"product_cat":[31,29],"product_tag":[],"class_list":{"0":"post-10159","1":"product","2":"type-product","3":"status-publish","4":"has-post-thumbnail","6":"product_cat-historico","7":"product_cat-novela","9":"first","10":"instock","11":"purchasable","12":"product-type-simple"},"featured_image_urls_v2":{"full":["https:\/\/ajupe.com.uy\/web\/wp-content\/uploads\/2023\/06\/9295.jpg",445,681,false],"thumbnail":["https:\/\/ajupe.com.uy\/web\/wp-content\/uploads\/2023\/06\/9295-150x150.jpg",150,150,true],"medium":["https:\/\/ajupe.com.uy\/web\/wp-content\/uploads\/2023\/06\/9295-196x300.jpg",196,300,true],"medium_large":["https:\/\/ajupe.com.uy\/web\/wp-content\/uploads\/2023\/06\/9295.jpg",445,681,false],"large":["https:\/\/ajupe.com.uy\/web\/wp-content\/uploads\/2023\/06\/9295.jpg",445,681,false],"1536x1536":["https:\/\/ajupe.com.uy\/web\/wp-content\/uploads\/2023\/06\/9295.jpg",445,681,false],"2048x2048":["https:\/\/ajupe.com.uy\/web\/wp-content\/uploads\/2023\/06\/9295.jpg",445,681,false],"woocommerce_archive_thumbnail":["https:\/\/ajupe.com.uy\/web\/wp-content\/uploads\/2023\/06\/9295-300x450.jpg",300,450,true],"woocommerce_thumbnail":["https:\/\/ajupe.com.uy\/web\/wp-content\/uploads\/2023\/06\/9295-300x300.jpg",300,300,true],"woocommerce_single":["https:\/\/ajupe.com.uy\/web\/wp-content\/uploads\/2023\/06\/9295-300x459.jpg",300,459,true],"woocommerce_gallery_thumbnail":["https:\/\/ajupe.com.uy\/web\/wp-content\/uploads\/2023\/06\/9295-100x100.jpg",100,100,true]},"post_excerpt_stackable_v2":"<p>Una novela reveladora acerca de una de las m\u00e1s s\u00f3lidas (y desconocidas) intelectuales del siglo xx, la primera mujer de Albert Einstein. Esta reveladora novela con tintes biogr\u00e1ficos se abre con la joven Mileva como \u00fanica mujer estudiante de F\u00edsica en la Universidad Polit\u00e9cnica de Z\u00fcrich. Brillante, entregada y ambiciosa, atrae la atenci\u00f3n de un extrovertido Albert Einstein, cuatro a\u00f1os m\u00e1s joven que ella, quien, para conquistarla, le promete un futuro juntos en igualdad, como compa\u00f1eros, cient\u00edficos y amantes. Sin embargo, estos planes de\u00a0vida y trabajo en com\u00fan se ver\u00e1n truncados cuando las responsabilidades familiares empiezan a caer sobre los&hellip;<\/p>\n","category_list_v2":"","author_info_v2":{"name":"","url":""},"comments_num_v2":"0 comentarios","_links":{"self":[{"href":"https:\/\/ajupe.com.uy\/web\/wp-json\/wp\/v2\/product\/10159","targetHints":{"allow":["GET"]}}],"collection":[{"href":"https:\/\/ajupe.com.uy\/web\/wp-json\/wp\/v2\/product"}],"about":[{"href":"https:\/\/ajupe.com.uy\/web\/wp-json\/wp\/v2\/types\/product"}],"wp:featuredmedia":[{"embeddable":true,"href":"https:\/\/ajupe.com.uy\/web\/wp-json\/wp\/v2\/media\/10150"}],"wp:attachment":[{"href":"https:\/\/ajupe.com.uy\/web\/wp-json\/wp\/v2\/media?parent=10159"}],"wp:term":[{"taxonomy":"product_brand","embeddable":true,"href":"https:\/\/ajupe.com.uy\/web\/wp-json\/wp\/v2\/product_brand?post=10159"},{"taxonomy":"product_cat","embeddable":true,"href":"https:\/\/ajupe.com.uy\/web\/wp-json\/wp\/v2\/product_cat?post=10159"},{"taxonomy":"product_tag","embeddable":true,"href":"https:\/\/ajupe.com.uy\/web\/wp-json\/wp\/v2\/product_tag?post=10159"}],"curies":[{"name":"wp","href":"https:\/\/api.w.org\/{rel}","templated":true}]}}