{"id":10160,"date":"2023-06-22T17:54:08","date_gmt":"2023-06-22T20:54:08","guid":{"rendered":"http:\/\/ajupe.com.uy\/web\/?post_type=product&#038;p=10160"},"modified":"2023-06-22T17:56:16","modified_gmt":"2023-06-22T20:56:16","slug":"la-unica-mujer","status":"publish","type":"product","link":"https:\/\/ajupe.com.uy\/web\/biblioteca\/la-unica-mujer\/","title":{"rendered":"LA \u00daNICA MUJER"},"content":{"rendered":"<p>Viena, 1933. Para Hedy Kiesler, joven actriz jud\u00eda, su belleza ha sido su salvaci\u00f3n y su tormento: la protegi\u00f3 de los nazis, pero la condujo a un opresivo matrimonio con el traficante de armas de Hitler y Mussolini. Subestimada por todos a su alrededor, escuch\u00f3 los planes secretos del Tercer Reich cuando acompa\u00f1aba a su esposo a fiestas y cenas de negocios.<\/p>\n<p>Dividida entre el glamour y la culpa por ser una privilegiada, decidi\u00f3 escapar hacia Hollywood con un nuevo nombre: Hedy Lamarr. Pronto se convirti\u00f3 en un icono del cine estadounidense. Nadie en torno a su nueva vida sospechaba que pose\u00eda informaci\u00f3n confidencial sobre los nazis ni que ella misma guardaba un secreto a\u00fan mayor: que era una cient\u00edfica capaz de desarrollar la tecnolog\u00eda necesaria para acabar pronto con la guerra. Siempre y cuando la escucharan.<\/p>\n","protected":false},"excerpt":{"rendered":"<p>Viena, 1933. Para Hedy Kiesler, joven actriz jud\u00eda, su belleza ha sido su salvaci\u00f3n y su tormento: la protegi\u00f3 de los nazis, pero la condujo a un opresivo matrimonio con el traficante de armas de Hitler y Mussolini. Subestimada por todos a su alrededor, escuch\u00f3 los planes secretos del Tercer Reich cuando acompa\u00f1aba a su [&hellip;]<\/p>\n","protected":false},"featured_media":10151,"template":"","meta":[],"product_brand":[],"product_cat":[31,29],"product_tag":[],"class_list":{"0":"post-10160","1":"product","2":"type-product","3":"status-publish","4":"has-post-thumbnail","6":"product_cat-historico","7":"product_cat-novela","9":"first","10":"instock","11":"purchasable","12":"product-type-simple"},"featured_image_urls_v2":{"full":["https:\/\/ajupe.com.uy\/web\/wp-content\/uploads\/2023\/06\/9296.jpg",441,685,false],"thumbnail":["https:\/\/ajupe.com.uy\/web\/wp-content\/uploads\/2023\/06\/9296-150x150.jpg",150,150,true],"medium":["https:\/\/ajupe.com.uy\/web\/wp-content\/uploads\/2023\/06\/9296-193x300.jpg",193,300,true],"medium_large":["https:\/\/ajupe.com.uy\/web\/wp-content\/uploads\/2023\/06\/9296.jpg",441,685,false],"large":["https:\/\/ajupe.com.uy\/web\/wp-content\/uploads\/2023\/06\/9296.jpg",441,685,false],"1536x1536":["https:\/\/ajupe.com.uy\/web\/wp-content\/uploads\/2023\/06\/9296.jpg",441,685,false],"2048x2048":["https:\/\/ajupe.com.uy\/web\/wp-content\/uploads\/2023\/06\/9296.jpg",441,685,false],"woocommerce_archive_thumbnail":["https:\/\/ajupe.com.uy\/web\/wp-content\/uploads\/2023\/06\/9296-300x450.jpg",300,450,true],"woocommerce_thumbnail":["https:\/\/ajupe.com.uy\/web\/wp-content\/uploads\/2023\/06\/9296-300x300.jpg",300,300,true],"woocommerce_single":["https:\/\/ajupe.com.uy\/web\/wp-content\/uploads\/2023\/06\/9296-300x466.jpg",300,466,true],"woocommerce_gallery_thumbnail":["https:\/\/ajupe.com.uy\/web\/wp-content\/uploads\/2023\/06\/9296-100x100.jpg",100,100,true]},"post_excerpt_stackable_v2":"<p>Viena, 1933. Para Hedy Kiesler, joven actriz jud\u00eda, su belleza ha sido su salvaci\u00f3n y su tormento: la protegi\u00f3 de los nazis, pero la condujo a un opresivo matrimonio con el traficante de armas de Hitler y Mussolini. Subestimada por todos a su alrededor, escuch\u00f3 los planes secretos del Tercer Reich cuando acompa\u00f1aba a su esposo a fiestas y cenas de negocios. Dividida entre el glamour y la culpa por ser una privilegiada, decidi\u00f3 escapar hacia Hollywood con un nuevo nombre: Hedy Lamarr. Pronto se convirti\u00f3 en un icono del cine estadounidense. Nadie en torno a su nueva vida sospechaba&hellip;<\/p>\n","category_list_v2":"","author_info_v2":{"name":"","url":""},"comments_num_v2":"0 comentarios","_links":{"self":[{"href":"https:\/\/ajupe.com.uy\/web\/wp-json\/wp\/v2\/product\/10160","targetHints":{"allow":["GET"]}}],"collection":[{"href":"https:\/\/ajupe.com.uy\/web\/wp-json\/wp\/v2\/product"}],"about":[{"href":"https:\/\/ajupe.com.uy\/web\/wp-json\/wp\/v2\/types\/product"}],"wp:featuredmedia":[{"embeddable":true,"href":"https:\/\/ajupe.com.uy\/web\/wp-json\/wp\/v2\/media\/10151"}],"wp:attachment":[{"href":"https:\/\/ajupe.com.uy\/web\/wp-json\/wp\/v2\/media?parent=10160"}],"wp:term":[{"taxonomy":"product_brand","embeddable":true,"href":"https:\/\/ajupe.com.uy\/web\/wp-json\/wp\/v2\/product_brand?post=10160"},{"taxonomy":"product_cat","embeddable":true,"href":"https:\/\/ajupe.com.uy\/web\/wp-json\/wp\/v2\/product_cat?post=10160"},{"taxonomy":"product_tag","embeddable":true,"href":"https:\/\/ajupe.com.uy\/web\/wp-json\/wp\/v2\/product_tag?post=10160"}],"curies":[{"name":"wp","href":"https:\/\/api.w.org\/{rel}","templated":true}]}}