{"id":10161,"date":"2023-06-22T17:57:00","date_gmt":"2023-06-22T20:57:00","guid":{"rendered":"http:\/\/ajupe.com.uy\/web\/?post_type=product&#038;p=10161"},"modified":"2023-06-22T17:58:57","modified_gmt":"2023-06-22T20:58:57","slug":"el-comprador-de-aniversarios","status":"publish","type":"product","link":"https:\/\/ajupe.com.uy\/web\/biblioteca\/el-comprador-de-aniversarios\/","title":{"rendered":"EL COMPRADOR DE ANIVERSARIOS"},"content":{"rendered":"<p>Galardonada con el Premio Dulce Chac\u00f3n, El comprador de aniversarios es la invenci\u00f3n de la vida no vivida de un ni\u00f1o jud\u00edo, de nombre Hurbinek, que muere en Auschwitz con tres a\u00f1os y que aparece apenas mencionado en La tregua de Primo Levi. En esta sobrecogedora novela se hace una recreaci\u00f3n de los a\u00f1os anteriores al nacimiento de Hurbinek y de los posteriores, de haber sobrevivido. Con una escritura poderosa, que modela a la vez elementos de realidad y de ficci\u00f3n creando un original mosaico, Adolfo Garc\u00eda Ortega relata las conmovedoras historias de amor de un pu\u00f1ado de seres humanos v\u00edctimas del terror nazi. El lector, atrapado por una narraci\u00f3n absorbente, percibir\u00e1 asombrado que nada de lo que ha le\u00eddo hasta ahora se parece a esta novela.<\/p>\n","protected":false},"excerpt":{"rendered":"<p>Galardonada con el Premio Dulce Chac\u00f3n, El comprador de aniversarios es la invenci\u00f3n de la vida no vivida de un ni\u00f1o jud\u00edo, de nombre Hurbinek, que muere en Auschwitz con tres a\u00f1os y que aparece apenas mencionado en La tregua de Primo Levi. En esta sobrecogedora novela se hace una recreaci\u00f3n de los a\u00f1os anteriores [&hellip;]<\/p>\n","protected":false},"featured_media":10152,"template":"","meta":[],"product_brand":[],"product_cat":[31,29],"product_tag":[],"class_list":{"0":"post-10161","1":"product","2":"type-product","3":"status-publish","4":"has-post-thumbnail","6":"product_cat-historico","7":"product_cat-novela","9":"first","10":"instock","11":"purchasable","12":"product-type-simple"},"featured_image_urls_v2":{"full":["https:\/\/ajupe.com.uy\/web\/wp-content\/uploads\/2023\/06\/9297.jpg",375,375,false],"thumbnail":["https:\/\/ajupe.com.uy\/web\/wp-content\/uploads\/2023\/06\/9297-150x150.jpg",150,150,true],"medium":["https:\/\/ajupe.com.uy\/web\/wp-content\/uploads\/2023\/06\/9297-300x300.jpg",300,300,true],"medium_large":["https:\/\/ajupe.com.uy\/web\/wp-content\/uploads\/2023\/06\/9297.jpg",375,375,false],"large":["https:\/\/ajupe.com.uy\/web\/wp-content\/uploads\/2023\/06\/9297.jpg",375,375,false],"1536x1536":["https:\/\/ajupe.com.uy\/web\/wp-content\/uploads\/2023\/06\/9297.jpg",375,375,false],"2048x2048":["https:\/\/ajupe.com.uy\/web\/wp-content\/uploads\/2023\/06\/9297.jpg",375,375,false],"woocommerce_archive_thumbnail":["https:\/\/ajupe.com.uy\/web\/wp-content\/uploads\/2023\/06\/9297-300x375.jpg",300,375,true],"woocommerce_thumbnail":["https:\/\/ajupe.com.uy\/web\/wp-content\/uploads\/2023\/06\/9297-300x300.jpg",300,300,true],"woocommerce_single":["https:\/\/ajupe.com.uy\/web\/wp-content\/uploads\/2023\/06\/9297-300x300.jpg",300,300,true],"woocommerce_gallery_thumbnail":["https:\/\/ajupe.com.uy\/web\/wp-content\/uploads\/2023\/06\/9297-100x100.jpg",100,100,true]},"post_excerpt_stackable_v2":"<p>Galardonada con el Premio Dulce Chac\u00f3n, El comprador de aniversarios es la invenci\u00f3n de la vida no vivida de un ni\u00f1o jud\u00edo, de nombre Hurbinek, que muere en Auschwitz con tres a\u00f1os y que aparece apenas mencionado en La tregua de Primo Levi. En esta sobrecogedora novela se hace una recreaci\u00f3n de los a\u00f1os anteriores al nacimiento de Hurbinek y de los posteriores, de haber sobrevivido. Con una escritura poderosa, que modela a la vez elementos de realidad y de ficci\u00f3n creando un original mosaico, Adolfo Garc\u00eda Ortega relata las conmovedoras historias de amor de un pu\u00f1ado de seres humanos&hellip;<\/p>\n","category_list_v2":"","author_info_v2":{"name":"","url":""},"comments_num_v2":"0 comentarios","_links":{"self":[{"href":"https:\/\/ajupe.com.uy\/web\/wp-json\/wp\/v2\/product\/10161","targetHints":{"allow":["GET"]}}],"collection":[{"href":"https:\/\/ajupe.com.uy\/web\/wp-json\/wp\/v2\/product"}],"about":[{"href":"https:\/\/ajupe.com.uy\/web\/wp-json\/wp\/v2\/types\/product"}],"wp:featuredmedia":[{"embeddable":true,"href":"https:\/\/ajupe.com.uy\/web\/wp-json\/wp\/v2\/media\/10152"}],"wp:attachment":[{"href":"https:\/\/ajupe.com.uy\/web\/wp-json\/wp\/v2\/media?parent=10161"}],"wp:term":[{"taxonomy":"product_brand","embeddable":true,"href":"https:\/\/ajupe.com.uy\/web\/wp-json\/wp\/v2\/product_brand?post=10161"},{"taxonomy":"product_cat","embeddable":true,"href":"https:\/\/ajupe.com.uy\/web\/wp-json\/wp\/v2\/product_cat?post=10161"},{"taxonomy":"product_tag","embeddable":true,"href":"https:\/\/ajupe.com.uy\/web\/wp-json\/wp\/v2\/product_tag?post=10161"}],"curies":[{"name":"wp","href":"https:\/\/api.w.org\/{rel}","templated":true}]}}