{"id":10176,"date":"2023-06-22T18:24:58","date_gmt":"2023-06-22T21:24:58","guid":{"rendered":"http:\/\/ajupe.com.uy\/web\/?post_type=product&#038;p=10176"},"modified":"2023-06-22T18:26:50","modified_gmt":"2023-06-22T21:26:50","slug":"el-hechizo-del-agua","status":"publish","type":"product","link":"https:\/\/ajupe.com.uy\/web\/biblioteca\/el-hechizo-del-agua\/","title":{"rendered":"EL HECHIZO DEL AGUA"},"content":{"rendered":"<p><strong>No eres due\u00f1a de tu destino hasta que no entiendes qui\u00e9n eres<\/strong><\/p>\n<p><strong>Florencia Bonelli, una de las autoras m\u00e1s vendidas del g\u00e9nero rom\u00e1ntico, nos propone una historia contempor\u00e1nea acerca de lo trascendental y profundo que es el primer amor.<\/strong><\/p>\n<p><strong>Brenda G\u00f3mez tiene una vida perfecta<\/strong>. Es una alumna destacada en la carrera de Ciencias Econ\u00f3micas, su novio es un joven ambicioso y con un gran futuro, sus amigas son leales, su familia la adora.\u00a0<strong>Pero ella no es feliz<\/strong>.<\/p>\n<p>La domina un mundo interior complejo, plagado de sentimientos e ideas que oculta, pues la averg\u00fcenzan y la alejan del modelo que se impone seguir. De los secretos que esconde, uno la atormenta especialmente:\u00a0<strong>ama a Diego Bertoni desde que tiene memoria; un amor extra\u00f1o por varias razones, pero, sobre todo, prohibido<\/strong>.<\/p>\n<p>\u00ab\u00bfQui\u00e9n soy yo en realidad?\u00bb es la pregunta que Brenda jam\u00e1s se formul\u00f3, y es, sin embargo, la que posee la llave para resolver los misterios que la definen, para acabar con la hipocres\u00eda que la condena a la infelicidad.<\/p>\n","protected":false},"excerpt":{"rendered":"<p>No eres due\u00f1a de tu destino hasta que no entiendes qui\u00e9n eres Florencia Bonelli, una de las autoras m\u00e1s vendidas del g\u00e9nero rom\u00e1ntico, nos propone una historia contempor\u00e1nea acerca de lo trascendental y profundo que es el primer amor. Brenda G\u00f3mez tiene una vida perfecta. Es una alumna destacada en la carrera de Ciencias Econ\u00f3micas, [&hellip;]<\/p>\n","protected":false},"featured_media":10169,"template":"","meta":[],"product_brand":[],"product_cat":[29],"product_tag":[],"class_list":{"0":"post-10176","1":"product","2":"type-product","3":"status-publish","4":"has-post-thumbnail","6":"product_cat-novela","8":"first","9":"instock","10":"purchasable","11":"product-type-simple"},"featured_image_urls_v2":{"full":["https:\/\/ajupe.com.uy\/web\/wp-content\/uploads\/2023\/06\/9303.jpg",443,683,false],"thumbnail":["https:\/\/ajupe.com.uy\/web\/wp-content\/uploads\/2023\/06\/9303.jpg",97,150,false],"medium":["https:\/\/ajupe.com.uy\/web\/wp-content\/uploads\/2023\/06\/9303.jpg",195,300,false],"medium_large":["https:\/\/ajupe.com.uy\/web\/wp-content\/uploads\/2023\/06\/9303.jpg",443,683,false],"large":["https:\/\/ajupe.com.uy\/web\/wp-content\/uploads\/2023\/06\/9303.jpg",443,683,false],"1536x1536":["https:\/\/ajupe.com.uy\/web\/wp-content\/uploads\/2023\/06\/9303.jpg",443,683,false],"2048x2048":["https:\/\/ajupe.com.uy\/web\/wp-content\/uploads\/2023\/06\/9303.jpg",443,683,false],"woocommerce_archive_thumbnail":["https:\/\/ajupe.com.uy\/web\/wp-content\/uploads\/2023\/06\/9303-300x450.jpg",300,450,true],"woocommerce_thumbnail":["https:\/\/ajupe.com.uy\/web\/wp-content\/uploads\/2023\/06\/9303-300x300.jpg",300,300,true],"woocommerce_single":["https:\/\/ajupe.com.uy\/web\/wp-content\/uploads\/2023\/06\/9303-300x463.jpg",300,463,true],"woocommerce_gallery_thumbnail":["https:\/\/ajupe.com.uy\/web\/wp-content\/uploads\/2023\/06\/9303-100x100.jpg",100,100,true]},"post_excerpt_stackable_v2":"<p>No eres due\u00f1a de tu destino hasta que no entiendes qui\u00e9n eres Florencia Bonelli, una de las autoras m\u00e1s vendidas del g\u00e9nero rom\u00e1ntico, nos propone una historia contempor\u00e1nea acerca de lo trascendental y profundo que es el primer amor. Brenda G\u00f3mez tiene una vida perfecta. Es una alumna destacada en la carrera de Ciencias Econ\u00f3micas, su novio es un joven ambicioso y con un gran futuro, sus amigas son leales, su familia la adora.\u00a0Pero ella no es feliz. La domina un mundo interior complejo, plagado de sentimientos e ideas que oculta, pues la averg\u00fcenzan y la alejan del modelo que&hellip;<\/p>\n","category_list_v2":"","author_info_v2":{"name":"","url":""},"comments_num_v2":"0 comentarios","_links":{"self":[{"href":"https:\/\/ajupe.com.uy\/web\/wp-json\/wp\/v2\/product\/10176","targetHints":{"allow":["GET"]}}],"collection":[{"href":"https:\/\/ajupe.com.uy\/web\/wp-json\/wp\/v2\/product"}],"about":[{"href":"https:\/\/ajupe.com.uy\/web\/wp-json\/wp\/v2\/types\/product"}],"wp:featuredmedia":[{"embeddable":true,"href":"https:\/\/ajupe.com.uy\/web\/wp-json\/wp\/v2\/media\/10169"}],"wp:attachment":[{"href":"https:\/\/ajupe.com.uy\/web\/wp-json\/wp\/v2\/media?parent=10176"}],"wp:term":[{"taxonomy":"product_brand","embeddable":true,"href":"https:\/\/ajupe.com.uy\/web\/wp-json\/wp\/v2\/product_brand?post=10176"},{"taxonomy":"product_cat","embeddable":true,"href":"https:\/\/ajupe.com.uy\/web\/wp-json\/wp\/v2\/product_cat?post=10176"},{"taxonomy":"product_tag","embeddable":true,"href":"https:\/\/ajupe.com.uy\/web\/wp-json\/wp\/v2\/product_tag?post=10176"}],"curies":[{"name":"wp","href":"https:\/\/api.w.org\/{rel}","templated":true}]}}