{"id":10178,"date":"2023-06-22T18:29:27","date_gmt":"2023-06-22T21:29:27","guid":{"rendered":"http:\/\/ajupe.com.uy\/web\/?post_type=product&#038;p=10178"},"modified":"2023-06-22T18:31:57","modified_gmt":"2023-06-22T21:31:57","slug":"sufrir-en-el-silencio","status":"publish","type":"product","link":"https:\/\/ajupe.com.uy\/web\/biblioteca\/sufrir-en-el-silencio\/","title":{"rendered":"SUFRIR EN EL SILENCIO"},"content":{"rendered":"<p>Mar\u00eda Eugenia Vaz Ferreira fue una adelantada a su tiempo. Deslumbr\u00f3 tempranamente en los salones burgueses de su \u00e9poca con una poes\u00eda profunda y desenfadada. Jos\u00e9 Enrique Rod\u00f3 y Julio Herrera y Reissig reconocieron tempranamente su talento, le siguieron luego otros intelectuales del Novecientos. Tambi\u00e9n despert\u00f3 la admiraci\u00f3n de Rub\u00e9n Dar\u00edo, el hombre que revolucion\u00f3 la poes\u00eda en el siglo XX y creador del Modernismo latinoamericano. Sin embargo, Mar\u00eda Eugenia no fue feliz. Su car\u00e1cter melanc\u00f3lico, su compleja espiritualidad, Sus extravagancias y su inclinaci\u00f3n por la atm\u00f3sfera de la noche la impulsaron a aislarse y refugiarse en su arte. Rechaz\u00f3 siempre las propuestas para publicar su obra en un libro, quiz\u00e1s porque ello significaba exponer su convulsionado mundo interior. Su temperamento y su manera de ir por la vida no se amoldaban a los c\u00e1nones de la \u00e9poca, y la pacata sociedad que la rodeaba la conden\u00f3 a la incomprensi\u00f3n y el rechazo.<\/p>\n<p>Diego Fischer construye en esta biograf\u00eda novelada el retrato profundo y conmovedor de una poetisa clave de nuestra historia, una persona que desafi\u00f3 al destino marcado para cualquier mujer de su \u00e9poca, una rebelde que resisti\u00f3 para mantenerse siendo ella misma.<\/p>\n<p>Con Sufrir en el silencio, Fischer completa una trilog\u00eda clave de la producci\u00f3n bibliogr\u00e1fica contempor\u00e1nea de Am\u00e9rica Latina, junto a los trabajos sobre Juana de Ibarbourou y Delmira Agustini. Los tres libros constituyen el fresco de un momento fundacional de nuestra identidad cultural, una \u00e9poca en que la poes\u00eda era popular, y los poetas conmov\u00edan a todos y convocaban a multitudes.<\/p>\n","protected":false},"excerpt":{"rendered":"<p>Mar\u00eda Eugenia Vaz Ferreira fue una adelantada a su tiempo. Deslumbr\u00f3 tempranamente en los salones burgueses de su \u00e9poca con una poes\u00eda profunda y desenfadada. Jos\u00e9 Enrique Rod\u00f3 y Julio Herrera y Reissig reconocieron tempranamente su talento, le siguieron luego otros intelectuales del Novecientos. Tambi\u00e9n despert\u00f3 la admiraci\u00f3n de Rub\u00e9n Dar\u00edo, el hombre que revolucion\u00f3 [&hellip;]<\/p>\n","protected":false},"featured_media":10171,"template":"","meta":[],"product_brand":[],"product_cat":[31,29],"product_tag":[],"class_list":{"0":"post-10178","1":"product","2":"type-product","3":"status-publish","4":"has-post-thumbnail","6":"product_cat-historico","7":"product_cat-novela","9":"first","10":"instock","11":"purchasable","12":"product-type-simple"},"featured_image_urls_v2":{"full":["https:\/\/ajupe.com.uy\/web\/wp-content\/uploads\/2023\/06\/9305.jpg",447,679,false],"thumbnail":["https:\/\/ajupe.com.uy\/web\/wp-content\/uploads\/2023\/06\/9305-150x150.jpg",150,150,true],"medium":["https:\/\/ajupe.com.uy\/web\/wp-content\/uploads\/2023\/06\/9305-197x300.jpg",197,300,true],"medium_large":["https:\/\/ajupe.com.uy\/web\/wp-content\/uploads\/2023\/06\/9305.jpg",447,679,false],"large":["https:\/\/ajupe.com.uy\/web\/wp-content\/uploads\/2023\/06\/9305.jpg",447,679,false],"1536x1536":["https:\/\/ajupe.com.uy\/web\/wp-content\/uploads\/2023\/06\/9305.jpg",447,679,false],"2048x2048":["https:\/\/ajupe.com.uy\/web\/wp-content\/uploads\/2023\/06\/9305.jpg",447,679,false],"woocommerce_archive_thumbnail":["https:\/\/ajupe.com.uy\/web\/wp-content\/uploads\/2023\/06\/9305-300x450.jpg",300,450,true],"woocommerce_thumbnail":["https:\/\/ajupe.com.uy\/web\/wp-content\/uploads\/2023\/06\/9305-300x300.jpg",300,300,true],"woocommerce_single":["https:\/\/ajupe.com.uy\/web\/wp-content\/uploads\/2023\/06\/9305-300x456.jpg",300,456,true],"woocommerce_gallery_thumbnail":["https:\/\/ajupe.com.uy\/web\/wp-content\/uploads\/2023\/06\/9305-100x100.jpg",100,100,true]},"post_excerpt_stackable_v2":"<p>Mar\u00eda Eugenia Vaz Ferreira fue una adelantada a su tiempo. Deslumbr\u00f3 tempranamente en los salones burgueses de su \u00e9poca con una poes\u00eda profunda y desenfadada. Jos\u00e9 Enrique Rod\u00f3 y Julio Herrera y Reissig reconocieron tempranamente su talento, le siguieron luego otros intelectuales del Novecientos. Tambi\u00e9n despert\u00f3 la admiraci\u00f3n de Rub\u00e9n Dar\u00edo, el hombre que revolucion\u00f3 la poes\u00eda en el siglo XX y creador del Modernismo latinoamericano. Sin embargo, Mar\u00eda Eugenia no fue feliz. Su car\u00e1cter melanc\u00f3lico, su compleja espiritualidad, Sus extravagancias y su inclinaci\u00f3n por la atm\u00f3sfera de la noche la impulsaron a aislarse y refugiarse en su arte. Rechaz\u00f3&hellip;<\/p>\n","category_list_v2":"","author_info_v2":{"name":"","url":""},"comments_num_v2":"0 comentarios","_links":{"self":[{"href":"https:\/\/ajupe.com.uy\/web\/wp-json\/wp\/v2\/product\/10178","targetHints":{"allow":["GET"]}}],"collection":[{"href":"https:\/\/ajupe.com.uy\/web\/wp-json\/wp\/v2\/product"}],"about":[{"href":"https:\/\/ajupe.com.uy\/web\/wp-json\/wp\/v2\/types\/product"}],"wp:featuredmedia":[{"embeddable":true,"href":"https:\/\/ajupe.com.uy\/web\/wp-json\/wp\/v2\/media\/10171"}],"wp:attachment":[{"href":"https:\/\/ajupe.com.uy\/web\/wp-json\/wp\/v2\/media?parent=10178"}],"wp:term":[{"taxonomy":"product_brand","embeddable":true,"href":"https:\/\/ajupe.com.uy\/web\/wp-json\/wp\/v2\/product_brand?post=10178"},{"taxonomy":"product_cat","embeddable":true,"href":"https:\/\/ajupe.com.uy\/web\/wp-json\/wp\/v2\/product_cat?post=10178"},{"taxonomy":"product_tag","embeddable":true,"href":"https:\/\/ajupe.com.uy\/web\/wp-json\/wp\/v2\/product_tag?post=10178"}],"curies":[{"name":"wp","href":"https:\/\/api.w.org\/{rel}","templated":true}]}}