{"id":10179,"date":"2023-06-22T18:34:46","date_gmt":"2023-06-22T21:34:46","guid":{"rendered":"http:\/\/ajupe.com.uy\/web\/?post_type=product&#038;p=10179"},"modified":"2023-06-22T18:38:27","modified_gmt":"2023-06-22T21:38:27","slug":"una-historia-ridicula","status":"publish","type":"product","link":"https:\/\/ajupe.com.uy\/web\/biblioteca\/una-historia-ridicula\/","title":{"rendered":"UNA HISTORIA RIDICULA"},"content":{"rendered":"<div><\/div>\n<div class=\"r0Sd2e q1tDwf XQ7Wld rucl9c\">\n<div>\n<div>\n<div class=\"wDYxhc\" data-md=\"1001\" data-hveid=\"CBwQAA\" data-ved=\"2ahUKEwik5cbT6tf_AhVjvJUCHRw1C6IQkCl6BAgcEAA\">\n<div class=\"Z1hOCe\">\n<div class=\"zloOqf PZPZlf\" data-ved=\"2ahUKEwik5cbT6tf_AhVjvJUCHRw1C6IQyxMoAHoECBwQAQ\">\u00abUna obra maestra&#8230; hija de un prestidigitador, un mago de la palabra. Una fiesta de la inteligencia, y de la sabidur\u00eda. Hasta d\u00f3nde puede llegar Landero si sigue as\u00ed.\u00bb Jos\u00e9 M. Pozuelo Yvancos, Abc Cultural \u00abEl autor de Lluvia fina o El huerto de Emerson asciende en su maestr\u00eda.\u00bb Juan Cruz, El Peri\u00f3dico \u00abLandero est\u00e1 en estado de gracia. Lo ratifica con una de sus novelas mayores.\u00bb Ant\u00f3n Castro, Heraldo de Arag\u00f3n \u00abEl gran escritor extreme\u00f1o regresa con una de sus mejores criaturas, y una prosa vivaz, arm\u00f3nica y r\u00edtmica. Un t\u00edtulo imprescindible.\u00bb Concha D\u2019Olhaberriague, El Imparcial \u00abQu\u00e9 bien sabe Landero cerrar una novela cuyo inolvidable cl\u00edmax apote\u00f3sico ha conducido al lector magistralmente. Extraordinaria. Otra vez.\u00bb Ricardo Baixeras, El Peri\u00f3dico \u00abLandero vuelve a demostrar su gran talento para bordar una historia entra\u00f1able y l\u00facida escrita con una prosa envidiable&#8230; Destila ir\u00f3nica ternura y un tono entre desinhibido y resignado. Landero ha acertado una vez m\u00e1s.\u00bb Jes\u00fas Ferrer, La Raz\u00f3n \u00abLandero regresa a la ficci\u00f3n m\u00e1s voluptuosa y total&#8230; El Landero m\u00e1s poderoso en su figura m\u00e1s secretamente vulnerable, el Landero m\u00e1s firme en su personaje m\u00e1s descre\u00eddo.\u00bb Juan Marqu\u00e9s, La Lectura (El Mundo) Marcial es un hombre exigente, con don de palabra, y orgulloso de su formaci\u00f3n autodidacta. Un d\u00eda se encuentra con una mujer que no solo le fascina, sino que re\u00fane todo aquello que le gustar\u00eda tener en la vida: buen gusto, alta posici\u00f3n, relaciones con gente interesante. \u00c9l, que tiene un alto concepto de s\u00ed mismo, es de hecho encargado en una empresa c\u00e1rnica. Ella, que se ha presentado como Pepita, es estudiosa del arte y pertenece a una familia adinerada. Marcial necesita contarnos su historia de amor, el despliegue de sus talentos para conquistarla, su estrategia para desbancar a los otros pretendientes y sobre todo qu\u00e9 ocurri\u00f3 cuando fue invitado a una fiesta en casa de su amada.<\/div>\n<\/div>\n<\/div>\n<\/div>\n<\/div>\n<\/div>\n","protected":false},"excerpt":{"rendered":"<p>\u00abUna obra maestra&#8230; hija de un prestidigitador, un mago de la palabra. Una fiesta de la inteligencia, y de la sabidur\u00eda. Hasta d\u00f3nde puede llegar Landero si sigue as\u00ed.\u00bb Jos\u00e9 M. Pozuelo Yvancos, Abc Cultural \u00abEl autor de Lluvia fina o El huerto de Emerson asciende en su maestr\u00eda.\u00bb Juan Cruz, El Peri\u00f3dico \u00abLandero est\u00e1 [&hellip;]<\/p>\n","protected":false},"featured_media":10172,"template":"","meta":[],"product_brand":[],"product_cat":[29],"product_tag":[],"class_list":{"0":"post-10179","1":"product","2":"type-product","3":"status-publish","4":"has-post-thumbnail","6":"product_cat-novela","8":"first","9":"instock","10":"purchasable","11":"product-type-simple"},"featured_image_urls_v2":{"full":["https:\/\/ajupe.com.uy\/web\/wp-content\/uploads\/2023\/06\/9306.jpg",445,671,false],"thumbnail":["https:\/\/ajupe.com.uy\/web\/wp-content\/uploads\/2023\/06\/9306-150x150.jpg",150,150,true],"medium":["https:\/\/ajupe.com.uy\/web\/wp-content\/uploads\/2023\/06\/9306-199x300.jpg",199,300,true],"medium_large":["https:\/\/ajupe.com.uy\/web\/wp-content\/uploads\/2023\/06\/9306.jpg",445,671,false],"large":["https:\/\/ajupe.com.uy\/web\/wp-content\/uploads\/2023\/06\/9306.jpg",445,671,false],"1536x1536":["https:\/\/ajupe.com.uy\/web\/wp-content\/uploads\/2023\/06\/9306.jpg",445,671,false],"2048x2048":["https:\/\/ajupe.com.uy\/web\/wp-content\/uploads\/2023\/06\/9306.jpg",445,671,false],"woocommerce_archive_thumbnail":["https:\/\/ajupe.com.uy\/web\/wp-content\/uploads\/2023\/06\/9306-300x450.jpg",300,450,true],"woocommerce_thumbnail":["https:\/\/ajupe.com.uy\/web\/wp-content\/uploads\/2023\/06\/9306-300x300.jpg",300,300,true],"woocommerce_single":["https:\/\/ajupe.com.uy\/web\/wp-content\/uploads\/2023\/06\/9306-300x452.jpg",300,452,true],"woocommerce_gallery_thumbnail":["https:\/\/ajupe.com.uy\/web\/wp-content\/uploads\/2023\/06\/9306-100x100.jpg",100,100,true]},"post_excerpt_stackable_v2":"<p>\u00abUna obra maestra&#8230; hija de un prestidigitador, un mago de la palabra. Una fiesta de la inteligencia, y de la sabidur\u00eda. Hasta d\u00f3nde puede llegar Landero si sigue as\u00ed.\u00bb Jos\u00e9 M. Pozuelo Yvancos, Abc Cultural \u00abEl autor de Lluvia fina o El huerto de Emerson asciende en su maestr\u00eda.\u00bb Juan Cruz, El Peri\u00f3dico \u00abLandero est\u00e1 en estado de gracia. Lo ratifica con una de sus novelas mayores.\u00bb Ant\u00f3n Castro, Heraldo de Arag\u00f3n \u00abEl gran escritor extreme\u00f1o regresa con una de sus mejores criaturas, y una prosa vivaz, arm\u00f3nica y r\u00edtmica. Un t\u00edtulo imprescindible.\u00bb Concha D\u2019Olhaberriague, El Imparcial \u00abQu\u00e9 bien sabe&hellip;<\/p>\n","category_list_v2":"","author_info_v2":{"name":"","url":""},"comments_num_v2":"0 comentarios","_links":{"self":[{"href":"https:\/\/ajupe.com.uy\/web\/wp-json\/wp\/v2\/product\/10179","targetHints":{"allow":["GET"]}}],"collection":[{"href":"https:\/\/ajupe.com.uy\/web\/wp-json\/wp\/v2\/product"}],"about":[{"href":"https:\/\/ajupe.com.uy\/web\/wp-json\/wp\/v2\/types\/product"}],"wp:featuredmedia":[{"embeddable":true,"href":"https:\/\/ajupe.com.uy\/web\/wp-json\/wp\/v2\/media\/10172"}],"wp:attachment":[{"href":"https:\/\/ajupe.com.uy\/web\/wp-json\/wp\/v2\/media?parent=10179"}],"wp:term":[{"taxonomy":"product_brand","embeddable":true,"href":"https:\/\/ajupe.com.uy\/web\/wp-json\/wp\/v2\/product_brand?post=10179"},{"taxonomy":"product_cat","embeddable":true,"href":"https:\/\/ajupe.com.uy\/web\/wp-json\/wp\/v2\/product_cat?post=10179"},{"taxonomy":"product_tag","embeddable":true,"href":"https:\/\/ajupe.com.uy\/web\/wp-json\/wp\/v2\/product_tag?post=10179"}],"curies":[{"name":"wp","href":"https:\/\/api.w.org\/{rel}","templated":true}]}}