{"id":10180,"date":"2023-06-22T18:39:27","date_gmt":"2023-06-22T21:39:27","guid":{"rendered":"http:\/\/ajupe.com.uy\/web\/?post_type=product&#038;p=10180"},"modified":"2023-06-22T18:40:49","modified_gmt":"2023-06-22T21:40:49","slug":"te-llamare-viernes","status":"publish","type":"product","link":"https:\/\/ajupe.com.uy\/web\/biblioteca\/te-llamare-viernes\/","title":{"rendered":"TE LLAMAR\u00c9 VIERNES"},"content":{"rendered":"<div>Una entra\u00f1able historia de amor entre dos seres a los que la vida ha dejado al margen en un Madrid sin alma.<\/div>\n<div class=\"r0Sd2e q1tDwf XQ7Wld rucl9c\">\n<div class=\"wDYxhc\" data-md=\"1001\" data-hveid=\"CBwQAA\" data-ved=\"2ahUKEwik5cbT6tf_AhVjvJUCHRw1C6IQkCl6BAgcEAA\">\n<div class=\"Z1hOCe\">\n<div class=\"zloOqf PZPZlf\" data-ved=\"2ahUKEwik5cbT6tf_AhVjvJUCHRw1C6IQyxMoAHoECBwQAQ\">\n<p>\u00bfC\u00f3mo condensar en pocas l\u00edneas toda la complejidad de esta dif\u00edcil historia de amor, que genera a su vez tantas otras que nos hacen pensar y sentir la abrumadora soledad en la que intentan sobrevivir estos personajes feos y hura\u00f1os, crecidos en el desamor, conmovedores en medio de tanta dureza y tanta ternura ? En un Madrid sin alma, Benito ata los cabos de su accidentada existencia gris, hecha para estrellarse una y otra vez \u00abcon la miseria del h\u00e9roe\u00bb, hasta el d\u00eda en que, cual un nuevo y desesperado Robinson urbano, encuentra a su Viernes en Manuela, con quien la Naturaleza no fue benigna pero a quien s\u00ed dot\u00f3 del extraordinario don de fabular. Consuelan su tortuoso y tenue deseo de vida y amor el recuerdo insistente de las chinelas azul celeste de una madre infiel y los delirios filos\u00f3ficos de Polibio, intelectual venido a menos, due\u00f1o del bar m\u00e1s cutre de la ciudad. A su alrededor, los dem\u00e1s, el jodido mundo que es como una isla desierta cuando no hay un maldito Viernes que te cuente un cuento&#8230;<\/p>\n<\/div>\n<\/div>\n<\/div>\n<\/div>\n","protected":false},"excerpt":{"rendered":"<p>Una entra\u00f1able historia de amor entre dos seres a los que la vida ha dejado al margen en un Madrid sin alma. \u00bfC\u00f3mo condensar en pocas l\u00edneas toda la complejidad de esta dif\u00edcil historia de amor, que genera a su vez tantas otras que nos hacen pensar y sentir la abrumadora soledad en la que [&hellip;]<\/p>\n","protected":false},"featured_media":10173,"template":"","meta":[],"product_brand":[],"product_cat":[29],"product_tag":[],"class_list":{"0":"post-10180","1":"product","2":"type-product","3":"status-publish","4":"has-post-thumbnail","6":"product_cat-novela","8":"first","9":"instock","10":"purchasable","11":"product-type-simple"},"featured_image_urls_v2":{"full":["https:\/\/ajupe.com.uy\/web\/wp-content\/uploads\/2023\/06\/9307.jpg",367,567,false],"thumbnail":["https:\/\/ajupe.com.uy\/web\/wp-content\/uploads\/2023\/06\/9307-150x150.jpg",150,150,true],"medium":["https:\/\/ajupe.com.uy\/web\/wp-content\/uploads\/2023\/06\/9307-194x300.jpg",194,300,true],"medium_large":["https:\/\/ajupe.com.uy\/web\/wp-content\/uploads\/2023\/06\/9307.jpg",367,567,false],"large":["https:\/\/ajupe.com.uy\/web\/wp-content\/uploads\/2023\/06\/9307.jpg",367,567,false],"1536x1536":["https:\/\/ajupe.com.uy\/web\/wp-content\/uploads\/2023\/06\/9307.jpg",367,567,false],"2048x2048":["https:\/\/ajupe.com.uy\/web\/wp-content\/uploads\/2023\/06\/9307.jpg",367,567,false],"woocommerce_archive_thumbnail":["https:\/\/ajupe.com.uy\/web\/wp-content\/uploads\/2023\/06\/9307-300x450.jpg",300,450,true],"woocommerce_thumbnail":["https:\/\/ajupe.com.uy\/web\/wp-content\/uploads\/2023\/06\/9307-300x300.jpg",300,300,true],"woocommerce_single":["https:\/\/ajupe.com.uy\/web\/wp-content\/uploads\/2023\/06\/9307-300x463.jpg",300,463,true],"woocommerce_gallery_thumbnail":["https:\/\/ajupe.com.uy\/web\/wp-content\/uploads\/2023\/06\/9307-100x100.jpg",100,100,true]},"post_excerpt_stackable_v2":"<p>Una entra\u00f1able historia de amor entre dos seres a los que la vida ha dejado al margen en un Madrid sin alma. \u00bfC\u00f3mo condensar en pocas l\u00edneas toda la complejidad de esta dif\u00edcil historia de amor, que genera a su vez tantas otras que nos hacen pensar y sentir la abrumadora soledad en la que intentan sobrevivir estos personajes feos y hura\u00f1os, crecidos en el desamor, conmovedores en medio de tanta dureza y tanta ternura ? En un Madrid sin alma, Benito ata los cabos de su accidentada existencia gris, hecha para estrellarse una y otra vez \u00abcon la miseria&hellip;<\/p>\n","category_list_v2":"","author_info_v2":{"name":"","url":""},"comments_num_v2":"0 comentarios","_links":{"self":[{"href":"https:\/\/ajupe.com.uy\/web\/wp-json\/wp\/v2\/product\/10180","targetHints":{"allow":["GET"]}}],"collection":[{"href":"https:\/\/ajupe.com.uy\/web\/wp-json\/wp\/v2\/product"}],"about":[{"href":"https:\/\/ajupe.com.uy\/web\/wp-json\/wp\/v2\/types\/product"}],"wp:featuredmedia":[{"embeddable":true,"href":"https:\/\/ajupe.com.uy\/web\/wp-json\/wp\/v2\/media\/10173"}],"wp:attachment":[{"href":"https:\/\/ajupe.com.uy\/web\/wp-json\/wp\/v2\/media?parent=10180"}],"wp:term":[{"taxonomy":"product_brand","embeddable":true,"href":"https:\/\/ajupe.com.uy\/web\/wp-json\/wp\/v2\/product_brand?post=10180"},{"taxonomy":"product_cat","embeddable":true,"href":"https:\/\/ajupe.com.uy\/web\/wp-json\/wp\/v2\/product_cat?post=10180"},{"taxonomy":"product_tag","embeddable":true,"href":"https:\/\/ajupe.com.uy\/web\/wp-json\/wp\/v2\/product_tag?post=10180"}],"curies":[{"name":"wp","href":"https:\/\/api.w.org\/{rel}","templated":true}]}}