{"id":10191,"date":"2023-07-28T16:05:32","date_gmt":"2023-07-28T19:05:32","guid":{"rendered":"https:\/\/ajupe.com.uy\/web\/?post_type=product&#038;p=10191"},"modified":"2023-07-28T16:07:12","modified_gmt":"2023-07-28T19:07:12","slug":"ahora-y-entonces","status":"publish","type":"product","link":"https:\/\/ajupe.com.uy\/web\/biblioteca\/ahora-y-entonces\/","title":{"rendered":"AHORA Y ENTONCES"},"content":{"rendered":"<p>Desde la ventana de su casa, la se\u00f1ora Sweet mira en perspectiva su presente y su pasado, su entonces y su ahora. Su anatom\u00eda conmovedora de un matrimonio roto \u2014el se\u00f1or Sweet ha empezado a odiarla\u2014 tambi\u00e9n nos habla de una juventud rota, ya que ella emigr\u00f3 a Estados Unidos \u00aben un barco bananero\u00bb, como su marido suele insistir en se\u00f1alar. Pese a la felicidad y el alivio que le proporcionan sus hijos, el joven Heracles y la bella Pers\u00e9fone, pocas cosas pueden distraerla de su obsesi\u00f3n por los err\u00e1ticos progresos de su jard\u00edn o alejarla de la habitaci\u00f3n contigua a la cocina donde a menudo se encierra para interrogar al pasado.<\/p>\n<p>Jamaica Kincaid envuelve al lector en un mundo a la vez familiar y sorprendente en su novela m\u00e1s audaz hasta la fecha, que algunos han interpretado como una oda a la venganza y que, al igual que Lucia Berlin, difumina deliberadamente los l\u00edmites entre lo ficticio y lo autobiogr\u00e1fico.<\/p>\n","protected":false},"excerpt":{"rendered":"<p>Desde la ventana de su casa, la se\u00f1ora Sweet mira en perspectiva su presente y su pasado, su entonces y su ahora. Su anatom\u00eda conmovedora de un matrimonio roto \u2014el se\u00f1or Sweet ha empezado a odiarla\u2014 tambi\u00e9n nos habla de una juventud rota, ya que ella emigr\u00f3 a Estados Unidos \u00aben un barco bananero\u00bb, como [&hellip;]<\/p>\n","protected":false},"featured_media":10192,"template":"","meta":[],"product_brand":[],"product_cat":[29],"product_tag":[],"class_list":{"0":"post-10191","1":"product","2":"type-product","3":"status-publish","4":"has-post-thumbnail","6":"product_cat-novela","8":"first","9":"instock","10":"purchasable","11":"product-type-simple"},"featured_image_urls_v2":{"full":["https:\/\/ajupe.com.uy\/web\/wp-content\/uploads\/2023\/07\/9312.jpg",111,170,false],"thumbnail":["https:\/\/ajupe.com.uy\/web\/wp-content\/uploads\/2023\/07\/9312-111x150.jpg",111,150,true],"medium":["https:\/\/ajupe.com.uy\/web\/wp-content\/uploads\/2023\/07\/9312.jpg",111,170,false],"medium_large":["https:\/\/ajupe.com.uy\/web\/wp-content\/uploads\/2023\/07\/9312.jpg",111,170,false],"large":["https:\/\/ajupe.com.uy\/web\/wp-content\/uploads\/2023\/07\/9312.jpg",111,170,false],"1536x1536":["https:\/\/ajupe.com.uy\/web\/wp-content\/uploads\/2023\/07\/9312.jpg",111,170,false],"2048x2048":["https:\/\/ajupe.com.uy\/web\/wp-content\/uploads\/2023\/07\/9312.jpg",111,170,false],"woocommerce_archive_thumbnail":["https:\/\/ajupe.com.uy\/web\/wp-content\/uploads\/2023\/07\/9312.jpg",111,170,false],"woocommerce_thumbnail":["https:\/\/ajupe.com.uy\/web\/wp-content\/uploads\/2023\/07\/9312.jpg",111,170,false],"woocommerce_single":["https:\/\/ajupe.com.uy\/web\/wp-content\/uploads\/2023\/07\/9312.jpg",111,170,false],"woocommerce_gallery_thumbnail":["https:\/\/ajupe.com.uy\/web\/wp-content\/uploads\/2023\/07\/9312-100x100.jpg",100,100,true]},"post_excerpt_stackable_v2":"<p>Desde la ventana de su casa, la se\u00f1ora Sweet mira en perspectiva su presente y su pasado, su entonces y su ahora. Su anatom\u00eda conmovedora de un matrimonio roto \u2014el se\u00f1or Sweet ha empezado a odiarla\u2014 tambi\u00e9n nos habla de una juventud rota, ya que ella emigr\u00f3 a Estados Unidos \u00aben un barco bananero\u00bb, como su marido suele insistir en se\u00f1alar. Pese a la felicidad y el alivio que le proporcionan sus hijos, el joven Heracles y la bella Pers\u00e9fone, pocas cosas pueden distraerla de su obsesi\u00f3n por los err\u00e1ticos progresos de su jard\u00edn o alejarla de la habitaci\u00f3n contigua&hellip;<\/p>\n","category_list_v2":"","author_info_v2":{"name":"","url":""},"comments_num_v2":"0 comentarios","_links":{"self":[{"href":"https:\/\/ajupe.com.uy\/web\/wp-json\/wp\/v2\/product\/10191","targetHints":{"allow":["GET"]}}],"collection":[{"href":"https:\/\/ajupe.com.uy\/web\/wp-json\/wp\/v2\/product"}],"about":[{"href":"https:\/\/ajupe.com.uy\/web\/wp-json\/wp\/v2\/types\/product"}],"wp:featuredmedia":[{"embeddable":true,"href":"https:\/\/ajupe.com.uy\/web\/wp-json\/wp\/v2\/media\/10192"}],"wp:attachment":[{"href":"https:\/\/ajupe.com.uy\/web\/wp-json\/wp\/v2\/media?parent=10191"}],"wp:term":[{"taxonomy":"product_brand","embeddable":true,"href":"https:\/\/ajupe.com.uy\/web\/wp-json\/wp\/v2\/product_brand?post=10191"},{"taxonomy":"product_cat","embeddable":true,"href":"https:\/\/ajupe.com.uy\/web\/wp-json\/wp\/v2\/product_cat?post=10191"},{"taxonomy":"product_tag","embeddable":true,"href":"https:\/\/ajupe.com.uy\/web\/wp-json\/wp\/v2\/product_tag?post=10191"}],"curies":[{"name":"wp","href":"https:\/\/api.w.org\/{rel}","templated":true}]}}