{"id":10193,"date":"2023-07-28T16:07:24","date_gmt":"2023-07-28T19:07:24","guid":{"rendered":"https:\/\/ajupe.com.uy\/web\/?post_type=product&#038;p=10193"},"modified":"2023-07-28T16:09:11","modified_gmt":"2023-07-28T19:09:11","slug":"hagan-juego","status":"publish","type":"product","link":"https:\/\/ajupe.com.uy\/web\/biblioteca\/hagan-juego\/","title":{"rendered":"HAGAN JUEGO"},"content":{"rendered":"<p><strong>Vuelve Rocco Schiavone, el melanc\u00f3lico, irascible, irreverente y poco ortodoxo subjefe de la polic\u00eda de Aosta.<\/strong><\/p>\n<p>Un homicidio en el casino de Saint-Vincent, uno de los m\u00e1s prestigiosos de Europa, sumerge a Rocco Schiavone en el mundo de la ludopat\u00eda, los juegos de azar y la avaricia. A pesar de la complejidad del caso, el subjefe no puede liberarse de su pasado&#8230; y recomponer su vida se torna m\u00e1s dif\u00edcil porque la sombra de su enemigo Enzo Baiocchi todav\u00eda se cierne sobre \u00e9l. Y a\u00fan quedan muchas preguntas por responder: \u00bfqu\u00e9 pas\u00f3 con Caterina?, \u00bfpor qu\u00e9 lo traicion\u00f3?, y \u00bfpor qu\u00e9 la fiscal\u00eda comienza a investigar la muerte de Luigi Baiocchi?<\/p>\n<p>Con su \u00e1cido sentido del humor, sus di\u00e1logos mordaces y una mirada sin concesiones sobre la sociedad contempor\u00e1nea, esta nueva investigaci\u00f3n de Rocco Schiavone es un aut\u00e9ntico placer para los aficionados a la novela negra.<\/p>\n","protected":false},"excerpt":{"rendered":"<p>Vuelve Rocco Schiavone, el melanc\u00f3lico, irascible, irreverente y poco ortodoxo subjefe de la polic\u00eda de Aosta. Un homicidio en el casino de Saint-Vincent, uno de los m\u00e1s prestigiosos de Europa, sumerge a Rocco Schiavone en el mundo de la ludopat\u00eda, los juegos de azar y la avaricia. A pesar de la complejidad del caso, el [&hellip;]<\/p>\n","protected":false},"featured_media":10194,"template":"","meta":[],"product_brand":[],"product_cat":[40],"product_tag":[],"class_list":{"0":"post-10193","1":"product","2":"type-product","3":"status-publish","4":"has-post-thumbnail","6":"product_cat-policial","8":"first","9":"instock","10":"purchasable","11":"product-type-simple"},"featured_image_urls_v2":{"full":["https:\/\/ajupe.com.uy\/web\/wp-content\/uploads\/2023\/07\/9313.jpg",101,162,false],"thumbnail":["https:\/\/ajupe.com.uy\/web\/wp-content\/uploads\/2023\/07\/9313-101x150.jpg",101,150,true],"medium":["https:\/\/ajupe.com.uy\/web\/wp-content\/uploads\/2023\/07\/9313.jpg",101,162,false],"medium_large":["https:\/\/ajupe.com.uy\/web\/wp-content\/uploads\/2023\/07\/9313.jpg",101,162,false],"large":["https:\/\/ajupe.com.uy\/web\/wp-content\/uploads\/2023\/07\/9313.jpg",101,162,false],"1536x1536":["https:\/\/ajupe.com.uy\/web\/wp-content\/uploads\/2023\/07\/9313.jpg",101,162,false],"2048x2048":["https:\/\/ajupe.com.uy\/web\/wp-content\/uploads\/2023\/07\/9313.jpg",101,162,false],"woocommerce_archive_thumbnail":["https:\/\/ajupe.com.uy\/web\/wp-content\/uploads\/2023\/07\/9313.jpg",101,162,false],"woocommerce_thumbnail":["https:\/\/ajupe.com.uy\/web\/wp-content\/uploads\/2023\/07\/9313.jpg",101,162,false],"woocommerce_single":["https:\/\/ajupe.com.uy\/web\/wp-content\/uploads\/2023\/07\/9313.jpg",101,162,false],"woocommerce_gallery_thumbnail":["https:\/\/ajupe.com.uy\/web\/wp-content\/uploads\/2023\/07\/9313-100x100.jpg",100,100,true]},"post_excerpt_stackable_v2":"<p>Vuelve Rocco Schiavone, el melanc\u00f3lico, irascible, irreverente y poco ortodoxo subjefe de la polic\u00eda de Aosta. Un homicidio en el casino de Saint-Vincent, uno de los m\u00e1s prestigiosos de Europa, sumerge a Rocco Schiavone en el mundo de la ludopat\u00eda, los juegos de azar y la avaricia. A pesar de la complejidad del caso, el subjefe no puede liberarse de su pasado&#8230; y recomponer su vida se torna m\u00e1s dif\u00edcil porque la sombra de su enemigo Enzo Baiocchi todav\u00eda se cierne sobre \u00e9l. Y a\u00fan quedan muchas preguntas por responder: \u00bfqu\u00e9 pas\u00f3 con Caterina?, \u00bfpor qu\u00e9 lo traicion\u00f3?, y \u00bfpor&hellip;<\/p>\n","category_list_v2":"","author_info_v2":{"name":"","url":""},"comments_num_v2":"0 comentarios","_links":{"self":[{"href":"https:\/\/ajupe.com.uy\/web\/wp-json\/wp\/v2\/product\/10193","targetHints":{"allow":["GET"]}}],"collection":[{"href":"https:\/\/ajupe.com.uy\/web\/wp-json\/wp\/v2\/product"}],"about":[{"href":"https:\/\/ajupe.com.uy\/web\/wp-json\/wp\/v2\/types\/product"}],"wp:featuredmedia":[{"embeddable":true,"href":"https:\/\/ajupe.com.uy\/web\/wp-json\/wp\/v2\/media\/10194"}],"wp:attachment":[{"href":"https:\/\/ajupe.com.uy\/web\/wp-json\/wp\/v2\/media?parent=10193"}],"wp:term":[{"taxonomy":"product_brand","embeddable":true,"href":"https:\/\/ajupe.com.uy\/web\/wp-json\/wp\/v2\/product_brand?post=10193"},{"taxonomy":"product_cat","embeddable":true,"href":"https:\/\/ajupe.com.uy\/web\/wp-json\/wp\/v2\/product_cat?post=10193"},{"taxonomy":"product_tag","embeddable":true,"href":"https:\/\/ajupe.com.uy\/web\/wp-json\/wp\/v2\/product_tag?post=10193"}],"curies":[{"name":"wp","href":"https:\/\/api.w.org\/{rel}","templated":true}]}}