{"id":10197,"date":"2023-07-28T16:13:09","date_gmt":"2023-07-28T19:13:09","guid":{"rendered":"https:\/\/ajupe.com.uy\/web\/?post_type=product&#038;p=10197"},"modified":"2023-07-28T16:14:44","modified_gmt":"2023-07-28T19:14:44","slug":"el-italiano","status":"publish","type":"product","link":"https:\/\/ajupe.com.uy\/web\/biblioteca\/el-italiano\/","title":{"rendered":"EL ITALIANO"},"content":{"rendered":"<p><strong>Una<\/strong>\u00a0<strong>historia de<\/strong>\u00a0<strong>amor, mar y<\/strong>\u00a0<strong>guerra<\/strong><\/p>\n<p><em>\u00abNada traiciona, tanto tiempo despu\u00e9s, la mujer que desde hace dos a\u00f1os vive sola junto al mar con un perro y unos libros. Qu\u00e9 otra cosa, decide, ser\u00eda el impulso, o el deseo, de permanecer abrazada a ese hombre para siempre. Ignora qu\u00e9 habr\u00e1 en su cabeza dentro de un par de horas, cuando la claridad del d\u00eda la despeje del todo e ilumine con m\u00e1s crudeza su conciencia. Lo cierto es que en este momento, sin duda alguna, desear\u00eda morir si \u00e9l muriera.\u00bb<\/em><\/p>\n<p>En los a\u00f1os 1942 y 1943, durante la Segunda Guerra Mundial, buzos de combate italianos hundieron o da\u00f1aron catorce barcos aliados en Gibraltar y la bah\u00eda de Algeciras. En esta novela, inspirada en hechos reales, s\u00f3lo algunos personajes y situaciones son\u00a0imaginarios. Elena Arbu\u00e9s, una librera de veintisiete a\u00f1os, encuentra una madrugada mientras pasea por la playa a uno de esos buzos, desvanecido entre la arena y el agua. Al socorrerlo, la joven ignora que esa determinaci\u00f3n cambiar\u00e1 su vida y que el amor ser\u00e1 s\u00f3lo parte de una peligrosa aventura.<\/p>\n","protected":false},"excerpt":{"rendered":"<p>Una\u00a0historia de\u00a0amor, mar y\u00a0guerra \u00abNada traiciona, tanto tiempo despu\u00e9s, la mujer que desde hace dos a\u00f1os vive sola junto al mar con un perro y unos libros. Qu\u00e9 otra cosa, decide, ser\u00eda el impulso, o el deseo, de permanecer abrazada a ese hombre para siempre. Ignora qu\u00e9 habr\u00e1 en su cabeza dentro de un par [&hellip;]<\/p>\n","protected":false},"featured_media":10198,"template":"","meta":[],"product_brand":[],"product_cat":[40],"product_tag":[],"class_list":{"0":"post-10197","1":"product","2":"type-product","3":"status-publish","4":"has-post-thumbnail","6":"product_cat-policial","8":"first","9":"instock","10":"purchasable","11":"product-type-simple"},"featured_image_urls_v2":{"full":["https:\/\/ajupe.com.uy\/web\/wp-content\/uploads\/2023\/07\/9315.jpg",183,283,false],"thumbnail":["https:\/\/ajupe.com.uy\/web\/wp-content\/uploads\/2023\/07\/9315-150x150.jpg",150,150,true],"medium":["https:\/\/ajupe.com.uy\/web\/wp-content\/uploads\/2023\/07\/9315.jpg",183,283,false],"medium_large":["https:\/\/ajupe.com.uy\/web\/wp-content\/uploads\/2023\/07\/9315.jpg",183,283,false],"large":["https:\/\/ajupe.com.uy\/web\/wp-content\/uploads\/2023\/07\/9315.jpg",183,283,false],"1536x1536":["https:\/\/ajupe.com.uy\/web\/wp-content\/uploads\/2023\/07\/9315.jpg",183,283,false],"2048x2048":["https:\/\/ajupe.com.uy\/web\/wp-content\/uploads\/2023\/07\/9315.jpg",183,283,false],"woocommerce_archive_thumbnail":["https:\/\/ajupe.com.uy\/web\/wp-content\/uploads\/2023\/07\/9315.jpg",183,283,false],"woocommerce_thumbnail":["https:\/\/ajupe.com.uy\/web\/wp-content\/uploads\/2023\/07\/9315.jpg",183,283,false],"woocommerce_single":["https:\/\/ajupe.com.uy\/web\/wp-content\/uploads\/2023\/07\/9315.jpg",183,283,false],"woocommerce_gallery_thumbnail":["https:\/\/ajupe.com.uy\/web\/wp-content\/uploads\/2023\/07\/9315-100x100.jpg",100,100,true]},"post_excerpt_stackable_v2":"<p>Una\u00a0historia de\u00a0amor, mar y\u00a0guerra \u00abNada traiciona, tanto tiempo despu\u00e9s, la mujer que desde hace dos a\u00f1os vive sola junto al mar con un perro y unos libros. Qu\u00e9 otra cosa, decide, ser\u00eda el impulso, o el deseo, de permanecer abrazada a ese hombre para siempre. Ignora qu\u00e9 habr\u00e1 en su cabeza dentro de un par de horas, cuando la claridad del d\u00eda la despeje del todo e ilumine con m\u00e1s crudeza su conciencia. Lo cierto es que en este momento, sin duda alguna, desear\u00eda morir si \u00e9l muriera.\u00bb En los a\u00f1os 1942 y 1943, durante la Segunda Guerra Mundial, buzos&hellip;<\/p>\n","category_list_v2":"","author_info_v2":{"name":"","url":""},"comments_num_v2":"0 comentarios","_links":{"self":[{"href":"https:\/\/ajupe.com.uy\/web\/wp-json\/wp\/v2\/product\/10197","targetHints":{"allow":["GET"]}}],"collection":[{"href":"https:\/\/ajupe.com.uy\/web\/wp-json\/wp\/v2\/product"}],"about":[{"href":"https:\/\/ajupe.com.uy\/web\/wp-json\/wp\/v2\/types\/product"}],"wp:featuredmedia":[{"embeddable":true,"href":"https:\/\/ajupe.com.uy\/web\/wp-json\/wp\/v2\/media\/10198"}],"wp:attachment":[{"href":"https:\/\/ajupe.com.uy\/web\/wp-json\/wp\/v2\/media?parent=10197"}],"wp:term":[{"taxonomy":"product_brand","embeddable":true,"href":"https:\/\/ajupe.com.uy\/web\/wp-json\/wp\/v2\/product_brand?post=10197"},{"taxonomy":"product_cat","embeddable":true,"href":"https:\/\/ajupe.com.uy\/web\/wp-json\/wp\/v2\/product_cat?post=10197"},{"taxonomy":"product_tag","embeddable":true,"href":"https:\/\/ajupe.com.uy\/web\/wp-json\/wp\/v2\/product_tag?post=10197"}],"curies":[{"name":"wp","href":"https:\/\/api.w.org\/{rel}","templated":true}]}}