{"id":1026,"date":"2010-07-14T00:00:00","date_gmt":"2010-07-14T03:00:00","guid":{"rendered":"http:\/\/ajupe.com.uy\/web\/?post_type=product&#038;p=1026"},"modified":"2010-07-14T00:00:00","modified_gmt":"2010-07-14T03:00:00","slug":"la-ley-del-manantial","status":"publish","type":"product","link":"https:\/\/ajupe.com.uy\/web\/biblioteca\/la-ley-del-manantial\/","title":{"rendered":"La ley del manantial"},"content":{"rendered":"<p>La ley del manantial, la brillante nueva novela del autor de El juicio, versa sobre los habitantes de un peque\u00f1o pueblo de monta\u00f1a de Colorado que protegen un secreto asombroso: un secreto tan valioso que algunos podr\u00edan llegar a matar por \u00e9l o inclusive a morir por \u00e9l. Accidentalmente, se descubren dos cad\u00e1veres, en apariencia v\u00edctimas de homicidio, enterrados en la nieve a gran altura sobre el remoto pueblo minero de Springhill. Las v\u00edctimas son un matrimonio de unos setenta a\u00f1os que no parec\u00edan sufrir de enfermedad alguna. Dennis Conway es un abogado penalista de Nueva York que se mud\u00f3 a Aspen y se cas\u00f3 con Sophie Henderson, una maestra que, adem\u00e1s, es intendente de Springhill.<\/p>\n","protected":false},"excerpt":{"rendered":"<p>La ley del manantial, la brillante nueva novela del autor de El juicio, versa sobre los habitantes de un peque\u00f1o pueblo de monta\u00f1a de Colorado que protegen un secreto asombroso: un secreto tan valioso que algunos podr\u00edan llegar a matar por \u00e9l o inclusive <\/p>\n","protected":false},"featured_media":1027,"template":"","meta":[],"product_brand":[280],"product_cat":[30],"product_tag":[],"class_list":{"0":"post-1026","1":"product","2":"type-product","3":"status-publish","4":"has-post-thumbnail","6":"product_brand-clifford-irving","7":"product_cat-suspenso","9":"first","10":"instock","11":"purchasable","12":"product-type-simple"},"featured_image_urls_v2":{"full":["https:\/\/ajupe.com.uy\/web\/wp-content\/uploads\/2016\/04\/p-1026-6038.jpg",362,538,false],"thumbnail":["https:\/\/ajupe.com.uy\/web\/wp-content\/uploads\/2016\/04\/p-1026-6038.jpg",150,150,true],"medium":["https:\/\/ajupe.com.uy\/web\/wp-content\/uploads\/2016\/04\/p-1026-6038.jpg",300,214,true],"medium_large":["https:\/\/ajupe.com.uy\/web\/wp-content\/uploads\/2016\/04\/p-1026-6038.jpg",362,538,false],"large":["https:\/\/ajupe.com.uy\/web\/wp-content\/uploads\/2016\/04\/p-1026-6038.jpg",362,538,false],"1536x1536":["https:\/\/ajupe.com.uy\/web\/wp-content\/uploads\/2016\/04\/p-1026-6038.jpg",362,538,false],"2048x2048":["https:\/\/ajupe.com.uy\/web\/wp-content\/uploads\/2016\/04\/p-1026-6038.jpg",362,538,false],"woocommerce_archive_thumbnail":["https:\/\/ajupe.com.uy\/web\/wp-content\/uploads\/2016\/04\/p-1026-6038-300x450.jpg",300,450,true],"woocommerce_thumbnail":["https:\/\/ajupe.com.uy\/web\/wp-content\/uploads\/2016\/04\/p-1026-6038-300x300.jpg",300,300,true],"woocommerce_single":["https:\/\/ajupe.com.uy\/web\/wp-content\/uploads\/2016\/04\/p-1026-6038-300x446.jpg",300,446,true],"woocommerce_gallery_thumbnail":["https:\/\/ajupe.com.uy\/web\/wp-content\/uploads\/2016\/04\/p-1026-6038-100x100.jpg",100,100,true]},"post_excerpt_stackable_v2":"<p>La ley del manantial, la brillante nueva novela del autor de El juicio, versa sobre los habitantes de un peque\u00f1o pueblo de monta\u00f1a de Colorado que protegen un secreto asombroso: un secreto tan valioso que algunos podr\u00edan llegar a matar por \u00e9l o inclusive <\/p>\n","category_list_v2":"","author_info_v2":{"name":"","url":""},"comments_num_v2":"0 comentarios","_links":{"self":[{"href":"https:\/\/ajupe.com.uy\/web\/wp-json\/wp\/v2\/product\/1026","targetHints":{"allow":["GET"]}}],"collection":[{"href":"https:\/\/ajupe.com.uy\/web\/wp-json\/wp\/v2\/product"}],"about":[{"href":"https:\/\/ajupe.com.uy\/web\/wp-json\/wp\/v2\/types\/product"}],"wp:featuredmedia":[{"embeddable":true,"href":"https:\/\/ajupe.com.uy\/web\/wp-json\/wp\/v2\/media\/1027"}],"wp:attachment":[{"href":"https:\/\/ajupe.com.uy\/web\/wp-json\/wp\/v2\/media?parent=1026"}],"wp:term":[{"taxonomy":"product_brand","embeddable":true,"href":"https:\/\/ajupe.com.uy\/web\/wp-json\/wp\/v2\/product_brand?post=1026"},{"taxonomy":"product_cat","embeddable":true,"href":"https:\/\/ajupe.com.uy\/web\/wp-json\/wp\/v2\/product_cat?post=1026"},{"taxonomy":"product_tag","embeddable":true,"href":"https:\/\/ajupe.com.uy\/web\/wp-json\/wp\/v2\/product_tag?post=1026"}],"curies":[{"name":"wp","href":"https:\/\/api.w.org\/{rel}","templated":true}]}}