{"id":1028,"date":"2010-07-14T00:00:00","date_gmt":"2010-07-14T03:00:00","guid":{"rendered":"http:\/\/ajupe.com.uy\/web\/?post_type=product&#038;p=1028"},"modified":"2010-07-14T00:00:00","modified_gmt":"2010-07-14T03:00:00","slug":"la-dama-del-faro","status":"publish","type":"product","link":"https:\/\/ajupe.com.uy\/web\/biblioteca\/la-dama-del-faro\/","title":{"rendered":"La dama del faro"},"content":{"rendered":"<p>La Miranda, experta en el arte del Renacimiento, acude a Italia para verificar la autenticidad de un bronce que conoce como La dama oscura. Pero, en lugar de cimentar la posici\u00f3n de Miranda como especialista l\u00edder en el \u00e1rea, el trabajo casi destruye su prestigio cuando se cuestiona su juicio profecional. Alejada emocionalmente de su madre, con un hermano inmerso en sus propios problemas, Miranda no tiene a quien recurrir excepto a Ryan, un seductor ladr\u00f3n cuyo proyecto personal los fuerza a una alianza con reservas. La dama oscura puede albergar tantos secretos como su fuente de inspiraci\u00f3n en el pasado. Para Miranda, obligada a confiar en s\u00ed misma, el \u00fanico camino a seguir implica traici\u00f3n y peligro.<\/p>\n","protected":false},"excerpt":{"rendered":"<p>La Miranda, experta en el arte del Renacimiento, acude a Italia para verificar la autenticidad de un bronce que conoce como La dama oscura. Pero, en lugar de cimentar la posici\u00f3n de Miranda como especialista l\u00edder en el \u00e1rea, el trabajo casi destruye su p<\/p>\n","protected":false},"featured_media":1029,"template":"","meta":[],"product_brand":[267],"product_cat":[29],"product_tag":[],"class_list":{"0":"post-1028","1":"product","2":"type-product","3":"status-publish","4":"has-post-thumbnail","6":"product_brand-nora-roberts","7":"product_cat-novela","9":"first","10":"instock","11":"purchasable","12":"product-type-simple"},"featured_image_urls_v2":{"full":["https:\/\/ajupe.com.uy\/web\/wp-content\/uploads\/2016\/04\/p-1028-6039.jpg",362,544,false],"thumbnail":["https:\/\/ajupe.com.uy\/web\/wp-content\/uploads\/2016\/04\/p-1028-6039.jpg",150,150,true],"medium":["https:\/\/ajupe.com.uy\/web\/wp-content\/uploads\/2016\/04\/p-1028-6039.jpg",300,214,true],"medium_large":["https:\/\/ajupe.com.uy\/web\/wp-content\/uploads\/2016\/04\/p-1028-6039.jpg",362,544,false],"large":["https:\/\/ajupe.com.uy\/web\/wp-content\/uploads\/2016\/04\/p-1028-6039.jpg",362,544,false],"1536x1536":["https:\/\/ajupe.com.uy\/web\/wp-content\/uploads\/2016\/04\/p-1028-6039.jpg",362,544,false],"2048x2048":["https:\/\/ajupe.com.uy\/web\/wp-content\/uploads\/2016\/04\/p-1028-6039.jpg",362,544,false],"woocommerce_archive_thumbnail":["https:\/\/ajupe.com.uy\/web\/wp-content\/uploads\/2016\/04\/p-1028-6039-300x450.jpg",300,450,true],"woocommerce_thumbnail":["https:\/\/ajupe.com.uy\/web\/wp-content\/uploads\/2016\/04\/p-1028-6039-300x300.jpg",300,300,true],"woocommerce_single":["https:\/\/ajupe.com.uy\/web\/wp-content\/uploads\/2016\/04\/p-1028-6039-300x450.jpg",300,450,true],"woocommerce_gallery_thumbnail":["https:\/\/ajupe.com.uy\/web\/wp-content\/uploads\/2016\/04\/p-1028-6039-100x100.jpg",100,100,true]},"post_excerpt_stackable_v2":"<p>La Miranda, experta en el arte del Renacimiento, acude a Italia para verificar la autenticidad de un bronce que conoce como La dama oscura. Pero, en lugar de cimentar la posici\u00f3n de Miranda como especialista l\u00edder en el \u00e1rea, el trabajo casi destruye su p<\/p>\n","category_list_v2":"","author_info_v2":{"name":"","url":""},"comments_num_v2":"0 comentarios","_links":{"self":[{"href":"https:\/\/ajupe.com.uy\/web\/wp-json\/wp\/v2\/product\/1028","targetHints":{"allow":["GET"]}}],"collection":[{"href":"https:\/\/ajupe.com.uy\/web\/wp-json\/wp\/v2\/product"}],"about":[{"href":"https:\/\/ajupe.com.uy\/web\/wp-json\/wp\/v2\/types\/product"}],"wp:featuredmedia":[{"embeddable":true,"href":"https:\/\/ajupe.com.uy\/web\/wp-json\/wp\/v2\/media\/1029"}],"wp:attachment":[{"href":"https:\/\/ajupe.com.uy\/web\/wp-json\/wp\/v2\/media?parent=1028"}],"wp:term":[{"taxonomy":"product_brand","embeddable":true,"href":"https:\/\/ajupe.com.uy\/web\/wp-json\/wp\/v2\/product_brand?post=1028"},{"taxonomy":"product_cat","embeddable":true,"href":"https:\/\/ajupe.com.uy\/web\/wp-json\/wp\/v2\/product_cat?post=1028"},{"taxonomy":"product_tag","embeddable":true,"href":"https:\/\/ajupe.com.uy\/web\/wp-json\/wp\/v2\/product_tag?post=1028"}],"curies":[{"name":"wp","href":"https:\/\/api.w.org\/{rel}","templated":true}]}}