{"id":1036,"date":"2010-07-14T00:00:00","date_gmt":"2010-07-14T03:00:00","guid":{"rendered":"http:\/\/ajupe.com.uy\/web\/?post_type=product&#038;p=1036"},"modified":"2010-07-14T00:00:00","modified_gmt":"2010-07-14T03:00:00","slug":"culpas-y-castigos","status":"publish","type":"product","link":"https:\/\/ajupe.com.uy\/web\/biblioteca\/culpas-y-castigos\/","title":{"rendered":"Culpas y castigos"},"content":{"rendered":"<p>El comienzo de clases no fue tranquilo en el exclusivo colegio Bishop\u2019s Hill, de New Hampshire. El nuevo director, J. Hawthorne, es un psic\u00f3logo de ideas liberales que el cuerpo docente no quiere aceptar. Est\u00e1 decidido a enfrentar ciertas \u201ctraiciones\u201d bastante turbias que han puesto al colegio al borde de la crisis. Pero \u00e9l no es el \u00fanico reci\u00e9n llegado. Est\u00e1n tambi\u00e9n Jessica, una quincea\u00f1era que trabaja en un club nocturno, y el ayudante del cocinero, adicto a los chistes groseros. Las apariencias serenas esconden historias de privilegios y corrupci\u00f3n. Pero a medida que el oto\u00f1o avanza, se hace evidente que algo se oculta detr\u00e1s de las sonrisas afables.<\/p>\n","protected":false},"excerpt":{"rendered":"<p>El comienzo de clases no fue tranquilo en el exclusivo colegio Bishop\u2019s Hill, de New Hampshire. El nuevo director, J. Hawthorne, es un psic\u00f3logo de ideas liberales que el cuerpo docente no quiere aceptar. Est\u00e1 decidido a enfrentar ciertas \u201ctraiciones\u201d bas<\/p>\n","protected":false},"featured_media":1037,"template":"","meta":[],"product_brand":[182],"product_cat":[30],"product_tag":[],"class_list":{"0":"post-1036","1":"product","2":"type-product","3":"status-publish","4":"has-post-thumbnail","6":"product_brand-stephen-dobyns","7":"product_cat-suspenso","9":"first","10":"instock","11":"purchasable","12":"product-type-simple"},"featured_image_urls_v2":{"full":["https:\/\/ajupe.com.uy\/web\/wp-content\/uploads\/2016\/04\/p-1036-6043.jpg",359,538,false],"thumbnail":["https:\/\/ajupe.com.uy\/web\/wp-content\/uploads\/2016\/04\/p-1036-6043.jpg",150,150,true],"medium":["https:\/\/ajupe.com.uy\/web\/wp-content\/uploads\/2016\/04\/p-1036-6043.jpg",300,214,true],"medium_large":["https:\/\/ajupe.com.uy\/web\/wp-content\/uploads\/2016\/04\/p-1036-6043.jpg",359,538,false],"large":["https:\/\/ajupe.com.uy\/web\/wp-content\/uploads\/2016\/04\/p-1036-6043.jpg",359,538,false],"1536x1536":["https:\/\/ajupe.com.uy\/web\/wp-content\/uploads\/2016\/04\/p-1036-6043.jpg",359,538,false],"2048x2048":["https:\/\/ajupe.com.uy\/web\/wp-content\/uploads\/2016\/04\/p-1036-6043.jpg",359,538,false],"woocommerce_archive_thumbnail":["https:\/\/ajupe.com.uy\/web\/wp-content\/uploads\/2016\/04\/p-1036-6043-300x450.jpg",300,450,true],"woocommerce_thumbnail":["https:\/\/ajupe.com.uy\/web\/wp-content\/uploads\/2016\/04\/p-1036-6043-300x300.jpg",300,300,true],"woocommerce_single":["https:\/\/ajupe.com.uy\/web\/wp-content\/uploads\/2016\/04\/p-1036-6043-300x450.jpg",300,450,true],"woocommerce_gallery_thumbnail":["https:\/\/ajupe.com.uy\/web\/wp-content\/uploads\/2016\/04\/p-1036-6043-100x100.jpg",100,100,true]},"post_excerpt_stackable_v2":"<p>El comienzo de clases no fue tranquilo en el exclusivo colegio Bishop\u2019s Hill, de New Hampshire. El nuevo director, J. Hawthorne, es un psic\u00f3logo de ideas liberales que el cuerpo docente no quiere aceptar. Est\u00e1 decidido a enfrentar ciertas \u201ctraiciones\u201d bas<\/p>\n","category_list_v2":"","author_info_v2":{"name":"","url":""},"comments_num_v2":"0 comentarios","_links":{"self":[{"href":"https:\/\/ajupe.com.uy\/web\/wp-json\/wp\/v2\/product\/1036","targetHints":{"allow":["GET"]}}],"collection":[{"href":"https:\/\/ajupe.com.uy\/web\/wp-json\/wp\/v2\/product"}],"about":[{"href":"https:\/\/ajupe.com.uy\/web\/wp-json\/wp\/v2\/types\/product"}],"wp:featuredmedia":[{"embeddable":true,"href":"https:\/\/ajupe.com.uy\/web\/wp-json\/wp\/v2\/media\/1037"}],"wp:attachment":[{"href":"https:\/\/ajupe.com.uy\/web\/wp-json\/wp\/v2\/media?parent=1036"}],"wp:term":[{"taxonomy":"product_brand","embeddable":true,"href":"https:\/\/ajupe.com.uy\/web\/wp-json\/wp\/v2\/product_brand?post=1036"},{"taxonomy":"product_cat","embeddable":true,"href":"https:\/\/ajupe.com.uy\/web\/wp-json\/wp\/v2\/product_cat?post=1036"},{"taxonomy":"product_tag","embeddable":true,"href":"https:\/\/ajupe.com.uy\/web\/wp-json\/wp\/v2\/product_tag?post=1036"}],"curies":[{"name":"wp","href":"https:\/\/api.w.org\/{rel}","templated":true}]}}