{"id":1046,"date":"2010-07-14T00:00:00","date_gmt":"2010-07-14T03:00:00","guid":{"rendered":"http:\/\/ajupe.com.uy\/web\/?post_type=product&#038;p=1046"},"modified":"2010-07-14T00:00:00","modified_gmt":"2010-07-14T03:00:00","slug":"el-demonio-y-la-senora-prym","status":"publish","type":"product","link":"https:\/\/ajupe.com.uy\/web\/biblioteca\/el-demonio-y-la-senora-prym\/","title":{"rendered":"El demonio y la se\u00f1ora Prym"},"content":{"rendered":"<p>Una comunidad dividida por la codicia, la cobard\u00eda y el miedo. Un hombre perseguido por el fantasma de un pasado doloroso. Una joven en busca de la felicidad. Siete d\u00edas, un breve per\u00edodo derante el cual el Bien y el Mal librar\u00e1n una batalla decisiva y cada personaje decidir\u00e1 a cu\u00e1l de los dos bandos pertenece. La peque\u00f1a localidad de Viscos, perdida en el tiempo y el espacio, ser\u00e1 el marco de esa inquietante lucha. Con la llegada de un extranjero, la ciudad se convierte en c\u00f3mplice de una trama perversa que marcar\u00e1 para siempre la historia de sus escasos habitantes. El extranjero ha viajado desde lejos buscando la respuesta a una pregunta que lo atormenta: en su esencia, \u00bfel ser humano es bueno o malo?<\/p>\n","protected":false},"excerpt":{"rendered":"<p>Una comunidad dividida por la codicia, la cobard\u00eda y el miedo. Un hombre perseguido por el fantasma de un pasado doloroso. Una joven en busca de la felicidad. Siete d\u00edas, un breve per\u00edodo derante el cual el Bien y el Mal librar\u00e1n una batalla decisiva y ca<\/p>\n","protected":false},"featured_media":1047,"template":"","meta":[],"product_brand":[110],"product_cat":[29],"product_tag":[],"class_list":{"0":"post-1046","1":"product","2":"type-product","3":"status-publish","4":"has-post-thumbnail","6":"product_brand-paulo-coelho","7":"product_cat-novela","9":"first","10":"instock","11":"purchasable","12":"product-type-simple"},"featured_image_urls_v2":{"full":["https:\/\/ajupe.com.uy\/web\/wp-content\/uploads\/2016\/04\/p-1046-6049.jpg",360,544,false],"thumbnail":["https:\/\/ajupe.com.uy\/web\/wp-content\/uploads\/2016\/04\/p-1046-6049.jpg",150,150,true],"medium":["https:\/\/ajupe.com.uy\/web\/wp-content\/uploads\/2016\/04\/p-1046-6049.jpg",300,214,true],"medium_large":["https:\/\/ajupe.com.uy\/web\/wp-content\/uploads\/2016\/04\/p-1046-6049.jpg",360,544,false],"large":["https:\/\/ajupe.com.uy\/web\/wp-content\/uploads\/2016\/04\/p-1046-6049.jpg",360,544,false],"1536x1536":["https:\/\/ajupe.com.uy\/web\/wp-content\/uploads\/2016\/04\/p-1046-6049.jpg",360,544,false],"2048x2048":["https:\/\/ajupe.com.uy\/web\/wp-content\/uploads\/2016\/04\/p-1046-6049.jpg",360,544,false],"woocommerce_archive_thumbnail":["https:\/\/ajupe.com.uy\/web\/wp-content\/uploads\/2016\/04\/p-1046-6049-300x450.jpg",300,450,true],"woocommerce_thumbnail":["https:\/\/ajupe.com.uy\/web\/wp-content\/uploads\/2016\/04\/p-1046-6049-300x300.jpg",300,300,true],"woocommerce_single":["https:\/\/ajupe.com.uy\/web\/wp-content\/uploads\/2016\/04\/p-1046-6049-300x453.jpg",300,453,true],"woocommerce_gallery_thumbnail":["https:\/\/ajupe.com.uy\/web\/wp-content\/uploads\/2016\/04\/p-1046-6049-100x100.jpg",100,100,true]},"post_excerpt_stackable_v2":"<p>Una comunidad dividida por la codicia, la cobard\u00eda y el miedo. Un hombre perseguido por el fantasma de un pasado doloroso. Una joven en busca de la felicidad. Siete d\u00edas, un breve per\u00edodo derante el cual el Bien y el Mal librar\u00e1n una batalla decisiva y ca<\/p>\n","category_list_v2":"","author_info_v2":{"name":"","url":""},"comments_num_v2":"0 comentarios","_links":{"self":[{"href":"https:\/\/ajupe.com.uy\/web\/wp-json\/wp\/v2\/product\/1046","targetHints":{"allow":["GET"]}}],"collection":[{"href":"https:\/\/ajupe.com.uy\/web\/wp-json\/wp\/v2\/product"}],"about":[{"href":"https:\/\/ajupe.com.uy\/web\/wp-json\/wp\/v2\/types\/product"}],"wp:featuredmedia":[{"embeddable":true,"href":"https:\/\/ajupe.com.uy\/web\/wp-json\/wp\/v2\/media\/1047"}],"wp:attachment":[{"href":"https:\/\/ajupe.com.uy\/web\/wp-json\/wp\/v2\/media?parent=1046"}],"wp:term":[{"taxonomy":"product_brand","embeddable":true,"href":"https:\/\/ajupe.com.uy\/web\/wp-json\/wp\/v2\/product_brand?post=1046"},{"taxonomy":"product_cat","embeddable":true,"href":"https:\/\/ajupe.com.uy\/web\/wp-json\/wp\/v2\/product_cat?post=1046"},{"taxonomy":"product_tag","embeddable":true,"href":"https:\/\/ajupe.com.uy\/web\/wp-json\/wp\/v2\/product_tag?post=1046"}],"curies":[{"name":"wp","href":"https:\/\/api.w.org\/{rel}","templated":true}]}}