{"id":1048,"date":"2010-07-14T00:00:00","date_gmt":"2010-07-14T03:00:00","guid":{"rendered":"http:\/\/ajupe.com.uy\/web\/?post_type=product&#038;p=1048"},"modified":"2011-09-22T19:37:02","modified_gmt":"2011-09-22T22:37:02","slug":"el-huevo-de-la-serpiente","status":"publish","type":"product","link":"https:\/\/ajupe.com.uy\/web\/biblioteca\/el-huevo-de-la-serpiente\/","title":{"rendered":"El huevo de la serpiente"},"content":{"rendered":"<p>Mar\u00eda Urruzola (Mont.1954) es periodista pol\u00edtica y de investigaci\u00f3n de larga trayectoria en Uruguay y Francia y docente en periodismo de investigaci\u00f3n. Trabaja en el seminario Brecha y colabora con El Pa\u00eds Cultural. Investigaciones suyas han sido el origen de las pel\u00edculas \u201cPepita la pistolera\u201d y \u201cEn la puta vida\u201d. Esta segunda edici\u00f3n ampliada de El huevo de la serpiente agrega dos cap\u00edtulos fundamentales: completa la historia de la \u201cjoven de Mil\u00e1n\u201d y el caso de los procesados en Uruguay. Provisoriamente, porque el flagelo contin\u00faa. El libro vuelve para sacudir conciencias y responsabilidades sobre la justicia y la impunidad.<\/p>\n","protected":false},"excerpt":{"rendered":"<p>Mar\u00eda Urruzola (Mont.1954) es periodista pol\u00edtica y de investigaci\u00f3n de larga trayectoria en Uruguay y Francia y docente en periodismo de investigaci\u00f3n. Trabaja en el seminario Brecha y colabora con El Pa\u00eds Cultural. Investigaciones suyas han sido el orig<\/p>\n","protected":false},"featured_media":1049,"template":"","meta":[],"product_brand":[286],"product_cat":[39],"product_tag":[],"class_list":{"0":"post-1048","1":"product","2":"type-product","3":"status-publish","4":"has-post-thumbnail","6":"product_brand-maria-urruzola","7":"product_cat-veridico","9":"first","10":"instock","11":"purchasable","12":"product-type-simple"},"featured_image_urls_v2":{"full":["https:\/\/ajupe.com.uy\/web\/wp-content\/uploads\/2016\/04\/p-1048-6050.jpg",361,584,false],"thumbnail":["https:\/\/ajupe.com.uy\/web\/wp-content\/uploads\/2016\/04\/p-1048-6050.jpg",150,150,true],"medium":["https:\/\/ajupe.com.uy\/web\/wp-content\/uploads\/2016\/04\/p-1048-6050.jpg",300,214,true],"medium_large":["https:\/\/ajupe.com.uy\/web\/wp-content\/uploads\/2016\/04\/p-1048-6050.jpg",361,584,false],"large":["https:\/\/ajupe.com.uy\/web\/wp-content\/uploads\/2016\/04\/p-1048-6050.jpg",361,584,false],"1536x1536":["https:\/\/ajupe.com.uy\/web\/wp-content\/uploads\/2016\/04\/p-1048-6050.jpg",361,584,false],"2048x2048":["https:\/\/ajupe.com.uy\/web\/wp-content\/uploads\/2016\/04\/p-1048-6050.jpg",361,584,false],"woocommerce_archive_thumbnail":["https:\/\/ajupe.com.uy\/web\/wp-content\/uploads\/2016\/04\/p-1048-6050-300x450.jpg",300,450,true],"woocommerce_thumbnail":["https:\/\/ajupe.com.uy\/web\/wp-content\/uploads\/2016\/04\/p-1048-6050-300x300.jpg",300,300,true],"woocommerce_single":["https:\/\/ajupe.com.uy\/web\/wp-content\/uploads\/2016\/04\/p-1048-6050-300x485.jpg",300,485,true],"woocommerce_gallery_thumbnail":["https:\/\/ajupe.com.uy\/web\/wp-content\/uploads\/2016\/04\/p-1048-6050-100x100.jpg",100,100,true]},"post_excerpt_stackable_v2":"<p>Mar\u00eda Urruzola (Mont.1954) es periodista pol\u00edtica y de investigaci\u00f3n de larga trayectoria en Uruguay y Francia y docente en periodismo de investigaci\u00f3n. Trabaja en el seminario Brecha y colabora con El Pa\u00eds Cultural. Investigaciones suyas han sido el orig<\/p>\n","category_list_v2":"","author_info_v2":{"name":"","url":""},"comments_num_v2":"0 comentarios","_links":{"self":[{"href":"https:\/\/ajupe.com.uy\/web\/wp-json\/wp\/v2\/product\/1048","targetHints":{"allow":["GET"]}}],"collection":[{"href":"https:\/\/ajupe.com.uy\/web\/wp-json\/wp\/v2\/product"}],"about":[{"href":"https:\/\/ajupe.com.uy\/web\/wp-json\/wp\/v2\/types\/product"}],"wp:featuredmedia":[{"embeddable":true,"href":"https:\/\/ajupe.com.uy\/web\/wp-json\/wp\/v2\/media\/1049"}],"wp:attachment":[{"href":"https:\/\/ajupe.com.uy\/web\/wp-json\/wp\/v2\/media?parent=1048"}],"wp:term":[{"taxonomy":"product_brand","embeddable":true,"href":"https:\/\/ajupe.com.uy\/web\/wp-json\/wp\/v2\/product_brand?post=1048"},{"taxonomy":"product_cat","embeddable":true,"href":"https:\/\/ajupe.com.uy\/web\/wp-json\/wp\/v2\/product_cat?post=1048"},{"taxonomy":"product_tag","embeddable":true,"href":"https:\/\/ajupe.com.uy\/web\/wp-json\/wp\/v2\/product_tag?post=1048"}],"curies":[{"name":"wp","href":"https:\/\/api.w.org\/{rel}","templated":true}]}}