{"id":1062,"date":"2010-07-14T00:00:00","date_gmt":"2010-07-14T03:00:00","guid":{"rendered":"http:\/\/ajupe.com.uy\/web\/?post_type=product&#038;p=1062"},"modified":"2011-09-16T21:58:44","modified_gmt":"2011-09-17T00:58:44","slug":"una-entrega-especial","status":"publish","type":"product","link":"https:\/\/ajupe.com.uy\/web\/biblioteca\/una-entrega-especial\/","title":{"rendered":"Una entrega especial"},"content":{"rendered":"<p>Jack Watson, propietario de una de las boutiques m\u00e1s sofisticadas de Berverly Hills, tiene una buena ralaci\u00f3n con sus dos hijos adultos y f\u00e1cil acceso a las mujeres m\u00e1s bellas de Hollywood. Tras dos fracasos amorosos, Jack se ha convertido en el soltero perfecto, y el papel le encanta. Para Amanda Robbins, Jack no es m\u00e1s que el suegro de su hija y un playboy incorregible. Pero cuando Amanda enviuda, despu\u00e9s de 26 a\u00f1os de matrimonio, se encuentra en un terreno desconocido y, para su asombro, empieza a sentirse atra\u00edda por Jack. La relaci\u00f3n entre ellos escandaliza a ambas familias, pero un hecho excepcional dar\u00e1 un giro improvisto a la dif\u00edcil encrucijada.<\/p>\n","protected":false},"excerpt":{"rendered":"<p>Jack Watson, propietario de una de las boutiques m\u00e1s sofisticadas de Berverly Hills, tiene una buena ralaci\u00f3n con sus dos hijos adultos y f\u00e1cil acceso a las mujeres m\u00e1s bellas de Hollywood. Tras dos fracasos amorosos, Jack se ha convertido en el soltero p<\/p>\n","protected":false},"featured_media":1063,"template":"","meta":[],"product_brand":[193],"product_cat":[38,29],"product_tag":[],"class_list":{"0":"post-1062","1":"product","2":"type-product","3":"status-publish","4":"has-post-thumbnail","6":"product_brand-danielle-steel","7":"product_cat-amor","8":"product_cat-novela","10":"first","11":"instock","12":"purchasable","13":"product-type-simple"},"featured_image_urls_v2":{"full":["https:\/\/ajupe.com.uy\/web\/wp-content\/uploads\/2016\/04\/p-1062-6058.jpg",361,555,false],"thumbnail":["https:\/\/ajupe.com.uy\/web\/wp-content\/uploads\/2016\/04\/p-1062-6058.jpg",150,150,true],"medium":["https:\/\/ajupe.com.uy\/web\/wp-content\/uploads\/2016\/04\/p-1062-6058.jpg",300,214,true],"medium_large":["https:\/\/ajupe.com.uy\/web\/wp-content\/uploads\/2016\/04\/p-1062-6058.jpg",361,555,false],"large":["https:\/\/ajupe.com.uy\/web\/wp-content\/uploads\/2016\/04\/p-1062-6058.jpg",361,555,false],"1536x1536":["https:\/\/ajupe.com.uy\/web\/wp-content\/uploads\/2016\/04\/p-1062-6058.jpg",361,555,false],"2048x2048":["https:\/\/ajupe.com.uy\/web\/wp-content\/uploads\/2016\/04\/p-1062-6058.jpg",361,555,false],"woocommerce_archive_thumbnail":["https:\/\/ajupe.com.uy\/web\/wp-content\/uploads\/2016\/04\/p-1062-6058-300x450.jpg",300,450,true],"woocommerce_thumbnail":["https:\/\/ajupe.com.uy\/web\/wp-content\/uploads\/2016\/04\/p-1062-6058-300x300.jpg",300,300,true],"woocommerce_single":["https:\/\/ajupe.com.uy\/web\/wp-content\/uploads\/2016\/04\/p-1062-6058-300x461.jpg",300,461,true],"woocommerce_gallery_thumbnail":["https:\/\/ajupe.com.uy\/web\/wp-content\/uploads\/2016\/04\/p-1062-6058-100x100.jpg",100,100,true]},"post_excerpt_stackable_v2":"<p>Jack Watson, propietario de una de las boutiques m\u00e1s sofisticadas de Berverly Hills, tiene una buena ralaci\u00f3n con sus dos hijos adultos y f\u00e1cil acceso a las mujeres m\u00e1s bellas de Hollywood. Tras dos fracasos amorosos, Jack se ha convertido en el soltero p<\/p>\n","category_list_v2":"","author_info_v2":{"name":"","url":""},"comments_num_v2":"0 comentarios","_links":{"self":[{"href":"https:\/\/ajupe.com.uy\/web\/wp-json\/wp\/v2\/product\/1062","targetHints":{"allow":["GET"]}}],"collection":[{"href":"https:\/\/ajupe.com.uy\/web\/wp-json\/wp\/v2\/product"}],"about":[{"href":"https:\/\/ajupe.com.uy\/web\/wp-json\/wp\/v2\/types\/product"}],"wp:featuredmedia":[{"embeddable":true,"href":"https:\/\/ajupe.com.uy\/web\/wp-json\/wp\/v2\/media\/1063"}],"wp:attachment":[{"href":"https:\/\/ajupe.com.uy\/web\/wp-json\/wp\/v2\/media?parent=1062"}],"wp:term":[{"taxonomy":"product_brand","embeddable":true,"href":"https:\/\/ajupe.com.uy\/web\/wp-json\/wp\/v2\/product_brand?post=1062"},{"taxonomy":"product_cat","embeddable":true,"href":"https:\/\/ajupe.com.uy\/web\/wp-json\/wp\/v2\/product_cat?post=1062"},{"taxonomy":"product_tag","embeddable":true,"href":"https:\/\/ajupe.com.uy\/web\/wp-json\/wp\/v2\/product_tag?post=1062"}],"curies":[{"name":"wp","href":"https:\/\/api.w.org\/{rel}","templated":true}]}}