{"id":1064,"date":"2010-07-14T00:00:00","date_gmt":"2010-07-14T03:00:00","guid":{"rendered":"http:\/\/ajupe.com.uy\/web\/?post_type=product&#038;p=1064"},"modified":"2010-07-14T00:00:00","modified_gmt":"2010-07-14T03:00:00","slug":"el-peso-de-la-culpa","status":"publish","type":"product","link":"https:\/\/ajupe.com.uy\/web\/biblioteca\/el-peso-de-la-culpa\/","title":{"rendered":"El peso de la culpa"},"content":{"rendered":"<p>Dos cad\u00e1veres han aparecido en un bosque y la dectective Barbara Havers, suspendida de empleo por desobedecer las \u00f3rdenes de un superior, consigue participar en la investigaci\u00f3n, asignada al perspicaz inspector Linley. Los cad\u00e1veres pertenecen a un artista de medio pelo y repartidor de anuncios de prostitutas, y a una ex estudiante de derecho que ejerc\u00eda la prostituci\u00f3n sadomasoquista por cuestiones puramente econ\u00f3micas. \u00bfQui\u00e9n los mat\u00f3? Para complicar a\u00fan m\u00e1s la investigaci\u00f3n, sabremos de otro cad\u00e1ver con una nota de suicidio y un chantaje que nos sumergir\u00e1 en una s\u00f3rdida y compleja trama psicol\u00f3gica&#8230;.<\/p>\n","protected":false},"excerpt":{"rendered":"<p>Dos cad\u00e1veres han aparecido en un bosque y la dectective Barbara Havers, suspendida de empleo por desobedecer las \u00f3rdenes de un superior, consigue participar en la investigaci\u00f3n, asignada al perspicaz inspector Linley. Los cad\u00e1veres pertenecen a un artist<\/p>\n","protected":false},"featured_media":1065,"template":"","meta":[],"product_brand":[291],"product_cat":[40],"product_tag":[],"class_list":{"0":"post-1064","1":"product","2":"type-product","3":"status-publish","4":"has-post-thumbnail","6":"product_brand-elizabeth-george","7":"product_cat-policial","9":"first","10":"instock","11":"purchasable","12":"product-type-simple"},"featured_image_urls_v2":{"full":["https:\/\/ajupe.com.uy\/web\/wp-content\/uploads\/2016\/04\/p-1064-6059.jpg",361,549,false],"thumbnail":["https:\/\/ajupe.com.uy\/web\/wp-content\/uploads\/2016\/04\/p-1064-6059.jpg",150,150,true],"medium":["https:\/\/ajupe.com.uy\/web\/wp-content\/uploads\/2016\/04\/p-1064-6059.jpg",300,214,true],"medium_large":["https:\/\/ajupe.com.uy\/web\/wp-content\/uploads\/2016\/04\/p-1064-6059.jpg",361,549,false],"large":["https:\/\/ajupe.com.uy\/web\/wp-content\/uploads\/2016\/04\/p-1064-6059.jpg",361,549,false],"1536x1536":["https:\/\/ajupe.com.uy\/web\/wp-content\/uploads\/2016\/04\/p-1064-6059.jpg",361,549,false],"2048x2048":["https:\/\/ajupe.com.uy\/web\/wp-content\/uploads\/2016\/04\/p-1064-6059.jpg",361,549,false],"woocommerce_archive_thumbnail":["https:\/\/ajupe.com.uy\/web\/wp-content\/uploads\/2016\/04\/p-1064-6059-300x450.jpg",300,450,true],"woocommerce_thumbnail":["https:\/\/ajupe.com.uy\/web\/wp-content\/uploads\/2016\/04\/p-1064-6059-300x300.jpg",300,300,true],"woocommerce_single":["https:\/\/ajupe.com.uy\/web\/wp-content\/uploads\/2016\/04\/p-1064-6059-300x456.jpg",300,456,true],"woocommerce_gallery_thumbnail":["https:\/\/ajupe.com.uy\/web\/wp-content\/uploads\/2016\/04\/p-1064-6059-100x100.jpg",100,100,true]},"post_excerpt_stackable_v2":"<p>Dos cad\u00e1veres han aparecido en un bosque y la dectective Barbara Havers, suspendida de empleo por desobedecer las \u00f3rdenes de un superior, consigue participar en la investigaci\u00f3n, asignada al perspicaz inspector Linley. Los cad\u00e1veres pertenecen a un artist<\/p>\n","category_list_v2":"","author_info_v2":{"name":"","url":""},"comments_num_v2":"0 comentarios","_links":{"self":[{"href":"https:\/\/ajupe.com.uy\/web\/wp-json\/wp\/v2\/product\/1064","targetHints":{"allow":["GET"]}}],"collection":[{"href":"https:\/\/ajupe.com.uy\/web\/wp-json\/wp\/v2\/product"}],"about":[{"href":"https:\/\/ajupe.com.uy\/web\/wp-json\/wp\/v2\/types\/product"}],"wp:featuredmedia":[{"embeddable":true,"href":"https:\/\/ajupe.com.uy\/web\/wp-json\/wp\/v2\/media\/1065"}],"wp:attachment":[{"href":"https:\/\/ajupe.com.uy\/web\/wp-json\/wp\/v2\/media?parent=1064"}],"wp:term":[{"taxonomy":"product_brand","embeddable":true,"href":"https:\/\/ajupe.com.uy\/web\/wp-json\/wp\/v2\/product_brand?post=1064"},{"taxonomy":"product_cat","embeddable":true,"href":"https:\/\/ajupe.com.uy\/web\/wp-json\/wp\/v2\/product_cat?post=1064"},{"taxonomy":"product_tag","embeddable":true,"href":"https:\/\/ajupe.com.uy\/web\/wp-json\/wp\/v2\/product_tag?post=1064"}],"curies":[{"name":"wp","href":"https:\/\/api.w.org\/{rel}","templated":true}]}}