{"id":1072,"date":"2010-07-14T00:00:00","date_gmt":"2010-07-14T03:00:00","guid":{"rendered":"http:\/\/ajupe.com.uy\/web\/?post_type=product&#038;p=1072"},"modified":"2011-09-22T21:28:34","modified_gmt":"2011-09-23T00:28:34","slug":"la-granja","status":"publish","type":"product","link":"https:\/\/ajupe.com.uy\/web\/biblioteca\/la-granja\/","title":{"rendered":"La granja"},"content":{"rendered":"<p>Evocando su infancia en el Arkansas de la d\u00e9cada de los cincuenta, John Grisham traslada en esta novela la tensi\u00f3n t\u00edpica de sus thrillers al \u00e1mbito rural. A trav\u00e9s de los ojos de Luke Chandler, un ni\u00f1o de siete a\u00f1os, conocemos el destino de la peque\u00f1a comunidad de Black Oak. El inicio de la temporada de la recolecci\u00f3n del algod\u00f3n -principal fuente de ingresos de la zona- re\u00fane en Black Oak a gente de or\u00edgenes muy dispares. Los Chandler, una de las muchas familias del pueblo que han contratado jornaleros para la recolecci\u00f3n, trabajan codo con codo con mexicanos y temporeros a merced de un tiempo inclemente.<\/p>\n","protected":false},"excerpt":{"rendered":"<p>Evocando su infancia en el Arkansas de la d\u00e9cada de los cincuenta, John Grisham traslada en esta novela la tensi\u00f3n t\u00edpica de sus thrillers al \u00e1mbito rural. A trav\u00e9s de los ojos de Luke Chandler, un ni\u00f1o de siete a\u00f1os, conocemos el destino de la peque\u00f1a co<\/p>\n","protected":false},"featured_media":1073,"template":"","meta":[],"product_brand":[77],"product_cat":[30],"product_tag":[],"class_list":{"0":"post-1072","1":"product","2":"type-product","3":"status-publish","4":"has-post-thumbnail","6":"product_brand-john-grisham","7":"product_cat-suspenso","9":"first","10":"instock","11":"purchasable","12":"product-type-simple"},"featured_image_urls_v2":{"full":["https:\/\/ajupe.com.uy\/web\/wp-content\/uploads\/2016\/04\/p-1072-6068.jpg",360,549,false],"thumbnail":["https:\/\/ajupe.com.uy\/web\/wp-content\/uploads\/2016\/04\/p-1072-6068.jpg",150,150,true],"medium":["https:\/\/ajupe.com.uy\/web\/wp-content\/uploads\/2016\/04\/p-1072-6068.jpg",300,214,true],"medium_large":["https:\/\/ajupe.com.uy\/web\/wp-content\/uploads\/2016\/04\/p-1072-6068.jpg",360,549,false],"large":["https:\/\/ajupe.com.uy\/web\/wp-content\/uploads\/2016\/04\/p-1072-6068.jpg",360,549,false],"1536x1536":["https:\/\/ajupe.com.uy\/web\/wp-content\/uploads\/2016\/04\/p-1072-6068.jpg",360,549,false],"2048x2048":["https:\/\/ajupe.com.uy\/web\/wp-content\/uploads\/2016\/04\/p-1072-6068.jpg",360,549,false],"woocommerce_archive_thumbnail":["https:\/\/ajupe.com.uy\/web\/wp-content\/uploads\/2016\/04\/p-1072-6068-300x450.jpg",300,450,true],"woocommerce_thumbnail":["https:\/\/ajupe.com.uy\/web\/wp-content\/uploads\/2016\/04\/p-1072-6068-300x300.jpg",300,300,true],"woocommerce_single":["https:\/\/ajupe.com.uy\/web\/wp-content\/uploads\/2016\/04\/p-1072-6068-300x458.jpg",300,458,true],"woocommerce_gallery_thumbnail":["https:\/\/ajupe.com.uy\/web\/wp-content\/uploads\/2016\/04\/p-1072-6068-100x100.jpg",100,100,true]},"post_excerpt_stackable_v2":"<p>Evocando su infancia en el Arkansas de la d\u00e9cada de los cincuenta, John Grisham traslada en esta novela la tensi\u00f3n t\u00edpica de sus thrillers al \u00e1mbito rural. A trav\u00e9s de los ojos de Luke Chandler, un ni\u00f1o de siete a\u00f1os, conocemos el destino de la peque\u00f1a co<\/p>\n","category_list_v2":"","author_info_v2":{"name":"","url":""},"comments_num_v2":"0 comentarios","_links":{"self":[{"href":"https:\/\/ajupe.com.uy\/web\/wp-json\/wp\/v2\/product\/1072","targetHints":{"allow":["GET"]}}],"collection":[{"href":"https:\/\/ajupe.com.uy\/web\/wp-json\/wp\/v2\/product"}],"about":[{"href":"https:\/\/ajupe.com.uy\/web\/wp-json\/wp\/v2\/types\/product"}],"wp:featuredmedia":[{"embeddable":true,"href":"https:\/\/ajupe.com.uy\/web\/wp-json\/wp\/v2\/media\/1073"}],"wp:attachment":[{"href":"https:\/\/ajupe.com.uy\/web\/wp-json\/wp\/v2\/media?parent=1072"}],"wp:term":[{"taxonomy":"product_brand","embeddable":true,"href":"https:\/\/ajupe.com.uy\/web\/wp-json\/wp\/v2\/product_brand?post=1072"},{"taxonomy":"product_cat","embeddable":true,"href":"https:\/\/ajupe.com.uy\/web\/wp-json\/wp\/v2\/product_cat?post=1072"},{"taxonomy":"product_tag","embeddable":true,"href":"https:\/\/ajupe.com.uy\/web\/wp-json\/wp\/v2\/product_tag?post=1072"}],"curies":[{"name":"wp","href":"https:\/\/api.w.org\/{rel}","templated":true}]}}