{"id":1076,"date":"2010-07-14T00:00:00","date_gmt":"2010-07-14T03:00:00","guid":{"rendered":"http:\/\/ajupe.com.uy\/web\/?post_type=product&#038;p=1076"},"modified":"2010-07-14T00:00:00","modified_gmt":"2010-07-14T03:00:00","slug":"las-puertas-del-paraiso","status":"publish","type":"product","link":"https:\/\/ajupe.com.uy\/web\/biblioteca\/las-puertas-del-paraiso\/","title":{"rendered":"Las puertas del para\u00edso"},"content":{"rendered":"<p>En Las pertas del para\u00edso, V.C. Andrews nos cuenta c\u00f3mo, aterrada ante la tragedia, desesperada y sola, la hija de Heaven Leigh se aferra al m\u00e1s fr\u00e1gil de los sue\u00f1os. El accidente de tr\u00e1fico que mat\u00f3 a Heaven y a Logan dej\u00f3 a Annie Casteel Stonewall hu\u00e9rfa y con las piernas paralizadas. Llevada en seguida a Farthingale Manor por el posesivo Tony Tatterton, Annie suspira por la p\u00e9rdida de su familia, pero, especialmente, por Luke, su hermanastro. Amigo de su infancia, pr\u00edncipe de su fantas\u00eda, su querido confidente&#8230;, sin el c\u00e1lido brillo del amor de Luke se encuentra perdida entre las sombras de la desesperaci\u00f3n.<\/p>\n","protected":false},"excerpt":{"rendered":"<p>En Las pertas del para\u00edso, V.C. Andrews nos cuenta c\u00f3mo, aterrada ante la tragedia, desesperada y sola, la hija de Heaven Leigh se aferra al m\u00e1s fr\u00e1gil de los sue\u00f1os. El accidente de tr\u00e1fico que mat\u00f3 a Heaven y a Logan dej\u00f3 a Annie Casteel Stonewall hu\u00e9rf<\/p>\n","protected":false},"featured_media":1077,"template":"","meta":[],"product_brand":[147],"product_cat":[29],"product_tag":[],"class_list":{"0":"post-1076","1":"product","2":"type-product","3":"status-publish","4":"has-post-thumbnail","6":"product_brand-v-c-andrews","7":"product_cat-novela","9":"first","10":"instock","11":"purchasable","12":"product-type-simple"},"featured_image_urls_v2":{"full":["https:\/\/ajupe.com.uy\/web\/wp-content\/uploads\/2016\/04\/p-1076-6070.jpg",361,508,false],"thumbnail":["https:\/\/ajupe.com.uy\/web\/wp-content\/uploads\/2016\/04\/p-1076-6070.jpg",150,150,true],"medium":["https:\/\/ajupe.com.uy\/web\/wp-content\/uploads\/2016\/04\/p-1076-6070.jpg",300,214,true],"medium_large":["https:\/\/ajupe.com.uy\/web\/wp-content\/uploads\/2016\/04\/p-1076-6070.jpg",361,508,false],"large":["https:\/\/ajupe.com.uy\/web\/wp-content\/uploads\/2016\/04\/p-1076-6070.jpg",361,508,false],"1536x1536":["https:\/\/ajupe.com.uy\/web\/wp-content\/uploads\/2016\/04\/p-1076-6070.jpg",361,508,false],"2048x2048":["https:\/\/ajupe.com.uy\/web\/wp-content\/uploads\/2016\/04\/p-1076-6070.jpg",361,508,false],"woocommerce_archive_thumbnail":["https:\/\/ajupe.com.uy\/web\/wp-content\/uploads\/2016\/04\/p-1076-6070-300x450.jpg",300,450,true],"woocommerce_thumbnail":["https:\/\/ajupe.com.uy\/web\/wp-content\/uploads\/2016\/04\/p-1076-6070-300x300.jpg",300,300,true],"woocommerce_single":["https:\/\/ajupe.com.uy\/web\/wp-content\/uploads\/2016\/04\/p-1076-6070-300x422.jpg",300,422,true],"woocommerce_gallery_thumbnail":["https:\/\/ajupe.com.uy\/web\/wp-content\/uploads\/2016\/04\/p-1076-6070-100x100.jpg",100,100,true]},"post_excerpt_stackable_v2":"<p>En Las pertas del para\u00edso, V.C. Andrews nos cuenta c\u00f3mo, aterrada ante la tragedia, desesperada y sola, la hija de Heaven Leigh se aferra al m\u00e1s fr\u00e1gil de los sue\u00f1os. El accidente de tr\u00e1fico que mat\u00f3 a Heaven y a Logan dej\u00f3 a Annie Casteel Stonewall hu\u00e9rf<\/p>\n","category_list_v2":"","author_info_v2":{"name":"","url":""},"comments_num_v2":"0 comentarios","_links":{"self":[{"href":"https:\/\/ajupe.com.uy\/web\/wp-json\/wp\/v2\/product\/1076","targetHints":{"allow":["GET"]}}],"collection":[{"href":"https:\/\/ajupe.com.uy\/web\/wp-json\/wp\/v2\/product"}],"about":[{"href":"https:\/\/ajupe.com.uy\/web\/wp-json\/wp\/v2\/types\/product"}],"wp:featuredmedia":[{"embeddable":true,"href":"https:\/\/ajupe.com.uy\/web\/wp-json\/wp\/v2\/media\/1077"}],"wp:attachment":[{"href":"https:\/\/ajupe.com.uy\/web\/wp-json\/wp\/v2\/media?parent=1076"}],"wp:term":[{"taxonomy":"product_brand","embeddable":true,"href":"https:\/\/ajupe.com.uy\/web\/wp-json\/wp\/v2\/product_brand?post=1076"},{"taxonomy":"product_cat","embeddable":true,"href":"https:\/\/ajupe.com.uy\/web\/wp-json\/wp\/v2\/product_cat?post=1076"},{"taxonomy":"product_tag","embeddable":true,"href":"https:\/\/ajupe.com.uy\/web\/wp-json\/wp\/v2\/product_tag?post=1076"}],"curies":[{"name":"wp","href":"https:\/\/api.w.org\/{rel}","templated":true}]}}