{"id":10775,"date":"2025-10-20T16:50:48","date_gmt":"2025-10-20T19:50:48","guid":{"rendered":"https:\/\/ajupe.com.uy\/web\/?post_type=product&#038;p=10775"},"modified":"2025-10-20T16:54:57","modified_gmt":"2025-10-20T19:54:57","slug":"comediantes-y-martires","status":"publish","type":"product","link":"https:\/\/ajupe.com.uy\/web\/biblioteca\/comediantes-y-martires\/","title":{"rendered":"COMEDIANTES Y MARTIRES"},"content":{"rendered":"<p>Tras deslumbrar a los lectores y la cr\u00edtica con su an\u00e1lisis de la filosof\u00eda del siglo en\u00a0<em>El olvido de la raz\u00f3n<\/em>\u00a0(Debate, 2007, mejor libro de ensayo del a\u00f1o para\u00a0<em>El Cultural<\/em>), J<strong>uan Jos\u00e9 Sebreli\u00a0<\/strong>dedica su nueva y brillante obra,\u00a0<em>Comediantes y m\u00e1rtires<\/em>, ganadora del I Premio de Ensayo Debate-Casa de Am\u00e9rica, a la figura del h\u00e9roe en la sociedad contempor\u00e1nea, a partir de cuatro mitos universales de origen argentino: Evita, Gardel, el Che Guevara y Maradona. \u00bfC\u00f3mo se construye un mito? \u00bfQu\u00e9 similitudes guarda con la vida real de los personajes? Con estas dos preguntas como gu\u00eda, Sebreli pasa revista a las circunstancias vitales y las caracter\u00edsticas personales de estos cuatro iconos y desentierra un elenco de contradicciones rabiosas y paradojas flagrantes: la pasi\u00f3n por la alta costura de la \u00ababanderada de los humildes\u00bb; el desganado oportunismo de Gardel; el amor a la violencia del Che Guevara y los devaneos y alardes de Diego Maradona, siempre entre el esc\u00e1ndalo y el fraude. Sebreli observa con precisi\u00f3n microsc\u00f3pica las conductas y logra un ensayo maduro y reflexivo para todos los lectores l\u00facidos, que no podr\u00e1n sino coincidir con la cita de Bertolt Brecht que encabeza el libro: \u00abPobres los pueblos que necesitan h\u00e9roes\u00bb.<\/p>\n","protected":false},"excerpt":{"rendered":"<p>&nbsp;<\/p>\n<p>&nbsp;<\/p>\n<p>&nbsp;<\/p>\n","protected":false},"featured_media":10766,"template":"","meta":[],"product_brand":[1396],"product_cat":[31],"product_tag":[],"class_list":{"0":"post-10775","1":"product","2":"type-product","3":"status-publish","4":"has-post-thumbnail","6":"product_brand-juan-jose-sebreli","7":"product_cat-historico","9":"first","10":"outofstock","11":"product-type-variable"},"featured_image_urls_v2":{"full":["https:\/\/ajupe.com.uy\/web\/wp-content\/uploads\/2025\/10\/9322-scaled.jpg",1657,2560,false],"thumbnail":["https:\/\/ajupe.com.uy\/web\/wp-content\/uploads\/2025\/10\/9322-150x150.jpg",150,150,true],"medium":["https:\/\/ajupe.com.uy\/web\/wp-content\/uploads\/2025\/10\/9322-194x300.jpg",194,300,true],"medium_large":["https:\/\/ajupe.com.uy\/web\/wp-content\/uploads\/2025\/10\/9322-768x1186.jpg",768,1186,true],"large":["https:\/\/ajupe.com.uy\/web\/wp-content\/uploads\/2025\/10\/9322-663x1024.jpg",663,1024,true],"1536x1536":["https:\/\/ajupe.com.uy\/web\/wp-content\/uploads\/2025\/10\/9322-994x1536.jpg",994,1536,true],"2048x2048":["https:\/\/ajupe.com.uy\/web\/wp-content\/uploads\/2025\/10\/9322-1326x2048.jpg",1326,2048,true],"woocommerce_archive_thumbnail":["https:\/\/ajupe.com.uy\/web\/wp-content\/uploads\/2025\/10\/9322-300x450.jpg",300,450,true],"woocommerce_thumbnail":["https:\/\/ajupe.com.uy\/web\/wp-content\/uploads\/2025\/10\/9322-300x300.jpg",300,300,true],"woocommerce_single":["https:\/\/ajupe.com.uy\/web\/wp-content\/uploads\/2025\/10\/9322-300x463.jpg",300,463,true],"woocommerce_gallery_thumbnail":["https:\/\/ajupe.com.uy\/web\/wp-content\/uploads\/2025\/10\/9322-100x100.jpg",100,100,true]},"post_excerpt_stackable_v2":"<p>&nbsp;<\/p>\n<p>&nbsp;<\/p>\n<p>&nbsp;<\/p>\n","category_list_v2":"","author_info_v2":{"name":"","url":""},"comments_num_v2":"0 comentarios","_links":{"self":[{"href":"https:\/\/ajupe.com.uy\/web\/wp-json\/wp\/v2\/product\/10775","targetHints":{"allow":["GET"]}}],"collection":[{"href":"https:\/\/ajupe.com.uy\/web\/wp-json\/wp\/v2\/product"}],"about":[{"href":"https:\/\/ajupe.com.uy\/web\/wp-json\/wp\/v2\/types\/product"}],"wp:featuredmedia":[{"embeddable":true,"href":"https:\/\/ajupe.com.uy\/web\/wp-json\/wp\/v2\/media\/10766"}],"wp:attachment":[{"href":"https:\/\/ajupe.com.uy\/web\/wp-json\/wp\/v2\/media?parent=10775"}],"wp:term":[{"taxonomy":"product_brand","embeddable":true,"href":"https:\/\/ajupe.com.uy\/web\/wp-json\/wp\/v2\/product_brand?post=10775"},{"taxonomy":"product_cat","embeddable":true,"href":"https:\/\/ajupe.com.uy\/web\/wp-json\/wp\/v2\/product_cat?post=10775"},{"taxonomy":"product_tag","embeddable":true,"href":"https:\/\/ajupe.com.uy\/web\/wp-json\/wp\/v2\/product_tag?post=10775"}],"curies":[{"name":"wp","href":"https:\/\/api.w.org\/{rel}","templated":true}]}}