{"id":10793,"date":"2025-10-20T17:31:47","date_gmt":"2025-10-20T20:31:47","guid":{"rendered":"https:\/\/ajupe.com.uy\/web\/?post_type=product&#038;p=10793"},"modified":"2025-10-20T17:39:10","modified_gmt":"2025-10-20T20:39:10","slug":"la-niebla-y-la-doncella","status":"publish","type":"product","link":"https:\/\/ajupe.com.uy\/web\/biblioteca\/la-niebla-y-la-doncella\/","title":{"rendered":"LA NIEBLA Y LA DONCELLA"},"content":{"rendered":"<p>El sargento Bevilacqua y su compa\u00f1era la cabo Chamorro, at\u00edpicos investigadores criminales de la Guardia civil, reciben un inc\u00f3modo encargo. El asunto que les toca en suerte es un asesinato ocurrido dos a\u00f1os atr\u00e1s en la isla canaria de La Gomera; el muerto, un joven de vida desordenada y car\u00e1cter atolondrado. Por el crimen, en su d\u00eda, se juzg\u00f3 y absolvi\u00f3 a un pol\u00edtico local cuya hija adolescente andaba en relaciones con la v\u00edctima. El caso ha estado en la v\u00eda muerta durante meses, pero las altas conexiones de la madre del chico han forzado a reabrirlo. Chamorro y Bevilacqua se encuentran con un crimen antiguo y muy pocas pistas para resolverlo. Tras desplazarse a la isla, la cabo y el sargento, con la colaboraci\u00f3n no siempre entusiasta de los guardias que en su d\u00eda cerraron el caso en falso, se sumergen en la b\u00fasqueda de un asesino que parece haberse desvanecido en la niebla del bosque donde apareci\u00f3 el cad\u00e1ver.<\/p>\n<p>Lorenzo Silva nos ofrece en La niebla y la doncella la entrega m\u00e1s trepidante y ambiciosa de las andanzas del sargento Bevilacqua.<\/p>\n","protected":false},"excerpt":{"rendered":"<p>&nbsp;<\/p>\n<p>&nbsp;<\/p>\n<p>&nbsp;<\/p>\n","protected":false},"featured_media":10782,"template":"","meta":[],"product_brand":[1203],"product_cat":[40],"product_tag":[],"class_list":{"0":"post-10793","1":"product","2":"type-product","3":"status-publish","4":"has-post-thumbnail","6":"product_brand-lorenzo-silva","7":"product_cat-policial","9":"first","10":"outofstock","11":"product-type-variable"},"featured_image_urls_v2":{"full":["https:\/\/ajupe.com.uy\/web\/wp-content\/uploads\/2025\/10\/9328.jpg",1473,2226,false],"thumbnail":["https:\/\/ajupe.com.uy\/web\/wp-content\/uploads\/2025\/10\/9328-150x150.jpg",150,150,true],"medium":["https:\/\/ajupe.com.uy\/web\/wp-content\/uploads\/2025\/10\/9328-199x300.jpg",199,300,true],"medium_large":["https:\/\/ajupe.com.uy\/web\/wp-content\/uploads\/2025\/10\/9328-768x1161.jpg",768,1161,true],"large":["https:\/\/ajupe.com.uy\/web\/wp-content\/uploads\/2025\/10\/9328-678x1024.jpg",678,1024,true],"1536x1536":["https:\/\/ajupe.com.uy\/web\/wp-content\/uploads\/2025\/10\/9328-1016x1536.jpg",1016,1536,true],"2048x2048":["https:\/\/ajupe.com.uy\/web\/wp-content\/uploads\/2025\/10\/9328-1355x2048.jpg",1355,2048,true],"woocommerce_archive_thumbnail":["https:\/\/ajupe.com.uy\/web\/wp-content\/uploads\/2025\/10\/9328-300x450.jpg",300,450,true],"woocommerce_thumbnail":["https:\/\/ajupe.com.uy\/web\/wp-content\/uploads\/2025\/10\/9328-300x300.jpg",300,300,true],"woocommerce_single":["https:\/\/ajupe.com.uy\/web\/wp-content\/uploads\/2025\/10\/9328-300x453.jpg",300,453,true],"woocommerce_gallery_thumbnail":["https:\/\/ajupe.com.uy\/web\/wp-content\/uploads\/2025\/10\/9328-100x100.jpg",100,100,true]},"post_excerpt_stackable_v2":"<p>&nbsp;<\/p>\n<p>&nbsp;<\/p>\n<p>&nbsp;<\/p>\n","category_list_v2":"","author_info_v2":{"name":"","url":""},"comments_num_v2":"0 comentarios","_links":{"self":[{"href":"https:\/\/ajupe.com.uy\/web\/wp-json\/wp\/v2\/product\/10793","targetHints":{"allow":["GET"]}}],"collection":[{"href":"https:\/\/ajupe.com.uy\/web\/wp-json\/wp\/v2\/product"}],"about":[{"href":"https:\/\/ajupe.com.uy\/web\/wp-json\/wp\/v2\/types\/product"}],"wp:featuredmedia":[{"embeddable":true,"href":"https:\/\/ajupe.com.uy\/web\/wp-json\/wp\/v2\/media\/10782"}],"wp:attachment":[{"href":"https:\/\/ajupe.com.uy\/web\/wp-json\/wp\/v2\/media?parent=10793"}],"wp:term":[{"taxonomy":"product_brand","embeddable":true,"href":"https:\/\/ajupe.com.uy\/web\/wp-json\/wp\/v2\/product_brand?post=10793"},{"taxonomy":"product_cat","embeddable":true,"href":"https:\/\/ajupe.com.uy\/web\/wp-json\/wp\/v2\/product_cat?post=10793"},{"taxonomy":"product_tag","embeddable":true,"href":"https:\/\/ajupe.com.uy\/web\/wp-json\/wp\/v2\/product_tag?post=10793"}],"curies":[{"name":"wp","href":"https:\/\/api.w.org\/{rel}","templated":true}]}}