{"id":10795,"date":"2025-10-20T17:44:29","date_gmt":"2025-10-20T20:44:29","guid":{"rendered":"https:\/\/ajupe.com.uy\/web\/?post_type=product&#038;p=10795"},"modified":"2025-10-20T17:51:48","modified_gmt":"2025-10-20T20:51:48","slug":"el-abuelo-que-volvio-para-salvar-el-mundo","status":"publish","type":"product","link":"https:\/\/ajupe.com.uy\/web\/biblioteca\/el-abuelo-que-volvio-para-salvar-el-mundo\/","title":{"rendered":"EL ABUELO QUE VOLVI\u00d3 PARA SALVAR EL MUNDO"},"content":{"rendered":"<p>Desde aquel d\u00eda no tan lejano en que Allan Karlsson salt\u00f3 por la ventana de la residencia de ancianos y se lanz\u00f3 a todo tipo de aventuras con la avidez de un jovenzuelo, el mundo ha sufrido una transformaci\u00f3n radical que lo ha sumido en el desconcierto y la incertidumbre.<\/p>\n<p>Ante tal situaci\u00f3n, un esp\u00edritu inquieto y una mente sin prejuicios, sumados a una tableta con acceso ilimitado a internet, impulsan al incombustible abuelo a emprender una singular cruzada a fin de salvaguardar la paz mundial.<\/p>\n<p>Todo empieza en una playa en Bali, donde Allan se encuentra con Julius para celebrar el cent\u00e9simo primer a\u00f1o de vida. La idea de su amigo de regalarle un paseo en globo aerost\u00e1tico no deja de ser brillante, pero una vez en el aire la situaci\u00f3n se complica: los intr\u00e9pidos aeronautas pierden el control de la aeronave y caen al mar.<\/p>\n<p>Extraviados en la inmensidad del oc\u00e9ano, la suerte parece sonre\u00edrles cuando un carguero se cruza en su camino y los rescata, salvo que se trata, en realidad, de un buque norcoreano que transporta cuatro kilos de uranio enriquecido con destino a Pyongyang, el feudo inexpugnable de un Kim Jong-un enfrascado en su programa de desarrollo nuclear.<\/p>\n<p>As\u00ed, en un abrir y cerrar de ojos, Allan se ve inmerso en una misi\u00f3n de la m\u00e1xima trascendencia, una tarea diplom\u00e1tica muy delicada que lo llevar\u00e1 de Corea del Norte a Nueva York, despu\u00e9s a Suecia y finalmente a \u00c1frica.<\/p>\n<p>Pero, ante los numerosos obst\u00e1culos y la complejidad de la operaci\u00f3n, el superabuelo no tiene m\u00e1s remedio que plantarse ante Donald Trump y Angela Merkel para exponerles sus originales planes, sin cuyo cumplimiento la humanidad se encamina hacia una crisis de insospechadas consecuencias.<\/p>\n<p>El humor disparatado y una acci\u00f3n trepidante son la esencia\u00a0de otra divertid\u00edsima historia de\u00a0<strong>Jonas Jonasson<\/strong>, que, de nuevo con el inefable abuelo de protagonista, aborda de lleno el momento pol\u00edtico actual, una \u00e9poca convulsa en la que realidad y ficci\u00f3n se solapan con asombrosa exactitud.<\/p>\n<p>&nbsp;<\/p>\n","protected":false},"excerpt":{"rendered":"<p>&nbsp;<\/p>\n<p>&nbsp;<\/p>\n<p>&nbsp;<\/p>\n","protected":false},"featured_media":10784,"template":"","meta":[],"product_brand":[1151],"product_cat":[29],"product_tag":[],"class_list":{"0":"post-10795","1":"product","2":"type-product","3":"status-publish","4":"has-post-thumbnail","6":"product_brand-jonas-jonasson","7":"product_cat-novela","9":"first","10":"outofstock","11":"product-type-variable"},"featured_image_urls_v2":{"full":["https:\/\/ajupe.com.uy\/web\/wp-content\/uploads\/2025\/10\/9330.jpg",1556,2425,false],"thumbnail":["https:\/\/ajupe.com.uy\/web\/wp-content\/uploads\/2025\/10\/9330-150x150.jpg",150,150,true],"medium":["https:\/\/ajupe.com.uy\/web\/wp-content\/uploads\/2025\/10\/9330-192x300.jpg",192,300,true],"medium_large":["https:\/\/ajupe.com.uy\/web\/wp-content\/uploads\/2025\/10\/9330-768x1197.jpg",768,1197,true],"large":["https:\/\/ajupe.com.uy\/web\/wp-content\/uploads\/2025\/10\/9330-657x1024.jpg",657,1024,true],"1536x1536":["https:\/\/ajupe.com.uy\/web\/wp-content\/uploads\/2025\/10\/9330-986x1536.jpg",986,1536,true],"2048x2048":["https:\/\/ajupe.com.uy\/web\/wp-content\/uploads\/2025\/10\/9330-1314x2048.jpg",1314,2048,true],"woocommerce_archive_thumbnail":["https:\/\/ajupe.com.uy\/web\/wp-content\/uploads\/2025\/10\/9330-300x450.jpg",300,450,true],"woocommerce_thumbnail":["https:\/\/ajupe.com.uy\/web\/wp-content\/uploads\/2025\/10\/9330-300x300.jpg",300,300,true],"woocommerce_single":["https:\/\/ajupe.com.uy\/web\/wp-content\/uploads\/2025\/10\/9330-300x468.jpg",300,468,true],"woocommerce_gallery_thumbnail":["https:\/\/ajupe.com.uy\/web\/wp-content\/uploads\/2025\/10\/9330-100x100.jpg",100,100,true]},"post_excerpt_stackable_v2":"<p>&nbsp;<\/p>\n<p>&nbsp;<\/p>\n<p>&nbsp;<\/p>\n","category_list_v2":"","author_info_v2":{"name":"","url":""},"comments_num_v2":"0 comentarios","_links":{"self":[{"href":"https:\/\/ajupe.com.uy\/web\/wp-json\/wp\/v2\/product\/10795","targetHints":{"allow":["GET"]}}],"collection":[{"href":"https:\/\/ajupe.com.uy\/web\/wp-json\/wp\/v2\/product"}],"about":[{"href":"https:\/\/ajupe.com.uy\/web\/wp-json\/wp\/v2\/types\/product"}],"wp:featuredmedia":[{"embeddable":true,"href":"https:\/\/ajupe.com.uy\/web\/wp-json\/wp\/v2\/media\/10784"}],"wp:attachment":[{"href":"https:\/\/ajupe.com.uy\/web\/wp-json\/wp\/v2\/media?parent=10795"}],"wp:term":[{"taxonomy":"product_brand","embeddable":true,"href":"https:\/\/ajupe.com.uy\/web\/wp-json\/wp\/v2\/product_brand?post=10795"},{"taxonomy":"product_cat","embeddable":true,"href":"https:\/\/ajupe.com.uy\/web\/wp-json\/wp\/v2\/product_cat?post=10795"},{"taxonomy":"product_tag","embeddable":true,"href":"https:\/\/ajupe.com.uy\/web\/wp-json\/wp\/v2\/product_tag?post=10795"}],"curies":[{"name":"wp","href":"https:\/\/api.w.org\/{rel}","templated":true}]}}