{"id":10797,"date":"2025-10-20T17:58:48","date_gmt":"2025-10-20T20:58:48","guid":{"rendered":"https:\/\/ajupe.com.uy\/web\/?post_type=product&#038;p=10797"},"modified":"2025-10-20T18:06:33","modified_gmt":"2025-10-20T21:06:33","slug":"la-casa-neville","status":"publish","type":"product","link":"https:\/\/ajupe.com.uy\/web\/biblioteca\/la-casa-neville\/","title":{"rendered":"LA CASA NEVILLE"},"content":{"rendered":"<p><strong>Segunda entrega de un\u00a0<em>thriller<\/em>\u00a0rom\u00e1ntico-hist\u00f3rico que te dejar\u00e1 sin aliento.<\/strong><\/p>\n<p>Decidida y sagaz,\u00a0<strong>Manon Neville se consolida como la cabeza de la poderosa Casa Neville<\/strong>. Al tiempo que su influencia se extiende, sus enemigos urden nuevas conspiraciones para destruirla.\u00a0<strong>Alexander Blackraven, su prometido, es un sost\u00e9n fundamental para la formidable joven<\/strong>. Pero el amor apasionado que los une no est\u00e1 exento de ambig\u00fcedades ni de secretos que hunden sus ra\u00edces en el pasado.<\/p>\n<p>Contra todo y contra todos,\u00a0<strong>la pareja iniciar\u00e1 un largo viaje en cl\u00edper hacia China<\/strong>, durante el cual ambos se conocer\u00e1n profundamente y vivir\u00e1n aventuras que los pondr\u00e1n a prueba. Pero\u00a0<strong>la mano del enemigo es larga<\/strong>\u00a0y, no importa cu\u00e1nto se alejen de Londres, sus vidas contin\u00faan en peligro. En medio de la compleja red de mentiras y de traiciones que los rodea, Manon y Alexander\u00a0<strong>intentar\u00e1n consolidar un amor que por momentos parece imposible<\/strong>.<\/p>\n","protected":false},"excerpt":{"rendered":"<p>&nbsp;<\/p>\n<p>&nbsp;<\/p>\n<p>&nbsp;<\/p>\n","protected":false},"featured_media":10786,"template":"","meta":[],"product_brand":[1180],"product_cat":[29],"product_tag":[],"class_list":{"0":"post-10797","1":"product","2":"type-product","3":"status-publish","4":"has-post-thumbnail","6":"product_brand-florencai-bonelli","7":"product_cat-novela","9":"first","10":"outofstock","11":"product-type-variable"},"featured_image_urls_v2":{"full":["https:\/\/ajupe.com.uy\/web\/wp-content\/uploads\/2025\/10\/9332-scaled.jpg",1675,2560,false],"thumbnail":["https:\/\/ajupe.com.uy\/web\/wp-content\/uploads\/2025\/10\/9332-150x150.jpg",150,150,true],"medium":["https:\/\/ajupe.com.uy\/web\/wp-content\/uploads\/2025\/10\/9332-196x300.jpg",196,300,true],"medium_large":["https:\/\/ajupe.com.uy\/web\/wp-content\/uploads\/2025\/10\/9332-768x1174.jpg",768,1174,true],"large":["https:\/\/ajupe.com.uy\/web\/wp-content\/uploads\/2025\/10\/9332-670x1024.jpg",670,1024,true],"1536x1536":["https:\/\/ajupe.com.uy\/web\/wp-content\/uploads\/2025\/10\/9332-1005x1536.jpg",1005,1536,true],"2048x2048":["https:\/\/ajupe.com.uy\/web\/wp-content\/uploads\/2025\/10\/9332-1340x2048.jpg",1340,2048,true],"woocommerce_archive_thumbnail":["https:\/\/ajupe.com.uy\/web\/wp-content\/uploads\/2025\/10\/9332-300x450.jpg",300,450,true],"woocommerce_thumbnail":["https:\/\/ajupe.com.uy\/web\/wp-content\/uploads\/2025\/10\/9332-300x300.jpg",300,300,true],"woocommerce_single":["https:\/\/ajupe.com.uy\/web\/wp-content\/uploads\/2025\/10\/9332-300x459.jpg",300,459,true],"woocommerce_gallery_thumbnail":["https:\/\/ajupe.com.uy\/web\/wp-content\/uploads\/2025\/10\/9332-100x100.jpg",100,100,true]},"post_excerpt_stackable_v2":"<p>&nbsp;<\/p>\n<p>&nbsp;<\/p>\n<p>&nbsp;<\/p>\n","category_list_v2":"","author_info_v2":{"name":"","url":""},"comments_num_v2":"0 comentarios","_links":{"self":[{"href":"https:\/\/ajupe.com.uy\/web\/wp-json\/wp\/v2\/product\/10797","targetHints":{"allow":["GET"]}}],"collection":[{"href":"https:\/\/ajupe.com.uy\/web\/wp-json\/wp\/v2\/product"}],"about":[{"href":"https:\/\/ajupe.com.uy\/web\/wp-json\/wp\/v2\/types\/product"}],"wp:featuredmedia":[{"embeddable":true,"href":"https:\/\/ajupe.com.uy\/web\/wp-json\/wp\/v2\/media\/10786"}],"wp:attachment":[{"href":"https:\/\/ajupe.com.uy\/web\/wp-json\/wp\/v2\/media?parent=10797"}],"wp:term":[{"taxonomy":"product_brand","embeddable":true,"href":"https:\/\/ajupe.com.uy\/web\/wp-json\/wp\/v2\/product_brand?post=10797"},{"taxonomy":"product_cat","embeddable":true,"href":"https:\/\/ajupe.com.uy\/web\/wp-json\/wp\/v2\/product_cat?post=10797"},{"taxonomy":"product_tag","embeddable":true,"href":"https:\/\/ajupe.com.uy\/web\/wp-json\/wp\/v2\/product_tag?post=10797"}],"curies":[{"name":"wp","href":"https:\/\/api.w.org\/{rel}","templated":true}]}}