{"id":1086,"date":"2010-07-14T00:00:00","date_gmt":"2010-07-14T03:00:00","guid":{"rendered":"http:\/\/ajupe.com.uy\/web\/?post_type=product&#038;p=1086"},"modified":"2010-07-14T00:00:00","modified_gmt":"2010-07-14T03:00:00","slug":"la-joven-de-la-perla","status":"publish","type":"product","link":"https:\/\/ajupe.com.uy\/web\/biblioteca\/la-joven-de-la-perla\/","title":{"rendered":"La joven de la perla"},"content":{"rendered":"<p>En la segunda mitad del siglo XVII, el pintor holand\u00e9s J. Vermeer inmortaliz\u00f3 en una tela a una bella muchacha adornada con un turbante y un pendiente de perla. Sus labios parecen esbozar una sonrisa sensual, pero sus ojos irradian tristeza m\u00e1s profunda. Conocido como la \u201cMona Lisa holandesa\u201d, detr\u00e1s de ese enigm\u00e1tico rostro se esconde Griet, una joven de origen humilde que a los 16 a\u00f1os entra a trabajar como doncella en casa del artista a cambio de un m\u00edsero salario. Su extraordinaria sensibilidad y el cuidado que pone en todo lo que toca atrae al maestro, quien poco a poco la introduce en su mundo, un para\u00edso inundado por una luz m\u00e1gica y poblado de criaturas femeninas de singular belleza.<\/p>\n","protected":false},"excerpt":{"rendered":"<p>En la segunda mitad del siglo XVII, el pintor holand\u00e9s J. Vermeer inmortaliz\u00f3 en una tela a una bella muchacha adornada con un turbante y un pendiente de perla. Sus labios parecen esbozar una sonrisa sensual, pero sus ojos irradian tristeza m\u00e1s profunda. <\/p>\n","protected":false},"featured_media":1087,"template":"","meta":[],"product_brand":[295],"product_cat":[29],"product_tag":[],"class_list":{"0":"post-1086","1":"product","2":"type-product","3":"status-publish","4":"has-post-thumbnail","6":"product_brand-tracy-chevalier","7":"product_cat-novela","9":"first","10":"instock","11":"purchasable","12":"product-type-simple"},"featured_image_urls_v2":{"full":["https:\/\/ajupe.com.uy\/web\/wp-content\/uploads\/2016\/04\/p-1086-6076.jpg",361,528,false],"thumbnail":["https:\/\/ajupe.com.uy\/web\/wp-content\/uploads\/2016\/04\/p-1086-6076.jpg",150,150,true],"medium":["https:\/\/ajupe.com.uy\/web\/wp-content\/uploads\/2016\/04\/p-1086-6076.jpg",300,214,true],"medium_large":["https:\/\/ajupe.com.uy\/web\/wp-content\/uploads\/2016\/04\/p-1086-6076.jpg",361,528,false],"large":["https:\/\/ajupe.com.uy\/web\/wp-content\/uploads\/2016\/04\/p-1086-6076.jpg",361,528,false],"1536x1536":["https:\/\/ajupe.com.uy\/web\/wp-content\/uploads\/2016\/04\/p-1086-6076.jpg",361,528,false],"2048x2048":["https:\/\/ajupe.com.uy\/web\/wp-content\/uploads\/2016\/04\/p-1086-6076.jpg",361,528,false],"woocommerce_archive_thumbnail":["https:\/\/ajupe.com.uy\/web\/wp-content\/uploads\/2016\/04\/p-1086-6076-300x450.jpg",300,450,true],"woocommerce_thumbnail":["https:\/\/ajupe.com.uy\/web\/wp-content\/uploads\/2016\/04\/p-1086-6076-300x300.jpg",300,300,true],"woocommerce_single":["https:\/\/ajupe.com.uy\/web\/wp-content\/uploads\/2016\/04\/p-1086-6076-300x439.jpg",300,439,true],"woocommerce_gallery_thumbnail":["https:\/\/ajupe.com.uy\/web\/wp-content\/uploads\/2016\/04\/p-1086-6076-100x100.jpg",100,100,true]},"post_excerpt_stackable_v2":"<p>En la segunda mitad del siglo XVII, el pintor holand\u00e9s J. Vermeer inmortaliz\u00f3 en una tela a una bella muchacha adornada con un turbante y un pendiente de perla. Sus labios parecen esbozar una sonrisa sensual, pero sus ojos irradian tristeza m\u00e1s profunda. <\/p>\n","category_list_v2":"","author_info_v2":{"name":"","url":""},"comments_num_v2":"0 comentarios","_links":{"self":[{"href":"https:\/\/ajupe.com.uy\/web\/wp-json\/wp\/v2\/product\/1086","targetHints":{"allow":["GET"]}}],"collection":[{"href":"https:\/\/ajupe.com.uy\/web\/wp-json\/wp\/v2\/product"}],"about":[{"href":"https:\/\/ajupe.com.uy\/web\/wp-json\/wp\/v2\/types\/product"}],"wp:featuredmedia":[{"embeddable":true,"href":"https:\/\/ajupe.com.uy\/web\/wp-json\/wp\/v2\/media\/1087"}],"wp:attachment":[{"href":"https:\/\/ajupe.com.uy\/web\/wp-json\/wp\/v2\/media?parent=1086"}],"wp:term":[{"taxonomy":"product_brand","embeddable":true,"href":"https:\/\/ajupe.com.uy\/web\/wp-json\/wp\/v2\/product_brand?post=1086"},{"taxonomy":"product_cat","embeddable":true,"href":"https:\/\/ajupe.com.uy\/web\/wp-json\/wp\/v2\/product_cat?post=1086"},{"taxonomy":"product_tag","embeddable":true,"href":"https:\/\/ajupe.com.uy\/web\/wp-json\/wp\/v2\/product_tag?post=1086"}],"curies":[{"name":"wp","href":"https:\/\/api.w.org\/{rel}","templated":true}]}}