{"id":1088,"date":"2010-07-14T00:00:00","date_gmt":"2010-07-14T03:00:00","guid":{"rendered":"http:\/\/ajupe.com.uy\/web\/?post_type=product&#038;p=1088"},"modified":"2010-07-14T00:00:00","modified_gmt":"2010-07-14T03:00:00","slug":"era-medianoche-en-bhopal","status":"publish","type":"product","link":"https:\/\/ajupe.com.uy\/web\/biblioteca\/era-medianoche-en-bhopal\/","title":{"rendered":"Era medianoche en Bhopal"},"content":{"rendered":"<p>Doce y cinco de la noche del 2 al 3 de diciembre de 1984. Una fulgurante nube de gas t\u00f3xico se escapa de una f\u00e1brica norteamericana de pesticidas construida en el coraz\u00f3n de la antigua ciudad india de Bhopal. Causa treinta mil muertos y quinientos mil heridos. Es la cat\u00e1strofe industrial m\u00e1s mort\u00edfera de la historia. Este libro narra la emocionante aventura humana y tecnol\u00f3gica que desemboc\u00f3 en esta tragedia. Una familia de campesinos indios expulsada de su tierra por enjambres de pulgones asesinos. Tres entom\u00f3logos neoyorquinos que inventan un pesticida milagroso. Un gigante de la qu\u00edmica que encuentra un gas mortal para fabricarlo&#8230;.<\/p>\n","protected":false},"excerpt":{"rendered":"<p>Doce y cinco de la noche del 2 al 3 de diciembre de 1984. Una fulgurante nube de gas t\u00f3xico se escapa de una f\u00e1brica norteamericana de pesticidas construida en el coraz\u00f3n de la antigua ciudad india de Bhopal. Causa treinta mil muertos y quinientos mil her<\/p>\n","protected":false},"featured_media":1089,"template":"","meta":[],"product_brand":[296],"product_cat":[39],"product_tag":[],"class_list":{"0":"post-1088","1":"product","2":"type-product","3":"status-publish","4":"has-post-thumbnail","6":"product_brand-dominique-lapierre-javier-moro","7":"product_cat-veridico","9":"first","10":"instock","11":"purchasable","12":"product-type-simple"},"featured_image_urls_v2":{"full":["https:\/\/ajupe.com.uy\/web\/wp-content\/uploads\/2016\/04\/p-1088-6077.jpg",362,561,false],"thumbnail":["https:\/\/ajupe.com.uy\/web\/wp-content\/uploads\/2016\/04\/p-1088-6077.jpg",150,150,true],"medium":["https:\/\/ajupe.com.uy\/web\/wp-content\/uploads\/2016\/04\/p-1088-6077.jpg",300,214,true],"medium_large":["https:\/\/ajupe.com.uy\/web\/wp-content\/uploads\/2016\/04\/p-1088-6077.jpg",362,561,false],"large":["https:\/\/ajupe.com.uy\/web\/wp-content\/uploads\/2016\/04\/p-1088-6077.jpg",362,561,false],"1536x1536":["https:\/\/ajupe.com.uy\/web\/wp-content\/uploads\/2016\/04\/p-1088-6077.jpg",362,561,false],"2048x2048":["https:\/\/ajupe.com.uy\/web\/wp-content\/uploads\/2016\/04\/p-1088-6077.jpg",362,561,false],"woocommerce_archive_thumbnail":["https:\/\/ajupe.com.uy\/web\/wp-content\/uploads\/2016\/04\/p-1088-6077-300x450.jpg",300,450,true],"woocommerce_thumbnail":["https:\/\/ajupe.com.uy\/web\/wp-content\/uploads\/2016\/04\/p-1088-6077-300x300.jpg",300,300,true],"woocommerce_single":["https:\/\/ajupe.com.uy\/web\/wp-content\/uploads\/2016\/04\/p-1088-6077-300x465.jpg",300,465,true],"woocommerce_gallery_thumbnail":["https:\/\/ajupe.com.uy\/web\/wp-content\/uploads\/2016\/04\/p-1088-6077-100x100.jpg",100,100,true]},"post_excerpt_stackable_v2":"<p>Doce y cinco de la noche del 2 al 3 de diciembre de 1984. Una fulgurante nube de gas t\u00f3xico se escapa de una f\u00e1brica norteamericana de pesticidas construida en el coraz\u00f3n de la antigua ciudad india de Bhopal. Causa treinta mil muertos y quinientos mil her<\/p>\n","category_list_v2":"","author_info_v2":{"name":"","url":""},"comments_num_v2":"0 comentarios","_links":{"self":[{"href":"https:\/\/ajupe.com.uy\/web\/wp-json\/wp\/v2\/product\/1088","targetHints":{"allow":["GET"]}}],"collection":[{"href":"https:\/\/ajupe.com.uy\/web\/wp-json\/wp\/v2\/product"}],"about":[{"href":"https:\/\/ajupe.com.uy\/web\/wp-json\/wp\/v2\/types\/product"}],"wp:featuredmedia":[{"embeddable":true,"href":"https:\/\/ajupe.com.uy\/web\/wp-json\/wp\/v2\/media\/1089"}],"wp:attachment":[{"href":"https:\/\/ajupe.com.uy\/web\/wp-json\/wp\/v2\/media?parent=1088"}],"wp:term":[{"taxonomy":"product_brand","embeddable":true,"href":"https:\/\/ajupe.com.uy\/web\/wp-json\/wp\/v2\/product_brand?post=1088"},{"taxonomy":"product_cat","embeddable":true,"href":"https:\/\/ajupe.com.uy\/web\/wp-json\/wp\/v2\/product_cat?post=1088"},{"taxonomy":"product_tag","embeddable":true,"href":"https:\/\/ajupe.com.uy\/web\/wp-json\/wp\/v2\/product_tag?post=1088"}],"curies":[{"name":"wp","href":"https:\/\/api.w.org\/{rel}","templated":true}]}}