{"id":1092,"date":"2010-07-14T00:00:00","date_gmt":"2010-07-14T03:00:00","guid":{"rendered":"http:\/\/ajupe.com.uy\/web\/?post_type=product&#038;p=1092"},"modified":"2013-08-06T17:49:43","modified_gmt":"2013-08-06T20:49:43","slug":"mientras-escribo","status":"publish","type":"product","link":"https:\/\/ajupe.com.uy\/web\/biblioteca\/mientras-escribo\/","title":{"rendered":"Mientras escribo"},"content":{"rendered":"<p>Pocas veces un libro sobre el oficio de escribir ha resultado tan clarificador, \u00fatil y revelador. Mientras escribo empieza con el relato de la asombrosa infancia de Stephen King y su extra\u00f1o y temprano inter\u00e9s por la escritura. Una serie de v\u00edvidos recuerdos de la adolescencia, de la universidad y de los a\u00f1os de lucha que lo llevaron a la culminaci\u00f3n de su primera novela, Carrie, aportan al lector una amena y a menudo divertida perspectiva sobre la formaci\u00f3n del escritor. A continuaci\u00f3n King describe las herramientas b\u00e1sicas del oficio y expone y ejemplifica sus muy personales opiniones sobre el secreto de la escritura.<\/p>\n","protected":false},"excerpt":{"rendered":"<p>Pocas veces un libro sobre el oficio de escribir ha resultado tan clarificador, \u00fatil y revelador. Mientras escribo empieza con el relato de la asombrosa infancia de Stephen King y su extra\u00f1o y temprano inter\u00e9s por la escritura. Una serie de v\u00edvidos recuer<\/p>\n","protected":false},"featured_media":1093,"template":"","meta":[],"product_brand":[115],"product_cat":[44],"product_tag":[],"class_list":{"0":"post-1092","1":"product","2":"type-product","3":"status-publish","4":"has-post-thumbnail","6":"product_brand-stephen-king","7":"product_cat-biografico","9":"first","10":"instock","11":"purchasable","12":"product-type-simple"},"featured_image_urls_v2":{"full":["https:\/\/ajupe.com.uy\/web\/wp-content\/uploads\/2016\/04\/p-1092-6079.jpg",361,561,false],"thumbnail":["https:\/\/ajupe.com.uy\/web\/wp-content\/uploads\/2016\/04\/p-1092-6079.jpg",150,150,true],"medium":["https:\/\/ajupe.com.uy\/web\/wp-content\/uploads\/2016\/04\/p-1092-6079.jpg",300,214,true],"medium_large":["https:\/\/ajupe.com.uy\/web\/wp-content\/uploads\/2016\/04\/p-1092-6079.jpg",361,561,false],"large":["https:\/\/ajupe.com.uy\/web\/wp-content\/uploads\/2016\/04\/p-1092-6079.jpg",361,561,false],"1536x1536":["https:\/\/ajupe.com.uy\/web\/wp-content\/uploads\/2016\/04\/p-1092-6079.jpg",361,561,false],"2048x2048":["https:\/\/ajupe.com.uy\/web\/wp-content\/uploads\/2016\/04\/p-1092-6079.jpg",361,561,false],"woocommerce_archive_thumbnail":["https:\/\/ajupe.com.uy\/web\/wp-content\/uploads\/2016\/04\/p-1092-6079-300x450.jpg",300,450,true],"woocommerce_thumbnail":["https:\/\/ajupe.com.uy\/web\/wp-content\/uploads\/2016\/04\/p-1092-6079-300x300.jpg",300,300,true],"woocommerce_single":["https:\/\/ajupe.com.uy\/web\/wp-content\/uploads\/2016\/04\/p-1092-6079-300x466.jpg",300,466,true],"woocommerce_gallery_thumbnail":["https:\/\/ajupe.com.uy\/web\/wp-content\/uploads\/2016\/04\/p-1092-6079-100x100.jpg",100,100,true]},"post_excerpt_stackable_v2":"<p>Pocas veces un libro sobre el oficio de escribir ha resultado tan clarificador, \u00fatil y revelador. Mientras escribo empieza con el relato de la asombrosa infancia de Stephen King y su extra\u00f1o y temprano inter\u00e9s por la escritura. Una serie de v\u00edvidos recuer<\/p>\n","category_list_v2":"","author_info_v2":{"name":"","url":""},"comments_num_v2":"0 comentarios","_links":{"self":[{"href":"https:\/\/ajupe.com.uy\/web\/wp-json\/wp\/v2\/product\/1092","targetHints":{"allow":["GET"]}}],"collection":[{"href":"https:\/\/ajupe.com.uy\/web\/wp-json\/wp\/v2\/product"}],"about":[{"href":"https:\/\/ajupe.com.uy\/web\/wp-json\/wp\/v2\/types\/product"}],"wp:featuredmedia":[{"embeddable":true,"href":"https:\/\/ajupe.com.uy\/web\/wp-json\/wp\/v2\/media\/1093"}],"wp:attachment":[{"href":"https:\/\/ajupe.com.uy\/web\/wp-json\/wp\/v2\/media?parent=1092"}],"wp:term":[{"taxonomy":"product_brand","embeddable":true,"href":"https:\/\/ajupe.com.uy\/web\/wp-json\/wp\/v2\/product_brand?post=1092"},{"taxonomy":"product_cat","embeddable":true,"href":"https:\/\/ajupe.com.uy\/web\/wp-json\/wp\/v2\/product_cat?post=1092"},{"taxonomy":"product_tag","embeddable":true,"href":"https:\/\/ajupe.com.uy\/web\/wp-json\/wp\/v2\/product_tag?post=1092"}],"curies":[{"name":"wp","href":"https:\/\/api.w.org\/{rel}","templated":true}]}}