{"id":1096,"date":"2010-07-14T00:00:00","date_gmt":"2010-07-14T03:00:00","guid":{"rendered":"http:\/\/ajupe.com.uy\/web\/?post_type=product&#038;p=1096"},"modified":"2010-07-14T00:00:00","modified_gmt":"2010-07-14T03:00:00","slug":"riesgo-calculado","status":"publish","type":"product","link":"https:\/\/ajupe.com.uy\/web\/biblioteca\/riesgo-calculado\/","title":{"rendered":"Riesgo calculado"},"content":{"rendered":"<p>La pobreza puede mover a algunos a cantar blues, pero la riqueza y la codicia parecen exigir una m\u00fasica a mayor escala: la \u00f3pera. Bien sab\u00eda yo a qu\u00e9 alturas elevaba el tema del dinero las almas de los hombres. Era banquero. Aunque, para ser exactos con el g\u00e9nero, deber\u00eda decir \u201cbanquera\u201d: un cerebro en ordenadores y la ejecutiva m\u00e1s cotizada del todopoderoso Banco del Mundo. Si no hubiera ganado tanto dinero, no tendr\u00eda un asiento en un palco de la \u00d3pera de San Francisco, y si no hubiera estado sentada en mi palco aquella aburrida noche de noviembre, nunca se me habr\u00eda ocurrido la idea. La idea consist\u00eda en c\u00f3mo hace m\u00e1s dinero.<\/p>\n","protected":false},"excerpt":{"rendered":"<p>La pobreza puede mover a algunos a cantar blues, pero la riqueza y la codicia parecen exigir una m\u00fasica a mayor escala: la \u00f3pera. Bien sab\u00eda yo a qu\u00e9 alturas elevaba el tema del dinero las almas de los hombres. Era banquero. Aunque, para ser exactos con e<\/p>\n","protected":false},"featured_media":1097,"template":"","meta":[],"product_brand":[298],"product_cat":[29],"product_tag":[],"class_list":{"0":"post-1096","1":"product","2":"type-product","3":"status-publish","4":"has-post-thumbnail","6":"product_brand-katherine-neville","7":"product_cat-novela","9":"first","10":"instock","11":"purchasable","12":"product-type-simple"},"featured_image_urls_v2":{"full":["https:\/\/ajupe.com.uy\/web\/wp-content\/uploads\/2016\/04\/p-1096-6081.jpg",361,579,false],"thumbnail":["https:\/\/ajupe.com.uy\/web\/wp-content\/uploads\/2016\/04\/p-1096-6081.jpg",150,150,true],"medium":["https:\/\/ajupe.com.uy\/web\/wp-content\/uploads\/2016\/04\/p-1096-6081.jpg",300,214,true],"medium_large":["https:\/\/ajupe.com.uy\/web\/wp-content\/uploads\/2016\/04\/p-1096-6081.jpg",361,579,false],"large":["https:\/\/ajupe.com.uy\/web\/wp-content\/uploads\/2016\/04\/p-1096-6081.jpg",361,579,false],"1536x1536":["https:\/\/ajupe.com.uy\/web\/wp-content\/uploads\/2016\/04\/p-1096-6081.jpg",361,579,false],"2048x2048":["https:\/\/ajupe.com.uy\/web\/wp-content\/uploads\/2016\/04\/p-1096-6081.jpg",361,579,false],"woocommerce_archive_thumbnail":["https:\/\/ajupe.com.uy\/web\/wp-content\/uploads\/2016\/04\/p-1096-6081-300x450.jpg",300,450,true],"woocommerce_thumbnail":["https:\/\/ajupe.com.uy\/web\/wp-content\/uploads\/2016\/04\/p-1096-6081-300x300.jpg",300,300,true],"woocommerce_single":["https:\/\/ajupe.com.uy\/web\/wp-content\/uploads\/2016\/04\/p-1096-6081-300x481.jpg",300,481,true],"woocommerce_gallery_thumbnail":["https:\/\/ajupe.com.uy\/web\/wp-content\/uploads\/2016\/04\/p-1096-6081-100x100.jpg",100,100,true]},"post_excerpt_stackable_v2":"<p>La pobreza puede mover a algunos a cantar blues, pero la riqueza y la codicia parecen exigir una m\u00fasica a mayor escala: la \u00f3pera. Bien sab\u00eda yo a qu\u00e9 alturas elevaba el tema del dinero las almas de los hombres. Era banquero. Aunque, para ser exactos con e<\/p>\n","category_list_v2":"","author_info_v2":{"name":"","url":""},"comments_num_v2":"0 comentarios","_links":{"self":[{"href":"https:\/\/ajupe.com.uy\/web\/wp-json\/wp\/v2\/product\/1096","targetHints":{"allow":["GET"]}}],"collection":[{"href":"https:\/\/ajupe.com.uy\/web\/wp-json\/wp\/v2\/product"}],"about":[{"href":"https:\/\/ajupe.com.uy\/web\/wp-json\/wp\/v2\/types\/product"}],"wp:featuredmedia":[{"embeddable":true,"href":"https:\/\/ajupe.com.uy\/web\/wp-json\/wp\/v2\/media\/1097"}],"wp:attachment":[{"href":"https:\/\/ajupe.com.uy\/web\/wp-json\/wp\/v2\/media?parent=1096"}],"wp:term":[{"taxonomy":"product_brand","embeddable":true,"href":"https:\/\/ajupe.com.uy\/web\/wp-json\/wp\/v2\/product_brand?post=1096"},{"taxonomy":"product_cat","embeddable":true,"href":"https:\/\/ajupe.com.uy\/web\/wp-json\/wp\/v2\/product_cat?post=1096"},{"taxonomy":"product_tag","embeddable":true,"href":"https:\/\/ajupe.com.uy\/web\/wp-json\/wp\/v2\/product_tag?post=1096"}],"curies":[{"name":"wp","href":"https:\/\/api.w.org\/{rel}","templated":true}]}}