{"id":1098,"date":"2010-07-14T00:00:00","date_gmt":"2010-07-14T03:00:00","guid":{"rendered":"http:\/\/ajupe.com.uy\/web\/?post_type=product&#038;p=1098"},"modified":"2011-09-22T21:41:28","modified_gmt":"2011-09-23T00:41:28","slug":"nueva-burguesia","status":"publish","type":"product","link":"https:\/\/ajupe.com.uy\/web\/biblioteca\/nueva-burguesia\/","title":{"rendered":"Nueva burgues\u00eda"},"content":{"rendered":"<p>Finiquitados en 1929 los \u00faltimos movimientos armados en M\u00e9xico, se inicia la etapa que algunos historiadores llaman de estabilizaci\u00f3n de la Revoluci\u00f3n, que acaba por cristalizar en gobierno. En esta \u00e9poca confusa que amerita un estudio a fondo \u201cun segundo intento de burgues\u00eda \u2013 se\u00f1ala Raymundo Ramos \u2013 apuntaba en el panorama nacional. Despu\u00e9s de la burgues\u00eda positivista del porfirismo \u2013 apenas si vasto cacicazgo agrario \u2013 nac\u00eda la nueva burgues\u00eda revolucionaria, de la que Azuela tuvo el primer atisbo premonitorio y genial&#8230;<\/p>\n","protected":false},"excerpt":{"rendered":"<p>Finiquitados en 1929 los \u00faltimos movimientos armados en M\u00e9xico, se inicia la etapa que algunos historiadores llaman de estabilizaci\u00f3n de la Revoluci\u00f3n, que acaba por cristalizar en gobierno. En esta \u00e9poca confusa que amerita un estudio a fondo \u201cun segundo<\/p>\n","protected":false},"featured_media":1099,"template":"","meta":[],"product_brand":[299],"product_cat":[39],"product_tag":[],"class_list":{"0":"post-1098","1":"product","2":"type-product","3":"status-publish","4":"has-post-thumbnail","6":"product_brand-mariano-azuela","7":"product_cat-veridico","9":"first","10":"instock","11":"purchasable","12":"product-type-simple"},"featured_image_urls_v2":{"full":["https:\/\/ajupe.com.uy\/web\/wp-content\/uploads\/2016\/04\/p-1098-6083.jpg",362,591,false],"thumbnail":["https:\/\/ajupe.com.uy\/web\/wp-content\/uploads\/2016\/04\/p-1098-6083.jpg",150,150,true],"medium":["https:\/\/ajupe.com.uy\/web\/wp-content\/uploads\/2016\/04\/p-1098-6083.jpg",300,214,true],"medium_large":["https:\/\/ajupe.com.uy\/web\/wp-content\/uploads\/2016\/04\/p-1098-6083.jpg",362,591,false],"large":["https:\/\/ajupe.com.uy\/web\/wp-content\/uploads\/2016\/04\/p-1098-6083.jpg",362,591,false],"1536x1536":["https:\/\/ajupe.com.uy\/web\/wp-content\/uploads\/2016\/04\/p-1098-6083.jpg",362,591,false],"2048x2048":["https:\/\/ajupe.com.uy\/web\/wp-content\/uploads\/2016\/04\/p-1098-6083.jpg",362,591,false],"woocommerce_archive_thumbnail":["https:\/\/ajupe.com.uy\/web\/wp-content\/uploads\/2016\/04\/p-1098-6083-300x450.jpg",300,450,true],"woocommerce_thumbnail":["https:\/\/ajupe.com.uy\/web\/wp-content\/uploads\/2016\/04\/p-1098-6083-300x300.jpg",300,300,true],"woocommerce_single":["https:\/\/ajupe.com.uy\/web\/wp-content\/uploads\/2016\/04\/p-1098-6083-300x490.jpg",300,490,true],"woocommerce_gallery_thumbnail":["https:\/\/ajupe.com.uy\/web\/wp-content\/uploads\/2016\/04\/p-1098-6083-100x100.jpg",100,100,true]},"post_excerpt_stackable_v2":"<p>Finiquitados en 1929 los \u00faltimos movimientos armados en M\u00e9xico, se inicia la etapa que algunos historiadores llaman de estabilizaci\u00f3n de la Revoluci\u00f3n, que acaba por cristalizar en gobierno. En esta \u00e9poca confusa que amerita un estudio a fondo \u201cun segundo<\/p>\n","category_list_v2":"","author_info_v2":{"name":"","url":""},"comments_num_v2":"0 comentarios","_links":{"self":[{"href":"https:\/\/ajupe.com.uy\/web\/wp-json\/wp\/v2\/product\/1098","targetHints":{"allow":["GET"]}}],"collection":[{"href":"https:\/\/ajupe.com.uy\/web\/wp-json\/wp\/v2\/product"}],"about":[{"href":"https:\/\/ajupe.com.uy\/web\/wp-json\/wp\/v2\/types\/product"}],"wp:featuredmedia":[{"embeddable":true,"href":"https:\/\/ajupe.com.uy\/web\/wp-json\/wp\/v2\/media\/1099"}],"wp:attachment":[{"href":"https:\/\/ajupe.com.uy\/web\/wp-json\/wp\/v2\/media?parent=1098"}],"wp:term":[{"taxonomy":"product_brand","embeddable":true,"href":"https:\/\/ajupe.com.uy\/web\/wp-json\/wp\/v2\/product_brand?post=1098"},{"taxonomy":"product_cat","embeddable":true,"href":"https:\/\/ajupe.com.uy\/web\/wp-json\/wp\/v2\/product_cat?post=1098"},{"taxonomy":"product_tag","embeddable":true,"href":"https:\/\/ajupe.com.uy\/web\/wp-json\/wp\/v2\/product_tag?post=1098"}],"curies":[{"name":"wp","href":"https:\/\/api.w.org\/{rel}","templated":true}]}}