{"id":1102,"date":"2010-07-14T00:00:00","date_gmt":"2010-07-14T03:00:00","guid":{"rendered":"http:\/\/ajupe.com.uy\/web\/?post_type=product&#038;p=1102"},"modified":"2010-07-14T00:00:00","modified_gmt":"2010-07-14T03:00:00","slug":"que-los-ninos-huyan-de-mi","status":"publish","type":"product","link":"https:\/\/ajupe.com.uy\/web\/biblioteca\/que-los-ninos-huyan-de-mi\/","title":{"rendered":"Que los ni\u00f1os huyan de m\u00ed"},"content":{"rendered":"<p>Una novela o, mejor dicho, una narraci\u00f3n deliberadamente morosa, de perfiles crueles, hasta s\u00e1dicos. Gustavo es la ant\u00edtesis del \u201cdejad que los ni\u00f1os vengan a mi\u201d, pues en su psiquis, profundamente enferma, los ni\u00f1os y los monstruos se confunden en un solo ser&#8230; un Gustavo que evoca en parte al marqu\u00e9s de Sede, en parte tambi\u00e9n a la melanc\u00f3lica decadencia que flota en tantas p\u00e1ginas de Montherlant. La obra vale como una extra\u00f1a y, en momentos, hasta apasionadamente indagaci\u00f3n interior, por su empe\u00f1arse en echar luz all\u00ed donde reinan las sombras, &#8230;<\/p>\n","protected":false},"excerpt":{"rendered":"<p>Una novela o, mejor dicho, una narraci\u00f3n deliberadamente morosa, de perfiles crueles, hasta s\u00e1dicos. Gustavo es la ant\u00edtesis del \u201cdejad que los ni\u00f1os vengan a mi\u201d, pues en su psiquis, profundamente enferma, los ni\u00f1os y los monstruos se confunden en un sol<\/p>\n","protected":false},"featured_media":1103,"template":"","meta":[],"product_brand":[301],"product_cat":[29],"product_tag":[],"class_list":{"0":"post-1102","1":"product","2":"type-product","3":"status-publish","4":"has-post-thumbnail","6":"product_brand-jose-maria-borghello","7":"product_cat-novela","9":"first","10":"instock","11":"purchasable","12":"product-type-simple"},"featured_image_urls_v2":{"full":["https:\/\/ajupe.com.uy\/web\/wp-content\/uploads\/2016\/04\/p-1102-6086.jpg",359,503,false],"thumbnail":["https:\/\/ajupe.com.uy\/web\/wp-content\/uploads\/2016\/04\/p-1102-6086.jpg",150,150,true],"medium":["https:\/\/ajupe.com.uy\/web\/wp-content\/uploads\/2016\/04\/p-1102-6086.jpg",300,214,true],"medium_large":["https:\/\/ajupe.com.uy\/web\/wp-content\/uploads\/2016\/04\/p-1102-6086.jpg",359,503,false],"large":["https:\/\/ajupe.com.uy\/web\/wp-content\/uploads\/2016\/04\/p-1102-6086.jpg",359,503,false],"1536x1536":["https:\/\/ajupe.com.uy\/web\/wp-content\/uploads\/2016\/04\/p-1102-6086.jpg",359,503,false],"2048x2048":["https:\/\/ajupe.com.uy\/web\/wp-content\/uploads\/2016\/04\/p-1102-6086.jpg",359,503,false],"woocommerce_archive_thumbnail":["https:\/\/ajupe.com.uy\/web\/wp-content\/uploads\/2016\/04\/p-1102-6086-300x450.jpg",300,450,true],"woocommerce_thumbnail":["https:\/\/ajupe.com.uy\/web\/wp-content\/uploads\/2016\/04\/p-1102-6086-300x300.jpg",300,300,true],"woocommerce_single":["https:\/\/ajupe.com.uy\/web\/wp-content\/uploads\/2016\/04\/p-1102-6086-300x420.jpg",300,420,true],"woocommerce_gallery_thumbnail":["https:\/\/ajupe.com.uy\/web\/wp-content\/uploads\/2016\/04\/p-1102-6086-100x100.jpg",100,100,true]},"post_excerpt_stackable_v2":"<p>Una novela o, mejor dicho, una narraci\u00f3n deliberadamente morosa, de perfiles crueles, hasta s\u00e1dicos. Gustavo es la ant\u00edtesis del \u201cdejad que los ni\u00f1os vengan a mi\u201d, pues en su psiquis, profundamente enferma, los ni\u00f1os y los monstruos se confunden en un sol<\/p>\n","category_list_v2":"","author_info_v2":{"name":"","url":""},"comments_num_v2":"0 comentarios","_links":{"self":[{"href":"https:\/\/ajupe.com.uy\/web\/wp-json\/wp\/v2\/product\/1102","targetHints":{"allow":["GET"]}}],"collection":[{"href":"https:\/\/ajupe.com.uy\/web\/wp-json\/wp\/v2\/product"}],"about":[{"href":"https:\/\/ajupe.com.uy\/web\/wp-json\/wp\/v2\/types\/product"}],"wp:featuredmedia":[{"embeddable":true,"href":"https:\/\/ajupe.com.uy\/web\/wp-json\/wp\/v2\/media\/1103"}],"wp:attachment":[{"href":"https:\/\/ajupe.com.uy\/web\/wp-json\/wp\/v2\/media?parent=1102"}],"wp:term":[{"taxonomy":"product_brand","embeddable":true,"href":"https:\/\/ajupe.com.uy\/web\/wp-json\/wp\/v2\/product_brand?post=1102"},{"taxonomy":"product_cat","embeddable":true,"href":"https:\/\/ajupe.com.uy\/web\/wp-json\/wp\/v2\/product_cat?post=1102"},{"taxonomy":"product_tag","embeddable":true,"href":"https:\/\/ajupe.com.uy\/web\/wp-json\/wp\/v2\/product_tag?post=1102"}],"curies":[{"name":"wp","href":"https:\/\/api.w.org\/{rel}","templated":true}]}}