{"id":1104,"date":"2010-07-14T00:00:00","date_gmt":"2010-07-14T03:00:00","guid":{"rendered":"http:\/\/ajupe.com.uy\/web\/?post_type=product&#038;p=1104"},"modified":"2011-09-22T21:45:37","modified_gmt":"2011-09-23T00:45:37","slug":"muerte-en-un-domingo-lluvioso","status":"publish","type":"product","link":"https:\/\/ajupe.com.uy\/web\/biblioteca\/muerte-en-un-domingo-lluvioso\/","title":{"rendered":"Muerte en un domingo lluvioso"},"content":{"rendered":"<p>Durante un verano lluvioso y en una atm\u00f3sfera rural aparentemente tranquila, una serie de acontecimientos casuales o deliberados empiezan a abatirse sobre la familia Drummond, cuya apacible vida va vi\u00e9ndose alterada por un cambio de actitudes que modificar\u00e1n la cotidianeidad familiar: la aparici\u00f3n de un viejo amigo que coincide con unos misteriosos an\u00f3nimos, el comportamiento sospechoso del nuevo jardinero y su mujer, la visita inesperada de una amiga de la Sra. Drummond que resultar\u00e1 extra\u00f1amente antip\u00e1tica a su marido, unas p\u00edldoras descuidadas&#8230;<\/p>\n","protected":false},"excerpt":{"rendered":"<p>Durante un verano lluvioso y en una atm\u00f3sfera rural aparentemente tranquila, una serie de acontecimientos casuales o deliberados empiezan a abatirse sobre la familia Drummond, cuya apacible vida va vi\u00e9ndose alterada por un cambio de actitudes que modifica<\/p>\n","protected":false},"featured_media":1105,"template":"","meta":[],"product_brand":[302],"product_cat":[30],"product_tag":[],"class_list":{"0":"post-1104","1":"product","2":"type-product","3":"status-publish","4":"has-post-thumbnail","6":"product_brand-joan-aiken","7":"product_cat-suspenso","9":"first","10":"instock","11":"purchasable","12":"product-type-simple"},"featured_image_urls_v2":{"full":["https:\/\/ajupe.com.uy\/web\/wp-content\/uploads\/2016\/04\/p-1104-6087.jpg",360,598,false],"thumbnail":["https:\/\/ajupe.com.uy\/web\/wp-content\/uploads\/2016\/04\/p-1104-6087.jpg",150,150,true],"medium":["https:\/\/ajupe.com.uy\/web\/wp-content\/uploads\/2016\/04\/p-1104-6087.jpg",300,214,true],"medium_large":["https:\/\/ajupe.com.uy\/web\/wp-content\/uploads\/2016\/04\/p-1104-6087.jpg",360,598,false],"large":["https:\/\/ajupe.com.uy\/web\/wp-content\/uploads\/2016\/04\/p-1104-6087.jpg",360,598,false],"1536x1536":["https:\/\/ajupe.com.uy\/web\/wp-content\/uploads\/2016\/04\/p-1104-6087.jpg",360,598,false],"2048x2048":["https:\/\/ajupe.com.uy\/web\/wp-content\/uploads\/2016\/04\/p-1104-6087.jpg",360,598,false],"woocommerce_archive_thumbnail":["https:\/\/ajupe.com.uy\/web\/wp-content\/uploads\/2016\/04\/p-1104-6087-300x450.jpg",300,450,true],"woocommerce_thumbnail":["https:\/\/ajupe.com.uy\/web\/wp-content\/uploads\/2016\/04\/p-1104-6087-300x300.jpg",300,300,true],"woocommerce_single":["https:\/\/ajupe.com.uy\/web\/wp-content\/uploads\/2016\/04\/p-1104-6087-300x498.jpg",300,498,true],"woocommerce_gallery_thumbnail":["https:\/\/ajupe.com.uy\/web\/wp-content\/uploads\/2016\/04\/p-1104-6087-100x100.jpg",100,100,true]},"post_excerpt_stackable_v2":"<p>Durante un verano lluvioso y en una atm\u00f3sfera rural aparentemente tranquila, una serie de acontecimientos casuales o deliberados empiezan a abatirse sobre la familia Drummond, cuya apacible vida va vi\u00e9ndose alterada por un cambio de actitudes que modifica<\/p>\n","category_list_v2":"","author_info_v2":{"name":"","url":""},"comments_num_v2":"0 comentarios","_links":{"self":[{"href":"https:\/\/ajupe.com.uy\/web\/wp-json\/wp\/v2\/product\/1104","targetHints":{"allow":["GET"]}}],"collection":[{"href":"https:\/\/ajupe.com.uy\/web\/wp-json\/wp\/v2\/product"}],"about":[{"href":"https:\/\/ajupe.com.uy\/web\/wp-json\/wp\/v2\/types\/product"}],"wp:featuredmedia":[{"embeddable":true,"href":"https:\/\/ajupe.com.uy\/web\/wp-json\/wp\/v2\/media\/1105"}],"wp:attachment":[{"href":"https:\/\/ajupe.com.uy\/web\/wp-json\/wp\/v2\/media?parent=1104"}],"wp:term":[{"taxonomy":"product_brand","embeddable":true,"href":"https:\/\/ajupe.com.uy\/web\/wp-json\/wp\/v2\/product_brand?post=1104"},{"taxonomy":"product_cat","embeddable":true,"href":"https:\/\/ajupe.com.uy\/web\/wp-json\/wp\/v2\/product_cat?post=1104"},{"taxonomy":"product_tag","embeddable":true,"href":"https:\/\/ajupe.com.uy\/web\/wp-json\/wp\/v2\/product_tag?post=1104"}],"curies":[{"name":"wp","href":"https:\/\/api.w.org\/{rel}","templated":true}]}}