{"id":1108,"date":"2010-07-14T00:00:00","date_gmt":"2010-07-14T03:00:00","guid":{"rendered":"http:\/\/ajupe.com.uy\/web\/?post_type=product&#038;p=1108"},"modified":"2010-07-14T00:00:00","modified_gmt":"2010-07-14T03:00:00","slug":"marte-y-venus-juntos-para-siempre","status":"publish","type":"product","link":"https:\/\/ajupe.com.uy\/web\/biblioteca\/marte-y-venus-juntos-para-siempre\/","title":{"rendered":"Marte y Venus juntos para siempre"},"content":{"rendered":"<p>\u00bfPor qu\u00e9 las mujeres suelen hablar los problemas y por qu\u00e9 los hombres callan? \u00bfPor qu\u00e9 ellos olvidan y ellas recuerdan? \u00bfC\u00f3mo consigue la mujer que su marido le preste atenci\u00f3n? \u00bfY c\u00f3mo mantiene \u00e9l su espacio sin que ella se ofenda? Con su gran bestseller Marte y Venus en la cama, John Gray ense\u00f1aba a mejorar la relaci\u00f3n con el sexo opuesto y ofrec\u00eda valiosas recomendaciones a la hora de hacer el amor que hallaron eco entusiasta en numerosos lectores. En este nuevo libro, Gray enfoca un tema ecuciante: \u00bfc\u00f3mo hacer que la pareja dure en el dificil mundo de hoy?<\/p>\n","protected":false},"excerpt":{"rendered":"<p>\u00bfPor qu\u00e9 las mujeres suelen hablar los problemas y por qu\u00e9 los hombres callan? \u00bfPor qu\u00e9 ellos olvidan y ellas recuerdan? \u00bfC\u00f3mo consigue la mujer que su marido le preste atenci\u00f3n? \u00bfY c\u00f3mo mantiene \u00e9l su espacio sin que ella se ofenda? Con su gran bestselle<\/p>\n","protected":false},"featured_media":1109,"template":"","meta":[],"product_brand":[304],"product_cat":[32],"product_tag":[],"class_list":{"0":"post-1108","1":"product","2":"type-product","3":"status-publish","4":"has-post-thumbnail","6":"product_brand-john-gray","7":"product_cat-autoayuda","9":"first","10":"instock","11":"purchasable","12":"product-type-simple"},"featured_image_urls_v2":{"full":["https:\/\/ajupe.com.uy\/web\/wp-content\/uploads\/2016\/04\/p-1108-6090.jpg",361,573,false],"thumbnail":["https:\/\/ajupe.com.uy\/web\/wp-content\/uploads\/2016\/04\/p-1108-6090.jpg",150,150,true],"medium":["https:\/\/ajupe.com.uy\/web\/wp-content\/uploads\/2016\/04\/p-1108-6090.jpg",300,214,true],"medium_large":["https:\/\/ajupe.com.uy\/web\/wp-content\/uploads\/2016\/04\/p-1108-6090.jpg",361,573,false],"large":["https:\/\/ajupe.com.uy\/web\/wp-content\/uploads\/2016\/04\/p-1108-6090.jpg",361,573,false],"1536x1536":["https:\/\/ajupe.com.uy\/web\/wp-content\/uploads\/2016\/04\/p-1108-6090.jpg",361,573,false],"2048x2048":["https:\/\/ajupe.com.uy\/web\/wp-content\/uploads\/2016\/04\/p-1108-6090.jpg",361,573,false],"woocommerce_archive_thumbnail":["https:\/\/ajupe.com.uy\/web\/wp-content\/uploads\/2016\/04\/p-1108-6090-300x450.jpg",300,450,true],"woocommerce_thumbnail":["https:\/\/ajupe.com.uy\/web\/wp-content\/uploads\/2016\/04\/p-1108-6090-300x300.jpg",300,300,true],"woocommerce_single":["https:\/\/ajupe.com.uy\/web\/wp-content\/uploads\/2016\/04\/p-1108-6090-300x476.jpg",300,476,true],"woocommerce_gallery_thumbnail":["https:\/\/ajupe.com.uy\/web\/wp-content\/uploads\/2016\/04\/p-1108-6090-100x100.jpg",100,100,true]},"post_excerpt_stackable_v2":"<p>\u00bfPor qu\u00e9 las mujeres suelen hablar los problemas y por qu\u00e9 los hombres callan? \u00bfPor qu\u00e9 ellos olvidan y ellas recuerdan? \u00bfC\u00f3mo consigue la mujer que su marido le preste atenci\u00f3n? \u00bfY c\u00f3mo mantiene \u00e9l su espacio sin que ella se ofenda? Con su gran bestselle<\/p>\n","category_list_v2":"","author_info_v2":{"name":"","url":""},"comments_num_v2":"0 comentarios","_links":{"self":[{"href":"https:\/\/ajupe.com.uy\/web\/wp-json\/wp\/v2\/product\/1108","targetHints":{"allow":["GET"]}}],"collection":[{"href":"https:\/\/ajupe.com.uy\/web\/wp-json\/wp\/v2\/product"}],"about":[{"href":"https:\/\/ajupe.com.uy\/web\/wp-json\/wp\/v2\/types\/product"}],"wp:featuredmedia":[{"embeddable":true,"href":"https:\/\/ajupe.com.uy\/web\/wp-json\/wp\/v2\/media\/1109"}],"wp:attachment":[{"href":"https:\/\/ajupe.com.uy\/web\/wp-json\/wp\/v2\/media?parent=1108"}],"wp:term":[{"taxonomy":"product_brand","embeddable":true,"href":"https:\/\/ajupe.com.uy\/web\/wp-json\/wp\/v2\/product_brand?post=1108"},{"taxonomy":"product_cat","embeddable":true,"href":"https:\/\/ajupe.com.uy\/web\/wp-json\/wp\/v2\/product_cat?post=1108"},{"taxonomy":"product_tag","embeddable":true,"href":"https:\/\/ajupe.com.uy\/web\/wp-json\/wp\/v2\/product_tag?post=1108"}],"curies":[{"name":"wp","href":"https:\/\/api.w.org\/{rel}","templated":true}]}}