{"id":1110,"date":"2010-07-14T00:00:00","date_gmt":"2010-07-14T03:00:00","guid":{"rendered":"http:\/\/ajupe.com.uy\/web\/?post_type=product&#038;p=1110"},"modified":"2010-07-14T00:00:00","modified_gmt":"2010-07-14T03:00:00","slug":"amanecer","status":"publish","type":"product","link":"https:\/\/ajupe.com.uy\/web\/biblioteca\/amanecer\/","title":{"rendered":"Amanecer"},"content":{"rendered":"<p>Margaret y Arthur Crawfield escuchan estupefactos las palabras del m\u00e9dico: los an\u00e1lisis de sangre revelan que Peter, el hijo que tanto aman y que agoniza, no es suyo. Dieciocho a\u00f1os antes, alguien debi\u00f3 intercambiar dos reci\u00e9n nacidos en el hospital. Ahora Margaret y Arthur deben asumir tambi\u00e9n que, en alguna parte, su hijo biol\u00f3gico a\u00fan vive. El encuentro con \u00e9l cambiar\u00e1 la vida de los Crawfield para siempre.<\/p>\n","protected":false},"excerpt":{"rendered":"<p>Margaret y Arthur Crawfield escuchan estupefactos las palabras del m\u00e9dico: los an\u00e1lisis de sangre revelan que Peter, el hijo que tanto aman y que agoniza, no es suyo. Dieciocho a\u00f1os antes, alguien debi\u00f3 intercambiar dos reci\u00e9n nacidos en el hospital. Ahor<\/p>\n","protected":false},"featured_media":1111,"template":"","meta":[],"product_brand":[181],"product_cat":[29],"product_tag":[],"class_list":{"0":"post-1110","1":"product","2":"type-product","3":"status-publish","4":"has-post-thumbnail","6":"product_brand-belva-plain","7":"product_cat-novela","9":"first","10":"instock","11":"purchasable","12":"product-type-simple"},"featured_image_urls_v2":{"full":["https:\/\/ajupe.com.uy\/web\/wp-content\/uploads\/2016\/04\/p-1110-6091.jpg",361,544,false],"thumbnail":["https:\/\/ajupe.com.uy\/web\/wp-content\/uploads\/2016\/04\/p-1110-6091.jpg",150,150,true],"medium":["https:\/\/ajupe.com.uy\/web\/wp-content\/uploads\/2016\/04\/p-1110-6091.jpg",300,214,true],"medium_large":["https:\/\/ajupe.com.uy\/web\/wp-content\/uploads\/2016\/04\/p-1110-6091.jpg",361,544,false],"large":["https:\/\/ajupe.com.uy\/web\/wp-content\/uploads\/2016\/04\/p-1110-6091.jpg",361,544,false],"1536x1536":["https:\/\/ajupe.com.uy\/web\/wp-content\/uploads\/2016\/04\/p-1110-6091.jpg",361,544,false],"2048x2048":["https:\/\/ajupe.com.uy\/web\/wp-content\/uploads\/2016\/04\/p-1110-6091.jpg",361,544,false],"woocommerce_archive_thumbnail":["https:\/\/ajupe.com.uy\/web\/wp-content\/uploads\/2016\/04\/p-1110-6091-300x450.jpg",300,450,true],"woocommerce_thumbnail":["https:\/\/ajupe.com.uy\/web\/wp-content\/uploads\/2016\/04\/p-1110-6091-300x300.jpg",300,300,true],"woocommerce_single":["https:\/\/ajupe.com.uy\/web\/wp-content\/uploads\/2016\/04\/p-1110-6091-300x452.jpg",300,452,true],"woocommerce_gallery_thumbnail":["https:\/\/ajupe.com.uy\/web\/wp-content\/uploads\/2016\/04\/p-1110-6091-100x100.jpg",100,100,true]},"post_excerpt_stackable_v2":"<p>Margaret y Arthur Crawfield escuchan estupefactos las palabras del m\u00e9dico: los an\u00e1lisis de sangre revelan que Peter, el hijo que tanto aman y que agoniza, no es suyo. Dieciocho a\u00f1os antes, alguien debi\u00f3 intercambiar dos reci\u00e9n nacidos en el hospital. Ahor<\/p>\n","category_list_v2":"","author_info_v2":{"name":"","url":""},"comments_num_v2":"0 comentarios","_links":{"self":[{"href":"https:\/\/ajupe.com.uy\/web\/wp-json\/wp\/v2\/product\/1110","targetHints":{"allow":["GET"]}}],"collection":[{"href":"https:\/\/ajupe.com.uy\/web\/wp-json\/wp\/v2\/product"}],"about":[{"href":"https:\/\/ajupe.com.uy\/web\/wp-json\/wp\/v2\/types\/product"}],"wp:featuredmedia":[{"embeddable":true,"href":"https:\/\/ajupe.com.uy\/web\/wp-json\/wp\/v2\/media\/1111"}],"wp:attachment":[{"href":"https:\/\/ajupe.com.uy\/web\/wp-json\/wp\/v2\/media?parent=1110"}],"wp:term":[{"taxonomy":"product_brand","embeddable":true,"href":"https:\/\/ajupe.com.uy\/web\/wp-json\/wp\/v2\/product_brand?post=1110"},{"taxonomy":"product_cat","embeddable":true,"href":"https:\/\/ajupe.com.uy\/web\/wp-json\/wp\/v2\/product_cat?post=1110"},{"taxonomy":"product_tag","embeddable":true,"href":"https:\/\/ajupe.com.uy\/web\/wp-json\/wp\/v2\/product_tag?post=1110"}],"curies":[{"name":"wp","href":"https:\/\/api.w.org\/{rel}","templated":true}]}}