{"id":1122,"date":"2010-07-14T00:00:00","date_gmt":"2010-07-14T03:00:00","guid":{"rendered":"http:\/\/ajupe.com.uy\/web\/?post_type=product&#038;p=1122"},"modified":"2010-07-14T00:00:00","modified_gmt":"2010-07-14T03:00:00","slug":"el-septimo-samurai","status":"publish","type":"product","link":"https:\/\/ajupe.com.uy\/web\/biblioteca\/el-septimo-samurai\/","title":{"rendered":"El s\u00e9ptimo samur\u00e1i"},"content":{"rendered":"<p>Ludo, de seis a\u00f1os, es un ni\u00f1o prodigio. Su madre, Sbylla, lo educa sola e intenta satisfacer su voraz intelecto. Vali\u00e9ndose de la orientaci\u00f3n de su madre, Ludo aprende solo griego para poder leer La Odisea y franc\u00e9s para leer Tint\u00edn, y adem\u00e1s profundiza el estudio de otras lenguas. Tanto Sibylla como su hijo comparten su pasi\u00f3n por la pel\u00edcula de Kurosawa El s\u00e9ptimo samur\u00e1i, que ven repetidas veces, absorbiendo sus lecciones sobre la virtud samur\u00e1i. Pronto Ludo emprende la b\u00fasqueda de su padre, y se acerca a siete hombres para probar su valor. Cada uno de ellos \u2013prominente, poderoso o con sus propios errores- tiene que enfrentar el desaf\u00edo.<\/p>\n","protected":false},"excerpt":{"rendered":"<p>Ludo, de seis a\u00f1os, es un ni\u00f1o prodigio. Su madre, Sbylla, lo educa sola e intenta satisfacer su voraz intelecto. Vali\u00e9ndose de la orientaci\u00f3n de su madre, Ludo aprende solo griego para poder leer La Odisea y franc\u00e9s para leer Tint\u00edn, y adem\u00e1s profundiza <\/p>\n","protected":false},"featured_media":1123,"template":"","meta":[],"product_brand":[307],"product_cat":[29],"product_tag":[],"class_list":{"0":"post-1122","1":"product","2":"type-product","3":"status-publish","4":"has-post-thumbnail","6":"product_brand-helen-dewitt","7":"product_cat-novela","9":"first","10":"instock","11":"purchasable","12":"product-type-simple"},"featured_image_urls_v2":{"full":["https:\/\/ajupe.com.uy\/web\/wp-content\/uploads\/2016\/04\/p-1122-6097.jpg",361,555,false],"thumbnail":["https:\/\/ajupe.com.uy\/web\/wp-content\/uploads\/2016\/04\/p-1122-6097.jpg",150,150,true],"medium":["https:\/\/ajupe.com.uy\/web\/wp-content\/uploads\/2016\/04\/p-1122-6097.jpg",300,214,true],"medium_large":["https:\/\/ajupe.com.uy\/web\/wp-content\/uploads\/2016\/04\/p-1122-6097.jpg",361,555,false],"large":["https:\/\/ajupe.com.uy\/web\/wp-content\/uploads\/2016\/04\/p-1122-6097.jpg",361,555,false],"1536x1536":["https:\/\/ajupe.com.uy\/web\/wp-content\/uploads\/2016\/04\/p-1122-6097.jpg",361,555,false],"2048x2048":["https:\/\/ajupe.com.uy\/web\/wp-content\/uploads\/2016\/04\/p-1122-6097.jpg",361,555,false],"woocommerce_archive_thumbnail":["https:\/\/ajupe.com.uy\/web\/wp-content\/uploads\/2016\/04\/p-1122-6097-300x450.jpg",300,450,true],"woocommerce_thumbnail":["https:\/\/ajupe.com.uy\/web\/wp-content\/uploads\/2016\/04\/p-1122-6097-300x300.jpg",300,300,true],"woocommerce_single":["https:\/\/ajupe.com.uy\/web\/wp-content\/uploads\/2016\/04\/p-1122-6097-300x461.jpg",300,461,true],"woocommerce_gallery_thumbnail":["https:\/\/ajupe.com.uy\/web\/wp-content\/uploads\/2016\/04\/p-1122-6097-100x100.jpg",100,100,true]},"post_excerpt_stackable_v2":"<p>Ludo, de seis a\u00f1os, es un ni\u00f1o prodigio. Su madre, Sbylla, lo educa sola e intenta satisfacer su voraz intelecto. Vali\u00e9ndose de la orientaci\u00f3n de su madre, Ludo aprende solo griego para poder leer La Odisea y franc\u00e9s para leer Tint\u00edn, y adem\u00e1s profundiza <\/p>\n","category_list_v2":"","author_info_v2":{"name":"","url":""},"comments_num_v2":"0 comentarios","_links":{"self":[{"href":"https:\/\/ajupe.com.uy\/web\/wp-json\/wp\/v2\/product\/1122","targetHints":{"allow":["GET"]}}],"collection":[{"href":"https:\/\/ajupe.com.uy\/web\/wp-json\/wp\/v2\/product"}],"about":[{"href":"https:\/\/ajupe.com.uy\/web\/wp-json\/wp\/v2\/types\/product"}],"wp:featuredmedia":[{"embeddable":true,"href":"https:\/\/ajupe.com.uy\/web\/wp-json\/wp\/v2\/media\/1123"}],"wp:attachment":[{"href":"https:\/\/ajupe.com.uy\/web\/wp-json\/wp\/v2\/media?parent=1122"}],"wp:term":[{"taxonomy":"product_brand","embeddable":true,"href":"https:\/\/ajupe.com.uy\/web\/wp-json\/wp\/v2\/product_brand?post=1122"},{"taxonomy":"product_cat","embeddable":true,"href":"https:\/\/ajupe.com.uy\/web\/wp-json\/wp\/v2\/product_cat?post=1122"},{"taxonomy":"product_tag","embeddable":true,"href":"https:\/\/ajupe.com.uy\/web\/wp-json\/wp\/v2\/product_tag?post=1122"}],"curies":[{"name":"wp","href":"https:\/\/api.w.org\/{rel}","templated":true}]}}