{"id":1134,"date":"2010-07-14T00:00:00","date_gmt":"2010-07-14T03:00:00","guid":{"rendered":"http:\/\/ajupe.com.uy\/web\/?post_type=product&#038;p=1134"},"modified":"2010-07-14T00:00:00","modified_gmt":"2010-07-14T03:00:00","slug":"el-abogado-del-diablo","status":"publish","type":"product","link":"https:\/\/ajupe.com.uy\/web\/biblioteca\/el-abogado-del-diablo\/","title":{"rendered":"El abogado del diablo"},"content":{"rendered":"<p>En el paisaje desolado y rocoso de Calabria, en el sur de Italia, ha crecido la fama de Giacomo Nerone, una misteriosa figura de los \u00faltimos a\u00f1os de la segunda guerra mundial, al que se venera como a un santo. Monse\u00f1or Blaise Meredith, quien sufre una enfermedad terminal, es enviado por el Vaticano como inquisidor can\u00f3nico \u2013conocido como Abogado del Diablo- para investigar la presunta santidad del extra\u00f1o personaje. En Calabria encontrar\u00e1 a tres personas que tienen la clave del caso: un m\u00e9dico jud\u00edo, idealista que ha perdido sus ilusiones; una singular mujer a la que Nerone am\u00f3 y una ambiciosa condesa brit\u00e1nica.<\/p>\n","protected":false},"excerpt":{"rendered":"<p>En el paisaje desolado y rocoso de Calabria, en el sur de Italia, ha crecido la fama de Giacomo Nerone, una misteriosa figura de los \u00faltimos a\u00f1os de la segunda guerra mundial, al que se venera como a un santo. Monse\u00f1or Blaise Meredith, quien sufre una enf<\/p>\n","protected":false},"featured_media":1135,"template":"","meta":[],"product_brand":[64],"product_cat":[30],"product_tag":[],"class_list":{"0":"post-1134","1":"product","2":"type-product","3":"status-publish","4":"has-post-thumbnail","6":"product_brand-morris-west","7":"product_cat-suspenso","9":"first","10":"instock","11":"purchasable","12":"product-type-simple"},"featured_image_urls_v2":{"full":["https:\/\/ajupe.com.uy\/web\/wp-content\/uploads\/2016\/04\/p-1134-6121.jpg",362,533,false],"thumbnail":["https:\/\/ajupe.com.uy\/web\/wp-content\/uploads\/2016\/04\/p-1134-6121.jpg",150,150,true],"medium":["https:\/\/ajupe.com.uy\/web\/wp-content\/uploads\/2016\/04\/p-1134-6121.jpg",300,214,true],"medium_large":["https:\/\/ajupe.com.uy\/web\/wp-content\/uploads\/2016\/04\/p-1134-6121.jpg",362,533,false],"large":["https:\/\/ajupe.com.uy\/web\/wp-content\/uploads\/2016\/04\/p-1134-6121.jpg",362,533,false],"1536x1536":["https:\/\/ajupe.com.uy\/web\/wp-content\/uploads\/2016\/04\/p-1134-6121.jpg",362,533,false],"2048x2048":["https:\/\/ajupe.com.uy\/web\/wp-content\/uploads\/2016\/04\/p-1134-6121.jpg",362,533,false],"woocommerce_archive_thumbnail":["https:\/\/ajupe.com.uy\/web\/wp-content\/uploads\/2016\/04\/p-1134-6121-300x450.jpg",300,450,true],"woocommerce_thumbnail":["https:\/\/ajupe.com.uy\/web\/wp-content\/uploads\/2016\/04\/p-1134-6121-300x300.jpg",300,300,true],"woocommerce_single":["https:\/\/ajupe.com.uy\/web\/wp-content\/uploads\/2016\/04\/p-1134-6121-300x442.jpg",300,442,true],"woocommerce_gallery_thumbnail":["https:\/\/ajupe.com.uy\/web\/wp-content\/uploads\/2016\/04\/p-1134-6121-100x100.jpg",100,100,true]},"post_excerpt_stackable_v2":"<p>En el paisaje desolado y rocoso de Calabria, en el sur de Italia, ha crecido la fama de Giacomo Nerone, una misteriosa figura de los \u00faltimos a\u00f1os de la segunda guerra mundial, al que se venera como a un santo. Monse\u00f1or Blaise Meredith, quien sufre una enf<\/p>\n","category_list_v2":"","author_info_v2":{"name":"","url":""},"comments_num_v2":"0 comentarios","_links":{"self":[{"href":"https:\/\/ajupe.com.uy\/web\/wp-json\/wp\/v2\/product\/1134","targetHints":{"allow":["GET"]}}],"collection":[{"href":"https:\/\/ajupe.com.uy\/web\/wp-json\/wp\/v2\/product"}],"about":[{"href":"https:\/\/ajupe.com.uy\/web\/wp-json\/wp\/v2\/types\/product"}],"wp:featuredmedia":[{"embeddable":true,"href":"https:\/\/ajupe.com.uy\/web\/wp-json\/wp\/v2\/media\/1135"}],"wp:attachment":[{"href":"https:\/\/ajupe.com.uy\/web\/wp-json\/wp\/v2\/media?parent=1134"}],"wp:term":[{"taxonomy":"product_brand","embeddable":true,"href":"https:\/\/ajupe.com.uy\/web\/wp-json\/wp\/v2\/product_brand?post=1134"},{"taxonomy":"product_cat","embeddable":true,"href":"https:\/\/ajupe.com.uy\/web\/wp-json\/wp\/v2\/product_cat?post=1134"},{"taxonomy":"product_tag","embeddable":true,"href":"https:\/\/ajupe.com.uy\/web\/wp-json\/wp\/v2\/product_tag?post=1134"}],"curies":[{"name":"wp","href":"https:\/\/api.w.org\/{rel}","templated":true}]}}