{"id":1136,"date":"2010-07-14T00:00:00","date_gmt":"2010-07-14T03:00:00","guid":{"rendered":"http:\/\/ajupe.com.uy\/web\/?post_type=product&#038;p=1136"},"modified":"2011-09-22T18:56:21","modified_gmt":"2011-09-22T21:56:21","slug":"incendios-en-highgate-rise","status":"publish","type":"product","link":"https:\/\/ajupe.com.uy\/web\/biblioteca\/incendios-en-highgate-rise\/","title":{"rendered":"Incendios En Highgate Rise"},"content":{"rendered":"<p>En el Londres victoriano, aquel rutilante mundo de elegancia para unos pocos, hipocres\u00eda de esos mismos pocos y formal cortes\u00eda hasta para ir al retrete, se comet\u00edan cr\u00edmenes como en cualquier gran ciudad. Y tambi\u00e9n \u00e9stos segu\u00edan su particular protocolo social. Por eso los casos asignados al inspector Pitt resultan tan complicados para \u00e9l, en particular el de esta novela, y sin embargo tan apasionante y reveladores de las bajezas humanas para el lector.<\/p>\n","protected":false},"excerpt":{"rendered":"<p>En el Londres victoriano, aquel rutilante mundo de elegancia para unos pocos, hipocres\u00eda de esos mismos pocos y formal cortes\u00eda hasta para ir al retrete, se comet\u00edan cr\u00edmenes como en cualquier gran ciudad. Y tambi\u00e9n \u00e9stos segu\u00edan su particular protocolo s<\/p>\n","protected":false},"featured_media":1137,"template":"","meta":[],"product_brand":[313],"product_cat":[30],"product_tag":[],"class_list":{"0":"post-1136","1":"product","2":"type-product","3":"status-publish","4":"has-post-thumbnail","6":"product_brand-anne-perry","7":"product_cat-suspenso","9":"first","10":"instock","11":"purchasable","12":"product-type-simple"},"featured_image_urls_v2":{"full":["https:\/\/ajupe.com.uy\/web\/wp-content\/uploads\/2016\/04\/p-1136-6124.jpg",360,591,false],"thumbnail":["https:\/\/ajupe.com.uy\/web\/wp-content\/uploads\/2016\/04\/p-1136-6124.jpg",150,150,true],"medium":["https:\/\/ajupe.com.uy\/web\/wp-content\/uploads\/2016\/04\/p-1136-6124.jpg",300,214,true],"medium_large":["https:\/\/ajupe.com.uy\/web\/wp-content\/uploads\/2016\/04\/p-1136-6124.jpg",360,591,false],"large":["https:\/\/ajupe.com.uy\/web\/wp-content\/uploads\/2016\/04\/p-1136-6124.jpg",360,591,false],"1536x1536":["https:\/\/ajupe.com.uy\/web\/wp-content\/uploads\/2016\/04\/p-1136-6124.jpg",360,591,false],"2048x2048":["https:\/\/ajupe.com.uy\/web\/wp-content\/uploads\/2016\/04\/p-1136-6124.jpg",360,591,false],"woocommerce_archive_thumbnail":["https:\/\/ajupe.com.uy\/web\/wp-content\/uploads\/2016\/04\/p-1136-6124-300x450.jpg",300,450,true],"woocommerce_thumbnail":["https:\/\/ajupe.com.uy\/web\/wp-content\/uploads\/2016\/04\/p-1136-6124-300x300.jpg",300,300,true],"woocommerce_single":["https:\/\/ajupe.com.uy\/web\/wp-content\/uploads\/2016\/04\/p-1136-6124-300x493.jpg",300,493,true],"woocommerce_gallery_thumbnail":["https:\/\/ajupe.com.uy\/web\/wp-content\/uploads\/2016\/04\/p-1136-6124-100x100.jpg",100,100,true]},"post_excerpt_stackable_v2":"<p>En el Londres victoriano, aquel rutilante mundo de elegancia para unos pocos, hipocres\u00eda de esos mismos pocos y formal cortes\u00eda hasta para ir al retrete, se comet\u00edan cr\u00edmenes como en cualquier gran ciudad. Y tambi\u00e9n \u00e9stos segu\u00edan su particular protocolo s<\/p>\n","category_list_v2":"","author_info_v2":{"name":"","url":""},"comments_num_v2":"0 comentarios","_links":{"self":[{"href":"https:\/\/ajupe.com.uy\/web\/wp-json\/wp\/v2\/product\/1136","targetHints":{"allow":["GET"]}}],"collection":[{"href":"https:\/\/ajupe.com.uy\/web\/wp-json\/wp\/v2\/product"}],"about":[{"href":"https:\/\/ajupe.com.uy\/web\/wp-json\/wp\/v2\/types\/product"}],"wp:featuredmedia":[{"embeddable":true,"href":"https:\/\/ajupe.com.uy\/web\/wp-json\/wp\/v2\/media\/1137"}],"wp:attachment":[{"href":"https:\/\/ajupe.com.uy\/web\/wp-json\/wp\/v2\/media?parent=1136"}],"wp:term":[{"taxonomy":"product_brand","embeddable":true,"href":"https:\/\/ajupe.com.uy\/web\/wp-json\/wp\/v2\/product_brand?post=1136"},{"taxonomy":"product_cat","embeddable":true,"href":"https:\/\/ajupe.com.uy\/web\/wp-json\/wp\/v2\/product_cat?post=1136"},{"taxonomy":"product_tag","embeddable":true,"href":"https:\/\/ajupe.com.uy\/web\/wp-json\/wp\/v2\/product_tag?post=1136"}],"curies":[{"name":"wp","href":"https:\/\/api.w.org\/{rel}","templated":true}]}}