{"id":1138,"date":"2010-07-14T00:00:00","date_gmt":"2010-07-14T03:00:00","guid":{"rendered":"http:\/\/ajupe.com.uy\/web\/?post_type=product&#038;p=1138"},"modified":"2010-07-14T00:00:00","modified_gmt":"2010-07-14T03:00:00","slug":"tratamiento-letal","status":"publish","type":"product","link":"https:\/\/ajupe.com.uy\/web\/biblioteca\/tratamiento-letal\/","title":{"rendered":"Tratamiento letal"},"content":{"rendered":"<p>Robin Cook, maestro del thriller de tem\u00e1tica m\u00e9dica, ofrece una nueva y sobrecogedora historia de intriga. Tratamiento letal es una espeluznante incursi\u00f3n por las escabrosas relaciones entre asistencia sanitaria e intereses financieros, entre \u00e9tica profesional y ambici\u00f3n inescrupulosa&#8230; Los doctores David y Angela Wilson creen haber alcanzado el sue\u00f1o de su vida: trabajan en un moderno complejo hospitalario y viven en una apacible comunidad de Vermont, muy lejos de la vida estresante de las grandes metr\u00f3polis. Sin embargo, ese ambiente en apariencia id\u00edlico oculta una terrible pesadilla que repentinamente se cierne sobre los Wilson&#8230;<\/p>\n","protected":false},"excerpt":{"rendered":"<p>Robin Cook, maestro del thriller de tem\u00e1tica m\u00e9dica, ofrece una nueva y sobrecogedora historia de intriga. Tratamiento letal es una espeluznante incursi\u00f3n por las escabrosas relaciones entre asistencia sanitaria e intereses financieros, entre \u00e9tica profes<\/p>\n","protected":false},"featured_media":1139,"template":"","meta":[],"product_brand":[133],"product_cat":[30],"product_tag":[],"class_list":{"0":"post-1138","1":"product","2":"type-product","3":"status-publish","4":"has-post-thumbnail","6":"product_brand-robin-cook","7":"product_cat-suspenso","9":"first","10":"instock","11":"purchasable","12":"product-type-simple"},"featured_image_urls_v2":{"full":["https:\/\/ajupe.com.uy\/web\/wp-content\/uploads\/2016\/04\/p-1138-6125.jpg",361,503,false],"thumbnail":["https:\/\/ajupe.com.uy\/web\/wp-content\/uploads\/2016\/04\/p-1138-6125.jpg",150,150,true],"medium":["https:\/\/ajupe.com.uy\/web\/wp-content\/uploads\/2016\/04\/p-1138-6125.jpg",300,214,true],"medium_large":["https:\/\/ajupe.com.uy\/web\/wp-content\/uploads\/2016\/04\/p-1138-6125.jpg",361,503,false],"large":["https:\/\/ajupe.com.uy\/web\/wp-content\/uploads\/2016\/04\/p-1138-6125.jpg",361,503,false],"1536x1536":["https:\/\/ajupe.com.uy\/web\/wp-content\/uploads\/2016\/04\/p-1138-6125.jpg",361,503,false],"2048x2048":["https:\/\/ajupe.com.uy\/web\/wp-content\/uploads\/2016\/04\/p-1138-6125.jpg",361,503,false],"woocommerce_archive_thumbnail":["https:\/\/ajupe.com.uy\/web\/wp-content\/uploads\/2016\/04\/p-1138-6125-300x450.jpg",300,450,true],"woocommerce_thumbnail":["https:\/\/ajupe.com.uy\/web\/wp-content\/uploads\/2016\/04\/p-1138-6125-300x300.jpg",300,300,true],"woocommerce_single":["https:\/\/ajupe.com.uy\/web\/wp-content\/uploads\/2016\/04\/p-1138-6125-300x418.jpg",300,418,true],"woocommerce_gallery_thumbnail":["https:\/\/ajupe.com.uy\/web\/wp-content\/uploads\/2016\/04\/p-1138-6125-100x100.jpg",100,100,true]},"post_excerpt_stackable_v2":"<p>Robin Cook, maestro del thriller de tem\u00e1tica m\u00e9dica, ofrece una nueva y sobrecogedora historia de intriga. Tratamiento letal es una espeluznante incursi\u00f3n por las escabrosas relaciones entre asistencia sanitaria e intereses financieros, entre \u00e9tica profes<\/p>\n","category_list_v2":"","author_info_v2":{"name":"","url":""},"comments_num_v2":"0 comentarios","_links":{"self":[{"href":"https:\/\/ajupe.com.uy\/web\/wp-json\/wp\/v2\/product\/1138","targetHints":{"allow":["GET"]}}],"collection":[{"href":"https:\/\/ajupe.com.uy\/web\/wp-json\/wp\/v2\/product"}],"about":[{"href":"https:\/\/ajupe.com.uy\/web\/wp-json\/wp\/v2\/types\/product"}],"wp:featuredmedia":[{"embeddable":true,"href":"https:\/\/ajupe.com.uy\/web\/wp-json\/wp\/v2\/media\/1139"}],"wp:attachment":[{"href":"https:\/\/ajupe.com.uy\/web\/wp-json\/wp\/v2\/media?parent=1138"}],"wp:term":[{"taxonomy":"product_brand","embeddable":true,"href":"https:\/\/ajupe.com.uy\/web\/wp-json\/wp\/v2\/product_brand?post=1138"},{"taxonomy":"product_cat","embeddable":true,"href":"https:\/\/ajupe.com.uy\/web\/wp-json\/wp\/v2\/product_cat?post=1138"},{"taxonomy":"product_tag","embeddable":true,"href":"https:\/\/ajupe.com.uy\/web\/wp-json\/wp\/v2\/product_tag?post=1138"}],"curies":[{"name":"wp","href":"https:\/\/api.w.org\/{rel}","templated":true}]}}