{"id":1144,"date":"2010-07-14T00:00:00","date_gmt":"2010-07-14T03:00:00","guid":{"rendered":"http:\/\/ajupe.com.uy\/web\/?post_type=product&#038;p=1144"},"modified":"2010-07-14T00:00:00","modified_gmt":"2010-07-14T03:00:00","slug":"jardin-sombrio","status":"publish","type":"product","link":"https:\/\/ajupe.com.uy\/web\/biblioteca\/jardin-sombrio\/","title":{"rendered":"Jard\u00edn Sombr\u00edo"},"content":{"rendered":"<p>Olivia so\u00f1aba con un amor resplandeciente de sol, con una vida feliz. Despu\u00e9s entr\u00f3 en la mansi\u00f3n de los Foxworth&#8230; La nueva fascinante novela de V.C. Andrews teje una historia de horribles secretos y pasiones oscuras y prohibidas, de un tiempo anterior a Flores en el \u00e1tico. Mucho antes de que el terror floreciera en las apartadas habitaciones superiores, la solterona y flaca Olivia lleg\u00f3 a Virginia como la novia de Malcolm Foxworth. Finalmente, con su atractivo y apuesto esposo encontrar\u00eda la felicidad que tanto hab\u00eda anhelado y esperado. Pero en la siniestra mansi\u00f3n, llena de estancias disimuladas y deseos enconados, comienza a extenderse una mancha de celosa obsesi\u00f3n&#8230;<\/p>\n","protected":false},"excerpt":{"rendered":"<p>Olivia so\u00f1aba con un amor resplandeciente de sol, con una vida feliz. Despu\u00e9s entr\u00f3 en la mansi\u00f3n de los Foxworth&#8230; La nueva fascinante novela de V.C. Andrews teje una historia de horribles secretos y pasiones oscuras y prohibidas, de un tiempo anterior <\/p>\n","protected":false},"featured_media":1145,"template":"","meta":[],"product_brand":[147],"product_cat":[29],"product_tag":[],"class_list":{"0":"post-1144","1":"product","2":"type-product","3":"status-publish","4":"has-post-thumbnail","6":"product_brand-v-c-andrews","7":"product_cat-novela","9":"first","10":"instock","11":"purchasable","12":"product-type-simple"},"featured_image_urls_v2":{"full":["https:\/\/ajupe.com.uy\/web\/wp-content\/uploads\/2016\/04\/p-1144-6128.jpg",362,544,false],"thumbnail":["https:\/\/ajupe.com.uy\/web\/wp-content\/uploads\/2016\/04\/p-1144-6128.jpg",150,150,true],"medium":["https:\/\/ajupe.com.uy\/web\/wp-content\/uploads\/2016\/04\/p-1144-6128.jpg",300,214,true],"medium_large":["https:\/\/ajupe.com.uy\/web\/wp-content\/uploads\/2016\/04\/p-1144-6128.jpg",362,544,false],"large":["https:\/\/ajupe.com.uy\/web\/wp-content\/uploads\/2016\/04\/p-1144-6128.jpg",362,544,false],"1536x1536":["https:\/\/ajupe.com.uy\/web\/wp-content\/uploads\/2016\/04\/p-1144-6128.jpg",362,544,false],"2048x2048":["https:\/\/ajupe.com.uy\/web\/wp-content\/uploads\/2016\/04\/p-1144-6128.jpg",362,544,false],"woocommerce_archive_thumbnail":["https:\/\/ajupe.com.uy\/web\/wp-content\/uploads\/2016\/04\/p-1144-6128-300x450.jpg",300,450,true],"woocommerce_thumbnail":["https:\/\/ajupe.com.uy\/web\/wp-content\/uploads\/2016\/04\/p-1144-6128-300x300.jpg",300,300,true],"woocommerce_single":["https:\/\/ajupe.com.uy\/web\/wp-content\/uploads\/2016\/04\/p-1144-6128-300x450.jpg",300,450,true],"woocommerce_gallery_thumbnail":["https:\/\/ajupe.com.uy\/web\/wp-content\/uploads\/2016\/04\/p-1144-6128-100x100.jpg",100,100,true]},"post_excerpt_stackable_v2":"<p>Olivia so\u00f1aba con un amor resplandeciente de sol, con una vida feliz. Despu\u00e9s entr\u00f3 en la mansi\u00f3n de los Foxworth&#8230; La nueva fascinante novela de V.C. Andrews teje una historia de horribles secretos y pasiones oscuras y prohibidas, de un tiempo anterior <\/p>\n","category_list_v2":"","author_info_v2":{"name":"","url":""},"comments_num_v2":"0 comentarios","_links":{"self":[{"href":"https:\/\/ajupe.com.uy\/web\/wp-json\/wp\/v2\/product\/1144","targetHints":{"allow":["GET"]}}],"collection":[{"href":"https:\/\/ajupe.com.uy\/web\/wp-json\/wp\/v2\/product"}],"about":[{"href":"https:\/\/ajupe.com.uy\/web\/wp-json\/wp\/v2\/types\/product"}],"wp:featuredmedia":[{"embeddable":true,"href":"https:\/\/ajupe.com.uy\/web\/wp-json\/wp\/v2\/media\/1145"}],"wp:attachment":[{"href":"https:\/\/ajupe.com.uy\/web\/wp-json\/wp\/v2\/media?parent=1144"}],"wp:term":[{"taxonomy":"product_brand","embeddable":true,"href":"https:\/\/ajupe.com.uy\/web\/wp-json\/wp\/v2\/product_brand?post=1144"},{"taxonomy":"product_cat","embeddable":true,"href":"https:\/\/ajupe.com.uy\/web\/wp-json\/wp\/v2\/product_cat?post=1144"},{"taxonomy":"product_tag","embeddable":true,"href":"https:\/\/ajupe.com.uy\/web\/wp-json\/wp\/v2\/product_tag?post=1144"}],"curies":[{"name":"wp","href":"https:\/\/api.w.org\/{rel}","templated":true}]}}