{"id":1146,"date":"2010-07-14T00:00:00","date_gmt":"2010-07-14T03:00:00","guid":{"rendered":"http:\/\/ajupe.com.uy\/web\/?post_type=product&#038;p=1146"},"modified":"2011-09-21T18:18:22","modified_gmt":"2011-09-21T21:18:22","slug":"nana","status":"publish","type":"product","link":"https:\/\/ajupe.com.uy\/web\/biblioteca\/nana\/","title":{"rendered":"Nan\u00e1"},"content":{"rendered":"<p>Nan\u00e1 es, hoy, no solamente una de las m\u00e1s conocidas \u201cmadame\u201d del mundo prostibulario nacional, sino que desde hace ya alg\u00fan tiempo ha roto las tradicionales barreras entre esa actividad seudo-clandestina y el mundo social, a trav\u00e9s de su activa participaci\u00f3n en las campa\u00f1as de prevenci\u00f3n del SIDA. Como ella misma lo se\u00f1ala: \u201ctodo lo que haga, debe estar centrado en colaborar para hacer conciencia de este peligro que nos acecha a diario.\u201d A lo largo de la entrevista, Nan\u00e1 va no s\u00f3lo desgajando temas y hechos de la vida del prost\u00edbulo, sino de la suya propia. Por extensi\u00f3n, brinda elementos para un estudio de las relaciones humanas en este Uruguay de finales del siglo XX.<\/p>\n","protected":false},"excerpt":{"rendered":"<p>Nan\u00e1 es, hoy, no solamente una de las m\u00e1s conocidas \u201cmadame\u201d del mundo prostibulario nacional, sino que desde hace ya alg\u00fan tiempo ha roto las tradicionales barreras entre esa actividad seudo-clandestina y el mundo social, a trav\u00e9s de su activa participac<\/p>\n","protected":false},"featured_media":1147,"template":"","meta":[],"product_brand":[314],"product_cat":[44],"product_tag":[],"class_list":{"0":"post-1146","1":"product","2":"type-product","3":"status-publish","4":"has-post-thumbnail","6":"product_brand-hector-d-alessandro","7":"product_cat-biografico","9":"first","10":"instock","11":"purchasable","12":"product-type-simple"},"featured_image_urls_v2":{"full":["https:\/\/ajupe.com.uy\/web\/wp-content\/uploads\/2016\/04\/p-1146-6129.jpg",361,498,false],"thumbnail":["https:\/\/ajupe.com.uy\/web\/wp-content\/uploads\/2016\/04\/p-1146-6129.jpg",150,150,true],"medium":["https:\/\/ajupe.com.uy\/web\/wp-content\/uploads\/2016\/04\/p-1146-6129.jpg",300,214,true],"medium_large":["https:\/\/ajupe.com.uy\/web\/wp-content\/uploads\/2016\/04\/p-1146-6129.jpg",361,498,false],"large":["https:\/\/ajupe.com.uy\/web\/wp-content\/uploads\/2016\/04\/p-1146-6129.jpg",361,498,false],"1536x1536":["https:\/\/ajupe.com.uy\/web\/wp-content\/uploads\/2016\/04\/p-1146-6129.jpg",361,498,false],"2048x2048":["https:\/\/ajupe.com.uy\/web\/wp-content\/uploads\/2016\/04\/p-1146-6129.jpg",361,498,false],"woocommerce_archive_thumbnail":["https:\/\/ajupe.com.uy\/web\/wp-content\/uploads\/2016\/04\/p-1146-6129-300x450.jpg",300,450,true],"woocommerce_thumbnail":["https:\/\/ajupe.com.uy\/web\/wp-content\/uploads\/2016\/04\/p-1146-6129-300x300.jpg",300,300,true],"woocommerce_single":["https:\/\/ajupe.com.uy\/web\/wp-content\/uploads\/2016\/04\/p-1146-6129-300x414.jpg",300,414,true],"woocommerce_gallery_thumbnail":["https:\/\/ajupe.com.uy\/web\/wp-content\/uploads\/2016\/04\/p-1146-6129-100x100.jpg",100,100,true]},"post_excerpt_stackable_v2":"<p>Nan\u00e1 es, hoy, no solamente una de las m\u00e1s conocidas \u201cmadame\u201d del mundo prostibulario nacional, sino que desde hace ya alg\u00fan tiempo ha roto las tradicionales barreras entre esa actividad seudo-clandestina y el mundo social, a trav\u00e9s de su activa participac<\/p>\n","category_list_v2":"","author_info_v2":{"name":"","url":""},"comments_num_v2":"0 comentarios","_links":{"self":[{"href":"https:\/\/ajupe.com.uy\/web\/wp-json\/wp\/v2\/product\/1146","targetHints":{"allow":["GET"]}}],"collection":[{"href":"https:\/\/ajupe.com.uy\/web\/wp-json\/wp\/v2\/product"}],"about":[{"href":"https:\/\/ajupe.com.uy\/web\/wp-json\/wp\/v2\/types\/product"}],"wp:featuredmedia":[{"embeddable":true,"href":"https:\/\/ajupe.com.uy\/web\/wp-json\/wp\/v2\/media\/1147"}],"wp:attachment":[{"href":"https:\/\/ajupe.com.uy\/web\/wp-json\/wp\/v2\/media?parent=1146"}],"wp:term":[{"taxonomy":"product_brand","embeddable":true,"href":"https:\/\/ajupe.com.uy\/web\/wp-json\/wp\/v2\/product_brand?post=1146"},{"taxonomy":"product_cat","embeddable":true,"href":"https:\/\/ajupe.com.uy\/web\/wp-json\/wp\/v2\/product_cat?post=1146"},{"taxonomy":"product_tag","embeddable":true,"href":"https:\/\/ajupe.com.uy\/web\/wp-json\/wp\/v2\/product_tag?post=1146"}],"curies":[{"name":"wp","href":"https:\/\/api.w.org\/{rel}","templated":true}]}}