{"id":1148,"date":"2010-07-14T00:00:00","date_gmt":"2010-07-14T03:00:00","guid":{"rendered":"http:\/\/ajupe.com.uy\/web\/?post_type=product&#038;p=1148"},"modified":"2010-07-14T00:00:00","modified_gmt":"2010-07-14T03:00:00","slug":"los-mejores-cuentos-de-suspenso","status":"publish","type":"product","link":"https:\/\/ajupe.com.uy\/web\/biblioteca\/los-mejores-cuentos-de-suspenso\/","title":{"rendered":"Los mejores cuentos de SUSPENSO"},"content":{"rendered":"<p>El relato de suspenso est\u00e1 lleno de alternativas. Desde Edgar Allan Poe hasta la actualidad, ha trascendido sus l\u00edmites y pautas. Luego de haber solicitado a varios colegas la elecci\u00f3n de lo que cada uno consideraba su mejor cuento, Lawrence Block redobl\u00f3 la apuesta y les pidi\u00f3 su elecci\u00f3n personal del mejor relato del g\u00e9nero debido a otro autor. El resultado es un libro que supera las expectativas del lector: junto a narraciones cl\u00e1sicas del siglo XIX y comienzos del XX desfilan historias contempor\u00e1neas de autores normalmente considerados ajenos a la tradici\u00f3n de suspenso.<\/p>\n","protected":false},"excerpt":{"rendered":"<p>El relato de suspenso est\u00e1 lleno de alternativas. Desde Edgar Allan Poe hasta la actualidad, ha trascendido sus l\u00edmites y pautas. Luego de haber solicitado a varios colegas la elecci\u00f3n de lo que cada uno consideraba su mejor cuento, Lawrence Block redobl\u00f3<\/p>\n","protected":false},"featured_media":1149,"template":"","meta":[],"product_brand":[264],"product_cat":[30],"product_tag":[],"class_list":{"0":"post-1148","1":"product","2":"type-product","3":"status-publish","4":"has-post-thumbnail","6":"product_brand-lawrence-block-compilador","7":"product_cat-suspenso","9":"first","10":"instock","11":"purchasable","12":"product-type-simple"},"featured_image_urls_v2":{"full":["https:\/\/ajupe.com.uy\/web\/wp-content\/uploads\/2016\/04\/p-1148-6130.jpg",361,555,false],"thumbnail":["https:\/\/ajupe.com.uy\/web\/wp-content\/uploads\/2016\/04\/p-1148-6130.jpg",150,150,true],"medium":["https:\/\/ajupe.com.uy\/web\/wp-content\/uploads\/2016\/04\/p-1148-6130.jpg",300,214,true],"medium_large":["https:\/\/ajupe.com.uy\/web\/wp-content\/uploads\/2016\/04\/p-1148-6130.jpg",361,555,false],"large":["https:\/\/ajupe.com.uy\/web\/wp-content\/uploads\/2016\/04\/p-1148-6130.jpg",361,555,false],"1536x1536":["https:\/\/ajupe.com.uy\/web\/wp-content\/uploads\/2016\/04\/p-1148-6130.jpg",361,555,false],"2048x2048":["https:\/\/ajupe.com.uy\/web\/wp-content\/uploads\/2016\/04\/p-1148-6130.jpg",361,555,false],"woocommerce_archive_thumbnail":["https:\/\/ajupe.com.uy\/web\/wp-content\/uploads\/2016\/04\/p-1148-6130-300x450.jpg",300,450,true],"woocommerce_thumbnail":["https:\/\/ajupe.com.uy\/web\/wp-content\/uploads\/2016\/04\/p-1148-6130-300x300.jpg",300,300,true],"woocommerce_single":["https:\/\/ajupe.com.uy\/web\/wp-content\/uploads\/2016\/04\/p-1148-6130-300x461.jpg",300,461,true],"woocommerce_gallery_thumbnail":["https:\/\/ajupe.com.uy\/web\/wp-content\/uploads\/2016\/04\/p-1148-6130-100x100.jpg",100,100,true]},"post_excerpt_stackable_v2":"<p>El relato de suspenso est\u00e1 lleno de alternativas. Desde Edgar Allan Poe hasta la actualidad, ha trascendido sus l\u00edmites y pautas. Luego de haber solicitado a varios colegas la elecci\u00f3n de lo que cada uno consideraba su mejor cuento, Lawrence Block redobl\u00f3<\/p>\n","category_list_v2":"","author_info_v2":{"name":"","url":""},"comments_num_v2":"0 comentarios","_links":{"self":[{"href":"https:\/\/ajupe.com.uy\/web\/wp-json\/wp\/v2\/product\/1148","targetHints":{"allow":["GET"]}}],"collection":[{"href":"https:\/\/ajupe.com.uy\/web\/wp-json\/wp\/v2\/product"}],"about":[{"href":"https:\/\/ajupe.com.uy\/web\/wp-json\/wp\/v2\/types\/product"}],"wp:featuredmedia":[{"embeddable":true,"href":"https:\/\/ajupe.com.uy\/web\/wp-json\/wp\/v2\/media\/1149"}],"wp:attachment":[{"href":"https:\/\/ajupe.com.uy\/web\/wp-json\/wp\/v2\/media?parent=1148"}],"wp:term":[{"taxonomy":"product_brand","embeddable":true,"href":"https:\/\/ajupe.com.uy\/web\/wp-json\/wp\/v2\/product_brand?post=1148"},{"taxonomy":"product_cat","embeddable":true,"href":"https:\/\/ajupe.com.uy\/web\/wp-json\/wp\/v2\/product_cat?post=1148"},{"taxonomy":"product_tag","embeddable":true,"href":"https:\/\/ajupe.com.uy\/web\/wp-json\/wp\/v2\/product_tag?post=1148"}],"curies":[{"name":"wp","href":"https:\/\/api.w.org\/{rel}","templated":true}]}}