{"id":1152,"date":"2010-07-14T00:00:00","date_gmt":"2010-07-14T03:00:00","guid":{"rendered":"http:\/\/ajupe.com.uy\/web\/?post_type=product&#038;p=1152"},"modified":"2011-09-21T18:16:50","modified_gmt":"2011-09-21T21:16:50","slug":"el-juicio-final","status":"publish","type":"product","link":"https:\/\/ajupe.com.uy\/web\/biblioteca\/el-juicio-final\/","title":{"rendered":"El Juicio Final"},"content":{"rendered":"<p>El Juicio Final es una novela poderosa y electrizante, que se abre con un asesinato y nos introduce en la jungla del mundo legal y en un laberinto de conflictos familiares y amorosos. Caroline Masters atraviesa el mejor momento en su carrera en el derecho cuando su familia la convoca luego de un largo distanciamiento. Una joven sobrina ha sido acusada del asesinato de su amante y Caroline decide asumir la defensa. Se trata de un caso dif\u00edcil en el que Caroline pondr\u00e1 a prueba su profecionalidad, enfrentando el luvi\u00f3n de sentimientos despertados por el reencuentro con su padre ex juez y con su antiguo novio, ahora fiscal del intrincado caso en cuyo coraz\u00f3n yace una verdad estremecedora.<\/p>\n","protected":false},"excerpt":{"rendered":"<p>El Juicio Final es una novela poderosa y electrizante, que se abre con un asesinato y nos introduce en la jungla del mundo legal y en un laberinto de conflictos familiares y amorosos. Caroline Masters atraviesa el mejor momento en su carrera en el derecho<\/p>\n","protected":false},"featured_media":1153,"template":"","meta":[],"product_brand":[315],"product_cat":[30],"product_tag":[],"class_list":{"0":"post-1152","1":"product","2":"type-product","3":"status-publish","4":"has-post-thumbnail","6":"product_brand-richrd-north-patterson","7":"product_cat-suspenso","9":"first","10":"instock","11":"purchasable","12":"product-type-simple"},"featured_image_urls_v2":{"full":["https:\/\/ajupe.com.uy\/web\/wp-content\/uploads\/2016\/04\/p-1152-6132.jpg",361,549,false],"thumbnail":["https:\/\/ajupe.com.uy\/web\/wp-content\/uploads\/2016\/04\/p-1152-6132.jpg",150,150,true],"medium":["https:\/\/ajupe.com.uy\/web\/wp-content\/uploads\/2016\/04\/p-1152-6132.jpg",300,214,true],"medium_large":["https:\/\/ajupe.com.uy\/web\/wp-content\/uploads\/2016\/04\/p-1152-6132.jpg",361,549,false],"large":["https:\/\/ajupe.com.uy\/web\/wp-content\/uploads\/2016\/04\/p-1152-6132.jpg",361,549,false],"1536x1536":["https:\/\/ajupe.com.uy\/web\/wp-content\/uploads\/2016\/04\/p-1152-6132.jpg",361,549,false],"2048x2048":["https:\/\/ajupe.com.uy\/web\/wp-content\/uploads\/2016\/04\/p-1152-6132.jpg",361,549,false],"woocommerce_archive_thumbnail":["https:\/\/ajupe.com.uy\/web\/wp-content\/uploads\/2016\/04\/p-1152-6132-300x450.jpg",300,450,true],"woocommerce_thumbnail":["https:\/\/ajupe.com.uy\/web\/wp-content\/uploads\/2016\/04\/p-1152-6132-300x300.jpg",300,300,true],"woocommerce_single":["https:\/\/ajupe.com.uy\/web\/wp-content\/uploads\/2016\/04\/p-1152-6132-300x456.jpg",300,456,true],"woocommerce_gallery_thumbnail":["https:\/\/ajupe.com.uy\/web\/wp-content\/uploads\/2016\/04\/p-1152-6132-100x100.jpg",100,100,true]},"post_excerpt_stackable_v2":"<p>El Juicio Final es una novela poderosa y electrizante, que se abre con un asesinato y nos introduce en la jungla del mundo legal y en un laberinto de conflictos familiares y amorosos. Caroline Masters atraviesa el mejor momento en su carrera en el derecho<\/p>\n","category_list_v2":"","author_info_v2":{"name":"","url":""},"comments_num_v2":"0 comentarios","_links":{"self":[{"href":"https:\/\/ajupe.com.uy\/web\/wp-json\/wp\/v2\/product\/1152","targetHints":{"allow":["GET"]}}],"collection":[{"href":"https:\/\/ajupe.com.uy\/web\/wp-json\/wp\/v2\/product"}],"about":[{"href":"https:\/\/ajupe.com.uy\/web\/wp-json\/wp\/v2\/types\/product"}],"wp:featuredmedia":[{"embeddable":true,"href":"https:\/\/ajupe.com.uy\/web\/wp-json\/wp\/v2\/media\/1153"}],"wp:attachment":[{"href":"https:\/\/ajupe.com.uy\/web\/wp-json\/wp\/v2\/media?parent=1152"}],"wp:term":[{"taxonomy":"product_brand","embeddable":true,"href":"https:\/\/ajupe.com.uy\/web\/wp-json\/wp\/v2\/product_brand?post=1152"},{"taxonomy":"product_cat","embeddable":true,"href":"https:\/\/ajupe.com.uy\/web\/wp-json\/wp\/v2\/product_cat?post=1152"},{"taxonomy":"product_tag","embeddable":true,"href":"https:\/\/ajupe.com.uy\/web\/wp-json\/wp\/v2\/product_tag?post=1152"}],"curies":[{"name":"wp","href":"https:\/\/api.w.org\/{rel}","templated":true}]}}