{"id":1162,"date":"2010-07-14T00:00:00","date_gmt":"2010-07-14T03:00:00","guid":{"rendered":"http:\/\/ajupe.com.uy\/web\/?post_type=product&#038;p=1162"},"modified":"2011-09-21T18:14:56","modified_gmt":"2011-09-21T21:14:56","slug":"la-gran-esperanza","status":"publish","type":"product","link":"https:\/\/ajupe.com.uy\/web\/biblioteca\/la-gran-esperanza\/","title":{"rendered":"La gran esperanza"},"content":{"rendered":"<p>Luego del arrasador \u00e9xito de ventas y cr\u00edtica con Mas all\u00e1 de la vida, donde describi\u00f3 su poderosa experiencia de muerte cl\u00ednica y reuni\u00f3 los testimonios de cardi\u00f3logos, neur\u00f3logos, fil\u00f3sofos y especialistas ante la pregunta \u201c\u00bfqu\u00e9 ocurre cuando morimos?\u201d, Victor Sueiro propone en su nuevo libro desdramatizar la muerte. Su idea, al responder a las preguntas \u201c\u00bfqu\u00e9 es la muerte, en realidad?, \u00bfqu\u00e9 ocurre con lo m\u00e1s importante de nosotros, a lo que yo llamo alma y ustedes pueden llamar como se les antoje?\u201d, es demostrar que la muerte f\u00edsica es un aut\u00e9ntico principio y no un final.<\/p>\n","protected":false},"excerpt":{"rendered":"<p>Luego del arrasador \u00e9xito de ventas y cr\u00edtica con Mas all\u00e1 de la vida, donde describi\u00f3 su poderosa experiencia de muerte cl\u00ednica y reuni\u00f3 los testimonios de cardi\u00f3logos, neur\u00f3logos, fil\u00f3sofos y especialistas ante la pregunta \u201c\u00bfqu\u00e9 ocurre cuando morimos?\u201d,<\/p>\n","protected":false},"featured_media":1163,"template":"","meta":[],"product_brand":[172],"product_cat":[32,35],"product_tag":[],"class_list":{"0":"post-1162","1":"product","2":"type-product","3":"status-publish","4":"has-post-thumbnail","6":"product_brand-victor-sueiro","7":"product_cat-autoayuda","8":"product_cat-filosofico","10":"first","11":"instock","12":"purchasable","13":"product-type-simple"},"featured_image_urls_v2":{"full":["https:\/\/ajupe.com.uy\/web\/wp-content\/uploads\/2016\/04\/p-1162-6137.jpg",362,544,false],"thumbnail":["https:\/\/ajupe.com.uy\/web\/wp-content\/uploads\/2016\/04\/p-1162-6137.jpg",150,150,true],"medium":["https:\/\/ajupe.com.uy\/web\/wp-content\/uploads\/2016\/04\/p-1162-6137.jpg",300,214,true],"medium_large":["https:\/\/ajupe.com.uy\/web\/wp-content\/uploads\/2016\/04\/p-1162-6137.jpg",362,544,false],"large":["https:\/\/ajupe.com.uy\/web\/wp-content\/uploads\/2016\/04\/p-1162-6137.jpg",362,544,false],"1536x1536":["https:\/\/ajupe.com.uy\/web\/wp-content\/uploads\/2016\/04\/p-1162-6137.jpg",362,544,false],"2048x2048":["https:\/\/ajupe.com.uy\/web\/wp-content\/uploads\/2016\/04\/p-1162-6137.jpg",362,544,false],"woocommerce_archive_thumbnail":["https:\/\/ajupe.com.uy\/web\/wp-content\/uploads\/2016\/04\/p-1162-6137-300x450.jpg",300,450,true],"woocommerce_thumbnail":["https:\/\/ajupe.com.uy\/web\/wp-content\/uploads\/2016\/04\/p-1162-6137-300x300.jpg",300,300,true],"woocommerce_single":["https:\/\/ajupe.com.uy\/web\/wp-content\/uploads\/2016\/04\/p-1162-6137-300x450.jpg",300,450,true],"woocommerce_gallery_thumbnail":["https:\/\/ajupe.com.uy\/web\/wp-content\/uploads\/2016\/04\/p-1162-6137-100x100.jpg",100,100,true]},"post_excerpt_stackable_v2":"<p>Luego del arrasador \u00e9xito de ventas y cr\u00edtica con Mas all\u00e1 de la vida, donde describi\u00f3 su poderosa experiencia de muerte cl\u00ednica y reuni\u00f3 los testimonios de cardi\u00f3logos, neur\u00f3logos, fil\u00f3sofos y especialistas ante la pregunta \u201c\u00bfqu\u00e9 ocurre cuando morimos?\u201d,<\/p>\n","category_list_v2":"","author_info_v2":{"name":"","url":""},"comments_num_v2":"0 comentarios","_links":{"self":[{"href":"https:\/\/ajupe.com.uy\/web\/wp-json\/wp\/v2\/product\/1162","targetHints":{"allow":["GET"]}}],"collection":[{"href":"https:\/\/ajupe.com.uy\/web\/wp-json\/wp\/v2\/product"}],"about":[{"href":"https:\/\/ajupe.com.uy\/web\/wp-json\/wp\/v2\/types\/product"}],"wp:featuredmedia":[{"embeddable":true,"href":"https:\/\/ajupe.com.uy\/web\/wp-json\/wp\/v2\/media\/1163"}],"wp:attachment":[{"href":"https:\/\/ajupe.com.uy\/web\/wp-json\/wp\/v2\/media?parent=1162"}],"wp:term":[{"taxonomy":"product_brand","embeddable":true,"href":"https:\/\/ajupe.com.uy\/web\/wp-json\/wp\/v2\/product_brand?post=1162"},{"taxonomy":"product_cat","embeddable":true,"href":"https:\/\/ajupe.com.uy\/web\/wp-json\/wp\/v2\/product_cat?post=1162"},{"taxonomy":"product_tag","embeddable":true,"href":"https:\/\/ajupe.com.uy\/web\/wp-json\/wp\/v2\/product_tag?post=1162"}],"curies":[{"name":"wp","href":"https:\/\/api.w.org\/{rel}","templated":true}]}}