{"id":1166,"date":"2010-07-14T00:00:00","date_gmt":"2010-07-14T03:00:00","guid":{"rendered":"http:\/\/ajupe.com.uy\/web\/?post_type=product&#038;p=1166"},"modified":"2011-09-26T19:47:57","modified_gmt":"2011-09-26T22:47:57","slug":"o-merta","status":"publish","type":"product","link":"https:\/\/ajupe.com.uy\/web\/biblioteca\/o-merta\/","title":{"rendered":"O Mert\u00e1"},"content":{"rendered":"<p>En un \u00faltimo gesto de sensatez, Don Raymonde Aprile decide retirarse a tiempo del crimen organizado tras una existencia dedicada a la conquista implacable de este mundo. Sus tres hijos han crecido ajenos a la vida oscura que \u00e9l ha llevado, hasta convertirse en miembros respetables de la sociedad. Deseoso de preservar la trayectoria intachable de sus descendientes y de seguir de cerca al grupo de bancos internacionales que posee, don Aprile ha decidido ceder el relevo al joven Astorre, a quien adapt\u00f3 a\u00f1os atr\u00e1s para formarlo y convertirlo en su mano derecha. La jubilaci\u00f3n de Don Aprile es vista con recelo por Kurt Cilke, un agente de FBI especializado en la lucha contra la Mafia.<\/p>\n","protected":false},"excerpt":{"rendered":"<p>En un \u00faltimo gesto de sensatez, Don Raymonde Aprile decide retirarse a tiempo del crimen organizado tras una existencia dedicada a la conquista implacable de este mundo. Sus tres hijos han crecido ajenos a la vida oscura que \u00e9l ha llevado, hasta convertir<\/p>\n","protected":false},"featured_media":1167,"template":"","meta":[],"product_brand":[88],"product_cat":[30],"product_tag":[],"class_list":{"0":"post-1166","1":"product","2":"type-product","3":"status-publish","4":"has-post-thumbnail","6":"product_brand-mario-puzo","7":"product_cat-suspenso","9":"first","10":"instock","11":"purchasable","12":"product-type-simple"},"featured_image_urls_v2":{"full":["https:\/\/ajupe.com.uy\/web\/wp-content\/uploads\/2016\/04\/p-1166-6139.jpg",360,578,false],"thumbnail":["https:\/\/ajupe.com.uy\/web\/wp-content\/uploads\/2016\/04\/p-1166-6139.jpg",150,150,true],"medium":["https:\/\/ajupe.com.uy\/web\/wp-content\/uploads\/2016\/04\/p-1166-6139.jpg",300,214,true],"medium_large":["https:\/\/ajupe.com.uy\/web\/wp-content\/uploads\/2016\/04\/p-1166-6139.jpg",360,578,false],"large":["https:\/\/ajupe.com.uy\/web\/wp-content\/uploads\/2016\/04\/p-1166-6139.jpg",360,578,false],"1536x1536":["https:\/\/ajupe.com.uy\/web\/wp-content\/uploads\/2016\/04\/p-1166-6139.jpg",360,578,false],"2048x2048":["https:\/\/ajupe.com.uy\/web\/wp-content\/uploads\/2016\/04\/p-1166-6139.jpg",360,578,false],"woocommerce_archive_thumbnail":["https:\/\/ajupe.com.uy\/web\/wp-content\/uploads\/2016\/04\/p-1166-6139-300x450.jpg",300,450,true],"woocommerce_thumbnail":["https:\/\/ajupe.com.uy\/web\/wp-content\/uploads\/2016\/04\/p-1166-6139-300x300.jpg",300,300,true],"woocommerce_single":["https:\/\/ajupe.com.uy\/web\/wp-content\/uploads\/2016\/04\/p-1166-6139-300x482.jpg",300,482,true],"woocommerce_gallery_thumbnail":["https:\/\/ajupe.com.uy\/web\/wp-content\/uploads\/2016\/04\/p-1166-6139-100x100.jpg",100,100,true]},"post_excerpt_stackable_v2":"<p>En un \u00faltimo gesto de sensatez, Don Raymonde Aprile decide retirarse a tiempo del crimen organizado tras una existencia dedicada a la conquista implacable de este mundo. Sus tres hijos han crecido ajenos a la vida oscura que \u00e9l ha llevado, hasta convertir<\/p>\n","category_list_v2":"","author_info_v2":{"name":"","url":""},"comments_num_v2":"0 comentarios","_links":{"self":[{"href":"https:\/\/ajupe.com.uy\/web\/wp-json\/wp\/v2\/product\/1166","targetHints":{"allow":["GET"]}}],"collection":[{"href":"https:\/\/ajupe.com.uy\/web\/wp-json\/wp\/v2\/product"}],"about":[{"href":"https:\/\/ajupe.com.uy\/web\/wp-json\/wp\/v2\/types\/product"}],"wp:featuredmedia":[{"embeddable":true,"href":"https:\/\/ajupe.com.uy\/web\/wp-json\/wp\/v2\/media\/1167"}],"wp:attachment":[{"href":"https:\/\/ajupe.com.uy\/web\/wp-json\/wp\/v2\/media?parent=1166"}],"wp:term":[{"taxonomy":"product_brand","embeddable":true,"href":"https:\/\/ajupe.com.uy\/web\/wp-json\/wp\/v2\/product_brand?post=1166"},{"taxonomy":"product_cat","embeddable":true,"href":"https:\/\/ajupe.com.uy\/web\/wp-json\/wp\/v2\/product_cat?post=1166"},{"taxonomy":"product_tag","embeddable":true,"href":"https:\/\/ajupe.com.uy\/web\/wp-json\/wp\/v2\/product_tag?post=1166"}],"curies":[{"name":"wp","href":"https:\/\/api.w.org\/{rel}","templated":true}]}}