{"id":1174,"date":"2010-07-14T00:00:00","date_gmt":"2010-07-14T03:00:00","guid":{"rendered":"http:\/\/ajupe.com.uy\/web\/?post_type=product&#038;p=1174"},"modified":"2010-07-14T00:00:00","modified_gmt":"2010-07-14T03:00:00","slug":"bendita-equivocacion","status":"publish","type":"product","link":"https:\/\/ajupe.com.uy\/web\/biblioteca\/bendita-equivocacion\/","title":{"rendered":"Bendita equivocaci\u00f3n"},"content":{"rendered":"<p>Dexie Manson ha vivido siempre en Albany con sus t\u00edos, que la adoptaron al morir sus padres. Ahora, terminados los estudios, quiere ganarse la vida por s\u00ed misma y decide trasladarse a Boston, al apartamento de su vieja amiga Melina. \u00c9sta, rubia y despampanante, trabaja como modelo y desde hace un tiempo sale con Carl. Un d\u00eda, por pura casualidad, Dexie se encuentra con Carl a solas en el apartamento. \u00c9l queda deslumbrado y, pese a la belleza de Melina, no vacila en abandonarla y empezar a acosar a Dexie&#8230;<\/p>\n","protected":false},"excerpt":{"rendered":"<p>Dexie Manson ha vivido siempre en Albany con sus t\u00edos, que la adoptaron al morir sus padres. Ahora, terminados los estudios, quiere ganarse la vida por s\u00ed misma y decide trasladarse a Boston, al apartamento de su vieja amiga Melina. \u00c9sta, rubia y despampa<\/p>\n","protected":false},"featured_media":1175,"template":"","meta":[],"product_brand":[324],"product_cat":[29],"product_tag":[],"class_list":{"0":"post-1174","1":"product","2":"type-product","3":"status-publish","4":"has-post-thumbnail","6":"product_brand-corin-tellado","7":"product_cat-novela","9":"first","10":"instock","11":"purchasable","12":"product-type-simple"},"featured_image_urls_v2":{"full":["https:\/\/ajupe.com.uy\/web\/wp-content\/uploads\/2016\/04\/p-1174-6143.jpg",359,527,false],"thumbnail":["https:\/\/ajupe.com.uy\/web\/wp-content\/uploads\/2016\/04\/p-1174-6143.jpg",150,150,true],"medium":["https:\/\/ajupe.com.uy\/web\/wp-content\/uploads\/2016\/04\/p-1174-6143.jpg",300,214,true],"medium_large":["https:\/\/ajupe.com.uy\/web\/wp-content\/uploads\/2016\/04\/p-1174-6143.jpg",359,527,false],"large":["https:\/\/ajupe.com.uy\/web\/wp-content\/uploads\/2016\/04\/p-1174-6143.jpg",359,527,false],"1536x1536":["https:\/\/ajupe.com.uy\/web\/wp-content\/uploads\/2016\/04\/p-1174-6143.jpg",359,527,false],"2048x2048":["https:\/\/ajupe.com.uy\/web\/wp-content\/uploads\/2016\/04\/p-1174-6143.jpg",359,527,false],"woocommerce_archive_thumbnail":["https:\/\/ajupe.com.uy\/web\/wp-content\/uploads\/2016\/04\/p-1174-6143-300x450.jpg",300,450,true],"woocommerce_thumbnail":["https:\/\/ajupe.com.uy\/web\/wp-content\/uploads\/2016\/04\/p-1174-6143-300x300.jpg",300,300,true],"woocommerce_single":["https:\/\/ajupe.com.uy\/web\/wp-content\/uploads\/2016\/04\/p-1174-6143-300x440.jpg",300,440,true],"woocommerce_gallery_thumbnail":["https:\/\/ajupe.com.uy\/web\/wp-content\/uploads\/2016\/04\/p-1174-6143-100x100.jpg",100,100,true]},"post_excerpt_stackable_v2":"<p>Dexie Manson ha vivido siempre en Albany con sus t\u00edos, que la adoptaron al morir sus padres. Ahora, terminados los estudios, quiere ganarse la vida por s\u00ed misma y decide trasladarse a Boston, al apartamento de su vieja amiga Melina. \u00c9sta, rubia y despampa<\/p>\n","category_list_v2":"","author_info_v2":{"name":"","url":""},"comments_num_v2":"0 comentarios","_links":{"self":[{"href":"https:\/\/ajupe.com.uy\/web\/wp-json\/wp\/v2\/product\/1174","targetHints":{"allow":["GET"]}}],"collection":[{"href":"https:\/\/ajupe.com.uy\/web\/wp-json\/wp\/v2\/product"}],"about":[{"href":"https:\/\/ajupe.com.uy\/web\/wp-json\/wp\/v2\/types\/product"}],"wp:featuredmedia":[{"embeddable":true,"href":"https:\/\/ajupe.com.uy\/web\/wp-json\/wp\/v2\/media\/1175"}],"wp:attachment":[{"href":"https:\/\/ajupe.com.uy\/web\/wp-json\/wp\/v2\/media?parent=1174"}],"wp:term":[{"taxonomy":"product_brand","embeddable":true,"href":"https:\/\/ajupe.com.uy\/web\/wp-json\/wp\/v2\/product_brand?post=1174"},{"taxonomy":"product_cat","embeddable":true,"href":"https:\/\/ajupe.com.uy\/web\/wp-json\/wp\/v2\/product_cat?post=1174"},{"taxonomy":"product_tag","embeddable":true,"href":"https:\/\/ajupe.com.uy\/web\/wp-json\/wp\/v2\/product_tag?post=1174"}],"curies":[{"name":"wp","href":"https:\/\/api.w.org\/{rel}","templated":true}]}}